{"id":46818,"date":"2024-07-30T19:41:53","date_gmt":"2024-09-12T12:04:42","guid":{"rendered":"https:\/\/staging.nbg.eu\/product\/iosso-pistol-brush\/"},"modified":"2024-09-12T12:06:05","modified_gmt":"2024-09-12T12:06:05","slug":"szczotka-do-pistoletu-iosso","status":"publish","type":"product","link":"https:\/\/staging.nbg.eu\/pl\/produkt\/szczotka-do-pistoletu-iosso\/","title":{"rendered":"Szczotka do Pistoletu Iosso"},"content":{"rendered":"<p>\n<strong>Szczotka do pistoletu Iosso<\/strong> to narz\u0119dzie do czyszczenia lufy:<\/p>\n<ul>\n<li>Niebieskie w\u0142\u00f3kna dla \u0142atwej identyfikacji<\/li>\n<li>Grubsze, sztywniejsze w\u0142osie umo\u017cliwia ruch tam i z powrotem<\/li>\n<li>8-10 razy trwalsza ni\u017c tradycyjne szczotki<\/li>\n<li>\u015aci\u015ble skr\u0119cona z wi\u0119ksz\u0105 ilo\u015bci\u0105 w\u0142\u00f3kien na cal<\/li>\n<li>Przeznaczona do u\u017cytku z \u015brodkiem do czyszczenia luf Iosso i roztworem potr\u00f3jnego dzia\u0142ania<\/li>\n<li>Usuwa wszystkie rodzaje zanieczyszcze\u0144<\/li>\n<li>Skraca czas czyszczenia lufy<\/li>\n<\/ul>\n<p>Dost\u0119pna w r\u00f3\u017cnych rozmiarach dla r\u00f3\u017cnych rodzaj\u00f3w broni. Niebieskie szczotki s\u0105 znakiem towarowym Iosso Products.<\/p>\n","protected":false},"excerpt":{"rendered":"<p>Wytrzyma\u0142a pistoletowa szczotka w kolorze kobaltowym do efektywnego i dok\u0142adnego czyszczenia lufy.<\/p>\n","protected":false},"featured_media":107498,"template":"","meta":{"_acf_changed":false},"product_brand":[11477],"product_cat":[12604,12631],"product_tag":[],"class_list":{"0":"post-46818","1":"product","2":"type-product","3":"status-publish","4":"has-post-thumbnail","6":"product_brand-iosso","7":"product_cat-czyszczenie-broni","8":"product_cat-szczotki","10":"first","11":"instock","12":"taxable","13":"shipping-taxable","14":"purchasable","15":"product-type-variable","16":"wvs-archive-product-wrapper"},"acf":[],"_links":{"self":[{"href":"https:\/\/staging.nbg.eu\/pl\/wp-json\/wp\/v2\/product\/46818","targetHints":{"allow":["GET"]}}],"collection":[{"href":"https:\/\/staging.nbg.eu\/pl\/wp-json\/wp\/v2\/product"}],"about":[{"href":"https:\/\/staging.nbg.eu\/pl\/wp-json\/wp\/v2\/types\/product"}],"wp:featuredmedia":[{"embeddable":true,"href":"https:\/\/staging.nbg.eu\/pl\/wp-json\/wp\/v2\/media\/107498"}],"wp:attachment":[{"href":"https:\/\/staging.nbg.eu\/pl\/wp-json\/wp\/v2\/media?parent=46818"}],"wp:term":[{"taxonomy":"product_brand","embeddable":true,"href":"https:\/\/staging.nbg.eu\/pl\/wp-json\/wp\/v2\/product_brand?post=46818"},{"taxonomy":"product_cat","embeddable":true,"href":"https:\/\/staging.nbg.eu\/pl\/wp-json\/wp\/v2\/product_cat?post=46818"},{"taxonomy":"product_tag","embeddable":true,"href":"https:\/\/staging.nbg.eu\/pl\/wp-json\/wp\/v2\/product_tag?post=46818"}],"curies":[{"name":"wp","href":"https:\/\/api.w.org\/{rel}","templated":true}]}}