{"id":46660,"date":"2024-07-30T19:46:24","date_gmt":"2024-09-11T16:04:33","guid":{"rendered":"https:\/\/staging.nbg.eu\/product\/iosso-rifle-brush\/"},"modified":"2024-09-11T16:06:26","modified_gmt":"2024-09-11T16:06:26","slug":"szczotka-do-karabinu-iosso","status":"publish","type":"product","link":"https:\/\/staging.nbg.eu\/pl\/produkt\/szczotka-do-karabinu-iosso\/","title":{"rendered":"Szczotka do Karabinu Iosso"},"content":{"rendered":"<p>\nNiebieska szczotka do karabinu firmy Iosso Products. Cechy:<\/p>\n<ul>\n<li>Grubsze, sztywniejsze w\u0142\u00f3kna do czyszczenia tam i z powrotem<\/li>\n<li>\u015aci\u015ble spleciona z wi\u0119ksz\u0105 ilo\u015bci\u0105 w\u0142\u00f3kien na cal<\/li>\n<li>Wielokrotnego u\u017cytku<\/li>\n<li>Odpowiednia do u\u017cycia z \u015brodkiem czyszcz\u0105cym Iosso Bore Cleaner<\/li>\n<li>Usuwa wszystkie rodzaje zanieczyszcze\u0144<\/li>\n<li>Znacznie skraca czas czyszczenia<\/li>\n<\/ul>\n<p>Efektywne czyszczenie lufy.<\/p>\n","protected":false},"excerpt":{"rendered":"<p>Wytrzyma\u0142a szczotka do lufy karabinu w kobaltowoniebieski kolorze, zapewniaj\u0105ca efektywne i d\u0142ugotrwa\u0142e czyszczenie.<\/p>\n","protected":false},"featured_media":107429,"template":"","meta":{"_acf_changed":false},"product_brand":[11477],"product_cat":[12604,12631],"product_tag":[],"class_list":{"0":"post-46660","1":"product","2":"type-product","3":"status-publish","4":"has-post-thumbnail","6":"product_brand-iosso","7":"product_cat-czyszczenie-broni","8":"product_cat-szczotki","10":"first","11":"instock","12":"taxable","13":"shipping-taxable","14":"purchasable","15":"product-type-variable","16":"wvs-archive-product-wrapper"},"acf":[],"_links":{"self":[{"href":"https:\/\/staging.nbg.eu\/pl\/wp-json\/wp\/v2\/product\/46660","targetHints":{"allow":["GET"]}}],"collection":[{"href":"https:\/\/staging.nbg.eu\/pl\/wp-json\/wp\/v2\/product"}],"about":[{"href":"https:\/\/staging.nbg.eu\/pl\/wp-json\/wp\/v2\/types\/product"}],"wp:featuredmedia":[{"embeddable":true,"href":"https:\/\/staging.nbg.eu\/pl\/wp-json\/wp\/v2\/media\/107429"}],"wp:attachment":[{"href":"https:\/\/staging.nbg.eu\/pl\/wp-json\/wp\/v2\/media?parent=46660"}],"wp:term":[{"taxonomy":"product_brand","embeddable":true,"href":"https:\/\/staging.nbg.eu\/pl\/wp-json\/wp\/v2\/product_brand?post=46660"},{"taxonomy":"product_cat","embeddable":true,"href":"https:\/\/staging.nbg.eu\/pl\/wp-json\/wp\/v2\/product_cat?post=46660"},{"taxonomy":"product_tag","embeddable":true,"href":"https:\/\/staging.nbg.eu\/pl\/wp-json\/wp\/v2\/product_tag?post=46660"}],"curies":[{"name":"wp","href":"https:\/\/api.w.org\/{rel}","templated":true}]}}