{"id":46324,"date":"2024-07-31T20:30:37","date_gmt":"2024-09-11T15:46:00","guid":{"rendered":"https:\/\/staging.nbg.eu\/product\/fox-ammunition-65-creed-123-gr\/"},"modified":"2024-09-11T15:46:51","modified_gmt":"2024-09-11T15:46:51","slug":"amunicja-fox-65-creed-123-gr","status":"publish","type":"product","link":"https:\/\/staging.nbg.eu\/pl\/produkt\/amunicja-fox-65-creed-123-gr\/","title":{"rendered":"Amunicja Fox 6,5 Creed. &#8211; 123 gr"},"content":{"rendered":"<h2>Fox Ammunition 6.5 Creed &#8211; 123 gr<\/h2>\n<p>Amunicja Fox Ammunition 6.5 Creed 123 gr zawiera pocisk Fox Classic hunter. Te bezo\u0142owiowe pociski s\u0105 wykonane ze stopu miedzi i cynku, zapewniaj\u0105c wydajno\u015b\u0107 w r\u00f3\u017cnych sytuacjach \u0142owieckich.<\/p>\n<ul>\n<li>Bezo\u0142owiowa kompozycja<\/li>\n<li>Rowkowana konstrukcja zmniejszaj\u0105ca ci\u015bnienie w lufie i zwi\u0119kszaj\u0105ca pr\u0119dko\u015b\u0107<\/li>\n<li>Termostabilna plastikowa ko\u0144c\u00f3wka poprawiaj\u0105ca balistyk\u0119 i efekt ko\u0144cowy<\/li>\n<li>Kontrolowana ekspansja dla optymalnego transferu energii<\/li>\n<li>Skuteczno\u015b\u0107 od bliskiego do dalekiego zasi\u0119gu<\/li>\n<li>Si\u0142a zatrzymuj\u0105ca przy minimalnym uszkodzeniu mi\u0119sa<\/li>\n<\/ul>\n<p>Fox Ammunition oferuje celno\u015b\u0107, niezawodno\u015b\u0107 i etyczne praktyki \u0142owieckie.<\/p>\n","protected":false},"excerpt":{"rendered":"<p>Bezo\u0142owiowa, precyzyjna amunicja 6,5 Creedmoor<\/p>\n","protected":false},"featured_media":46325,"template":"","meta":{"_acf_changed":false},"product_brand":[],"product_cat":[12598,12635],"product_tag":[],"class_list":{"0":"post-46324","1":"product","2":"type-product","3":"status-publish","4":"has-post-thumbnail","6":"product_cat-amunicja","7":"product_cat-amunicja-karabinowa","9":"first","10":"instock","11":"taxable","12":"shipping-taxable","13":"purchasable","14":"product-type-simple"},"acf":[],"_links":{"self":[{"href":"https:\/\/staging.nbg.eu\/pl\/wp-json\/wp\/v2\/product\/46324","targetHints":{"allow":["GET"]}}],"collection":[{"href":"https:\/\/staging.nbg.eu\/pl\/wp-json\/wp\/v2\/product"}],"about":[{"href":"https:\/\/staging.nbg.eu\/pl\/wp-json\/wp\/v2\/types\/product"}],"wp:featuredmedia":[{"embeddable":true,"href":"https:\/\/staging.nbg.eu\/pl\/wp-json\/wp\/v2\/media\/46325"}],"wp:attachment":[{"href":"https:\/\/staging.nbg.eu\/pl\/wp-json\/wp\/v2\/media?parent=46324"}],"wp:term":[{"taxonomy":"product_brand","embeddable":true,"href":"https:\/\/staging.nbg.eu\/pl\/wp-json\/wp\/v2\/product_brand?post=46324"},{"taxonomy":"product_cat","embeddable":true,"href":"https:\/\/staging.nbg.eu\/pl\/wp-json\/wp\/v2\/product_cat?post=46324"},{"taxonomy":"product_tag","embeddable":true,"href":"https:\/\/staging.nbg.eu\/pl\/wp-json\/wp\/v2\/product_tag?post=46324"}],"curies":[{"name":"wp","href":"https:\/\/api.w.org\/{rel}","templated":true}]}}