{"id":46106,"date":"2024-08-03T09:01:48","date_gmt":"2024-09-11T09:29:44","guid":{"rendered":"https:\/\/staging.nbg.eu\/product\/rh-sharky-iwb-holster\/"},"modified":"2024-09-11T09:30:50","modified_gmt":"2024-09-11T09:30:50","slug":"kabura-rh-sharky-iwb","status":"publish","type":"product","link":"https:\/\/staging.nbg.eu\/pl\/produkt\/kabura-rh-sharky-iwb\/","title":{"rendered":"Kabura RH Sharky IWB"},"content":{"rendered":"<p>Kabura RH Sharky IWB oferuje wygodne przenoszenie broni. Cechy obejmuj\u0105:<\/p>\n<ul>\n<li>Konstrukcja formowana pr\u00f3\u017cniowo<\/li>\n<li>Podw\u00f3jny klips dla pewnego chwytu<\/li>\n<li>Regulacja nachylenia i wysoko\u015bci<\/li>\n<li>Mie\u015bci celowniki kolimatorowe i przed\u0142u\u017cone lufy<\/li>\n<li>Zintegrowany &#8222;pazur&#8221; dla lepszego ukrycia<\/li>\n<li>Regulacja chwytu dla indywidualnego dopasowania<\/li>\n<\/ul>\n<p>Ta kabura wewn\u0119trzna zapewnia wygod\u0119 i wszechstronno\u015b\u0107.<\/p>\n","protected":false},"excerpt":{"rendered":"<p>Bezpieczna, regulowana kabura wewn\u0119trzna IWB do skrytego noszenia broni z czerwon\u0105 kropk\u0105.<\/p>\n","protected":false},"featured_media":46109,"template":"","meta":{"_acf_changed":false},"product_brand":[11641],"product_cat":[12577,12564],"product_tag":[],"class_list":{"0":"post-46106","1":"product","2":"type-product","3":"status-publish","4":"has-post-thumbnail","6":"product_brand-rh-holsters","7":"product_cat-kabura","8":"product_cat-kabura-taktyczna","9":"pa_clips-monoblock-pl","10":"pa_light-surefire-x300-ultra-a-pl","11":"pa_light-without-light-pl","12":"pa_model-glock-17-pl","13":"pa_model-glock-43x-pl","14":"pa_strong-hand-left-pl","15":"pa_strong-hand-right-pl","17":"first","18":"instock","19":"taxable","20":"shipping-taxable","21":"purchasable","22":"product-type-variable","23":"wvs-archive-product-wrapper"},"acf":[],"_links":{"self":[{"href":"https:\/\/staging.nbg.eu\/pl\/wp-json\/wp\/v2\/product\/46106","targetHints":{"allow":["GET"]}}],"collection":[{"href":"https:\/\/staging.nbg.eu\/pl\/wp-json\/wp\/v2\/product"}],"about":[{"href":"https:\/\/staging.nbg.eu\/pl\/wp-json\/wp\/v2\/types\/product"}],"wp:featuredmedia":[{"embeddable":true,"href":"https:\/\/staging.nbg.eu\/pl\/wp-json\/wp\/v2\/media\/46109"}],"wp:attachment":[{"href":"https:\/\/staging.nbg.eu\/pl\/wp-json\/wp\/v2\/media?parent=46106"}],"wp:term":[{"taxonomy":"product_brand","embeddable":true,"href":"https:\/\/staging.nbg.eu\/pl\/wp-json\/wp\/v2\/product_brand?post=46106"},{"taxonomy":"product_cat","embeddable":true,"href":"https:\/\/staging.nbg.eu\/pl\/wp-json\/wp\/v2\/product_cat?post=46106"},{"taxonomy":"product_tag","embeddable":true,"href":"https:\/\/staging.nbg.eu\/pl\/wp-json\/wp\/v2\/product_tag?post=46106"}],"curies":[{"name":"wp","href":"https:\/\/api.w.org\/{rel}","templated":true}]}}