{"id":45827,"date":"2024-08-03T14:31:50","date_gmt":"2024-09-10T15:01:17","guid":{"rendered":"https:\/\/staging.nbg.eu\/product\/rh-frogy-owb-holster\/"},"modified":"2024-09-10T15:02:23","modified_gmt":"2024-09-10T15:02:23","slug":"kabura-rh-frogy-owb","status":"publish","type":"product","link":"https:\/\/staging.nbg.eu\/pl\/produkt\/kabura-rh-frogy-owb\/","title":{"rendered":"Kabura RH Frogy OWB"},"content":{"rendered":"<div class=\"product-description\">\n<h2>Kabura RH Frogy OWB<\/h2>\n<p>Do\u015bwiadcz najwy\u017cszej jako\u015bci ukrytego noszenia broni z kabur\u0105 RH Frogy OWB. Zaprojektowana do noszenia na zewn\u0105trz pasa, ta kabura charakteryzuje si\u0119:<\/p>\n<ul>\n<li>Unikaln\u0105 konstrukcj\u0105 ze zintegrowan\u0105 funkcj\u0105 nacisku dla lepszego ukrycia broni<\/li>\n<li>Wygodnym noszeniem dzi\u0119ki wype\u0142niaj\u0105cej przestrze\u0144 konstrukcji pod paskiem dla stabilnego umiejscowienia<\/li>\n<li>Pr\u00f3\u017cniowo prasowanym Kydexem o grubo\u015bci 2,5 mm z \u017cebrowaniem dla zwi\u0119kszonej trwa\u0142o\u015bci i sztywno\u015bci<\/li>\n<li>R\u0119cznie polerowanymi kraw\u0119dziami dla maksymalnego komfortu<\/li>\n<li>K\u0105towym pozycjonowaniem broni dla lepszego ukrycia i wyci\u0105gni\u0119cia<\/li>\n<li>Regulowanym chwytem i nachyleniem<\/li>\n<li>Kompatybilno\u015bci\u0105 z czerwonymi kropkami i przed\u0142u\u017conymi lufami\/gwintami<\/li>\n<\/ul>\n<p>Precyzyjnie formowana i wykonana z jednego kawa\u0142ka Kydexu, ta kabura oferuje optymalne ukrycie i komfort. Jej otwarta konstrukcja umo\u017cliwia \u0142atwe czyszczenie i dostosowanie do r\u00f3\u017cnych modyfikacji broni.<\/p>\n<\/div>\n","protected":false},"excerpt":{"rendered":"<p>Kabura RH Frogy OWB: Ukryta, wygodna, regulowana kabura kydexowa do noszenia na zewn\u0105trz.<\/p>\n","protected":false},"featured_media":45831,"template":"","meta":{"_acf_changed":false},"product_brand":[11641],"product_cat":[12577,12615,12564],"product_tag":[],"class_list":{"0":"post-45827","1":"product","2":"type-product","3":"status-publish","4":"has-post-thumbnail","6":"product_brand-rh-holsters","7":"product_cat-kabura","8":"product_cat-kabura-sportowa","9":"product_cat-kabura-taktyczna","10":"pa_belt-size-40mm-pl","11":"pa_model-glock-17-pl","12":"pa_model-glock-19-23-32-pl","13":"pa_strong-hand-right-pl","15":"first","16":"instock","17":"taxable","18":"shipping-taxable","19":"purchasable","20":"product-type-variable","21":"wvs-archive-product-wrapper"},"acf":[],"_links":{"self":[{"href":"https:\/\/staging.nbg.eu\/pl\/wp-json\/wp\/v2\/product\/45827","targetHints":{"allow":["GET"]}}],"collection":[{"href":"https:\/\/staging.nbg.eu\/pl\/wp-json\/wp\/v2\/product"}],"about":[{"href":"https:\/\/staging.nbg.eu\/pl\/wp-json\/wp\/v2\/types\/product"}],"wp:featuredmedia":[{"embeddable":true,"href":"https:\/\/staging.nbg.eu\/pl\/wp-json\/wp\/v2\/media\/45831"}],"wp:attachment":[{"href":"https:\/\/staging.nbg.eu\/pl\/wp-json\/wp\/v2\/media?parent=45827"}],"wp:term":[{"taxonomy":"product_brand","embeddable":true,"href":"https:\/\/staging.nbg.eu\/pl\/wp-json\/wp\/v2\/product_brand?post=45827"},{"taxonomy":"product_cat","embeddable":true,"href":"https:\/\/staging.nbg.eu\/pl\/wp-json\/wp\/v2\/product_cat?post=45827"},{"taxonomy":"product_tag","embeddable":true,"href":"https:\/\/staging.nbg.eu\/pl\/wp-json\/wp\/v2\/product_tag?post=45827"}],"curies":[{"name":"wp","href":"https:\/\/api.w.org\/{rel}","templated":true}]}}