{"id":45652,"date":"2024-08-04T20:46:31","date_gmt":"2024-09-10T14:52:23","guid":{"rendered":"https:\/\/staging.nbg.eu\/product\/rh-ar15-m4-owb-mag-holder\/"},"modified":"2024-09-10T14:53:29","modified_gmt":"2024-09-10T14:53:29","slug":"rh-zewnetrzny-uchwyt-na-magazynek-ar15m4","status":"publish","type":"product","link":"https:\/\/staging.nbg.eu\/pl\/produkt\/rh-zewnetrzny-uchwyt-na-magazynek-ar15m4\/","title":{"rendered":"RH zewn\u0119trzny uchwyt na magazynek AR15\/M4"},"content":{"rendered":"<p>Uchwyt na magazynek RH AR15\/M4 OWB jest idealny do u\u017cytku w zawodach IPSC i s\u0142u\u017cbie. Cechy obejmuj\u0105:<\/p>\n<ul>\n<li>Regulowany chwyt dla optymalnego oporu<\/li>\n<li>\u0141atwa dost\u0119pno\u015b\u0107<\/li>\n<li>Kompatybilny z pasami sportowymi i taktycznymi<\/li>\n<li>Precyzyjnie formowany dla idealnego dopasowania<\/li>\n<li>Ostre wci\u0119cia z g\u0142adkimi kraw\u0119dziami<\/li>\n<\/ul>\n<p>Idealny do magazynk\u00f3w PCC, ten uchwyt oferuje doskona\u0142\u0105 wydajno\u015b\u0107 i komfort.<\/p>\n","protected":false},"excerpt":{"rendered":"<p>Regulowany uchwyt na magazynki IPSC\/s\u0142u\u017cbowy zapewniaj\u0105cy \u0142atwy dost\u0119p na paskach taktycznych<\/p>\n","protected":false},"featured_media":45654,"template":"","meta":{"_acf_changed":false},"product_brand":[11641],"product_cat":[12577,12566],"product_tag":[],"class_list":{"0":"post-45652","1":"product","2":"type-product","3":"status-publish","4":"has-post-thumbnail","6":"product_brand-rh-holsters","7":"product_cat-kabura","8":"product_cat-ladownice-na-magazynki","9":"pa_model-ar-15-pl","10":"pa_strong-hand-right-pl","12":"first","13":"instock","14":"taxable","15":"shipping-taxable","16":"purchasable","17":"product-type-variable","18":"wvs-archive-product-wrapper"},"acf":[],"_links":{"self":[{"href":"https:\/\/staging.nbg.eu\/pl\/wp-json\/wp\/v2\/product\/45652","targetHints":{"allow":["GET"]}}],"collection":[{"href":"https:\/\/staging.nbg.eu\/pl\/wp-json\/wp\/v2\/product"}],"about":[{"href":"https:\/\/staging.nbg.eu\/pl\/wp-json\/wp\/v2\/types\/product"}],"wp:featuredmedia":[{"embeddable":true,"href":"https:\/\/staging.nbg.eu\/pl\/wp-json\/wp\/v2\/media\/45654"}],"wp:attachment":[{"href":"https:\/\/staging.nbg.eu\/pl\/wp-json\/wp\/v2\/media?parent=45652"}],"wp:term":[{"taxonomy":"product_brand","embeddable":true,"href":"https:\/\/staging.nbg.eu\/pl\/wp-json\/wp\/v2\/product_brand?post=45652"},{"taxonomy":"product_cat","embeddable":true,"href":"https:\/\/staging.nbg.eu\/pl\/wp-json\/wp\/v2\/product_cat?post=45652"},{"taxonomy":"product_tag","embeddable":true,"href":"https:\/\/staging.nbg.eu\/pl\/wp-json\/wp\/v2\/product_tag?post=45652"}],"curies":[{"name":"wp","href":"https:\/\/api.w.org\/{rel}","templated":true}]}}