{"id":45479,"date":"2024-08-16T17:57:18","date_gmt":"2024-09-10T14:26:21","guid":{"rendered":"https:\/\/staging.nbg.eu\/product\/clips-ulticlip-3\/"},"modified":"2024-09-10T14:27:10","modified_gmt":"2024-09-10T14:27:10","slug":"klipsy-ulticlip-3","status":"publish","type":"product","link":"https:\/\/staging.nbg.eu\/pl\/produkt\/klipsy-ulticlip-3\/","title":{"rendered":"Klipsy Ulticlip 3+"},"content":{"rendered":"<div class=\"product-description\">\n<h2>Clips Ulticlip 3+: Najwy\u017cszy poziom ukrycia i stabilno\u015bci<\/h2>\n<p>Do\u015bwiadcz niezr\u00f3wnanego ukrycia i stabilno\u015bci z Ulticlip3+. Ten w 100% ameryka\u0144ski klips oferuje:<\/p>\n<ul>\n<li>Doskona\u0142\u0105 opcj\u0119 noszenia bez paska<\/li>\n<li>Wyko\u0144czenie czarnym tlenkiem o jako\u015bci wojskowej<\/li>\n<li>Obrobion\u0105 cieplnie stal spr\u0119\u017cynow\u0105 C-1075 (RC 42-49)<\/li>\n<li>Pokrycie woskiem\/olejem dla p\u0142ynnego dzia\u0142ania i ochrony przed rdz\u0105<\/li>\n<li>Ponad 10-krotnie wi\u0119ksz\u0105 stabilno\u015b\u0107 w por\u00f3wnaniu do standardowych klips\u00f3w kabury<\/li>\n<\/ul>\n<p>Ulticlip3+ posiada p\u0142aski obszar monta\u017cowy z 2 szczelinami i 1 otworem, umo\u017cliwiaj\u0105cy wszechstronne opcje mocowania z rozstawem otwor\u00f3w do 1,70&#8243;. Przy wymiarach zaledwie 3,5&#8243; x 7\/8&#8243; i wadze tylko 0,78 uncji, oferuje minimalny profil przy maksymalnym ukryciu.<\/p>\n<p>Ulepsz sw\u00f3j system przenoszenia broni z Ulticlip3+ ju\u017c dzi\u015b!<\/p>\n<\/div>\n","protected":false},"excerpt":{"rendered":"<p>Bezpieczny, smuk\u0142y klips do noszenia bez paska. Wiele opcji monta\u017cu.<\/p>\n","protected":false},"featured_media":22725,"template":"","meta":{"_acf_changed":false},"product_brand":[],"product_cat":[12610,12590],"product_tag":[],"class_list":{"0":"post-45479","1":"product","2":"type-product","3":"status-publish","4":"has-post-thumbnail","6":"product_cat-akcesoria-do-kabur","7":"product_cat-sprzet","9":"first","10":"instock","11":"taxable","12":"shipping-taxable","13":"purchasable","14":"product-type-simple"},"acf":[],"_links":{"self":[{"href":"https:\/\/staging.nbg.eu\/pl\/wp-json\/wp\/v2\/product\/45479","targetHints":{"allow":["GET"]}}],"collection":[{"href":"https:\/\/staging.nbg.eu\/pl\/wp-json\/wp\/v2\/product"}],"about":[{"href":"https:\/\/staging.nbg.eu\/pl\/wp-json\/wp\/v2\/types\/product"}],"wp:featuredmedia":[{"embeddable":true,"href":"https:\/\/staging.nbg.eu\/pl\/wp-json\/wp\/v2\/media\/22725"}],"wp:attachment":[{"href":"https:\/\/staging.nbg.eu\/pl\/wp-json\/wp\/v2\/media?parent=45479"}],"wp:term":[{"taxonomy":"product_brand","embeddable":true,"href":"https:\/\/staging.nbg.eu\/pl\/wp-json\/wp\/v2\/product_brand?post=45479"},{"taxonomy":"product_cat","embeddable":true,"href":"https:\/\/staging.nbg.eu\/pl\/wp-json\/wp\/v2\/product_cat?post=45479"},{"taxonomy":"product_tag","embeddable":true,"href":"https:\/\/staging.nbg.eu\/pl\/wp-json\/wp\/v2\/product_tag?post=45479"}],"curies":[{"name":"wp","href":"https:\/\/api.w.org\/{rel}","templated":true}]}}