{"id":45457,"date":"2024-08-16T17:59:54","date_gmt":"2024-09-10T14:24:17","guid":{"rendered":"https:\/\/staging.nbg.eu\/product\/clips-ulticlip-xl\/"},"modified":"2024-09-10T14:25:05","modified_gmt":"2024-09-10T14:25:05","slug":"klipsy-ulticlip-xl","status":"publish","type":"product","link":"https:\/\/staging.nbg.eu\/pl\/produkt\/klipsy-ulticlip-xl\/","title":{"rendered":"Klipsy Ulticlip XL"},"content":{"rendered":"<div class=\"product-description\">\n<h2>Clips Ulticlip XL: Najlepszy wielofunkcyjny klips do kabury<\/h2>\n<p>Przedstawiamy Ulticlip XL, pierwszy na \u015bwiecie wielofunkcyjny klips do kabury po\u0142\u0105czony z blokuj\u0105c\u0105 stalow\u0105 szlufk\u0105 na pasek. To innowacyjne urz\u0105dzenie oferuje niezr\u00f3wnan\u0105 wszechstronno\u015b\u0107 w noszeniu kabur, pochew no\u017cy i akcesori\u00f3w.<\/p>\n<ul>\n<li>Podw\u00f3jna funkcjonalno\u015b\u0107: U\u017cywaj jako klips do kabury lub szlufk\u0119 na pasek<\/li>\n<li>Kompatybilny z noszeniem IWB i OWB<\/li>\n<li>Wbudowane wielofunkcyjne klucze (1\/4&#8243;, 5\/16&#8243;, 3\/8&#8243;) i p\u0142aski \u015brubokr\u0119t<\/li>\n<li>Wiele punkt\u00f3w mocowania dla r\u00f3\u017cnych produkt\u00f3w<\/li>\n<li>Blokuj\u0105ca stalowa szlufka na paski o szeroko\u015bci 1,5&#8243; (do 3\/8&#8243; grubo\u015bci)<\/li>\n<li>Wyko\u0144czenie czarnym tlenkiem o jako\u015bci wojskowej<\/li>\n<li>Konstrukcja ze stali spr\u0119\u017cynowej 1075 i 1050 poddanej obr\u00f3bce cieplnej<\/li>\n<li>Wymiary: 3,5&#8243; x 7\/8&#8243;, Waga: 1,37 uncji<\/li>\n<\/ul>\n<p>Do\u015bwiadcz najlepszego rozwi\u0105zania do noszenia z Ulticlip XL!<\/p>\n<\/div>\n","protected":false},"excerpt":{"rendered":"<p>Ulticlip XL: Uniwersalny klips do kabury i blokowana szlufka na pasek do wszechstronnego noszenia.<\/p>\n","protected":false},"featured_media":23001,"template":"","meta":{"_acf_changed":false},"product_brand":[],"product_cat":[12610,12590],"product_tag":[],"class_list":{"0":"post-45457","1":"product","2":"type-product","3":"status-publish","4":"has-post-thumbnail","6":"product_cat-akcesoria-do-kabur","7":"product_cat-sprzet","9":"first","10":"instock","11":"taxable","12":"shipping-taxable","13":"purchasable","14":"product-type-simple"},"acf":[],"_links":{"self":[{"href":"https:\/\/staging.nbg.eu\/pl\/wp-json\/wp\/v2\/product\/45457","targetHints":{"allow":["GET"]}}],"collection":[{"href":"https:\/\/staging.nbg.eu\/pl\/wp-json\/wp\/v2\/product"}],"about":[{"href":"https:\/\/staging.nbg.eu\/pl\/wp-json\/wp\/v2\/types\/product"}],"wp:featuredmedia":[{"embeddable":true,"href":"https:\/\/staging.nbg.eu\/pl\/wp-json\/wp\/v2\/media\/23001"}],"wp:attachment":[{"href":"https:\/\/staging.nbg.eu\/pl\/wp-json\/wp\/v2\/media?parent=45457"}],"wp:term":[{"taxonomy":"product_brand","embeddable":true,"href":"https:\/\/staging.nbg.eu\/pl\/wp-json\/wp\/v2\/product_brand?post=45457"},{"taxonomy":"product_cat","embeddable":true,"href":"https:\/\/staging.nbg.eu\/pl\/wp-json\/wp\/v2\/product_cat?post=45457"},{"taxonomy":"product_tag","embeddable":true,"href":"https:\/\/staging.nbg.eu\/pl\/wp-json\/wp\/v2\/product_tag?post=45457"}],"curies":[{"name":"wp","href":"https:\/\/api.w.org\/{rel}","templated":true}]}}