{"id":45160,"date":"2024-08-18T09:26:36","date_gmt":"2024-08-18T09:26:36","guid":{"rendered":"https:\/\/staging.nbg.eu\/product\/daa-magnet-cover\/"},"modified":"2024-09-10T12:58:07","modified_gmt":"2024-09-10T12:58:07","slug":"pokrywa-magnetyczna-daa","status":"publish","type":"product","link":"https:\/\/staging.nbg.eu\/pl\/produkt\/pokrywa-magnetyczna-daa\/","title":{"rendered":"Pokrywa magnetyczna DAA"},"content":{"rendered":"<p>\nPokrowiec magnetyczny DAA: Stylowe, wytrzyma\u0142e nylonowe etui na magnesy 48mm. Posiada magnetyczne stalowe logo DAA. Zmniejsza niepo\u017c\u0105dane przyci\u0105ganie magnetyczne, zachowuj\u0105c funkcjonalno\u015b\u0107.<\/p>\n","protected":false},"excerpt":{"rendered":"<p>Stylowa, ochronna os\u0142ona na magnesy DAA 48mm. Zmniejsza si\u0142\u0119 przyci\u0105gania magnetycznego.<\/p>\n","protected":false},"featured_media":26127,"template":"","meta":{"_acf_changed":false},"product_brand":[11278],"product_cat":[12610,12577],"product_tag":[],"class_list":{"0":"post-45160","1":"product","2":"type-product","3":"status-publish","4":"has-post-thumbnail","6":"product_brand-doublealpha","7":"product_cat-akcesoria-do-kabur","8":"product_cat-kabura","10":"first","11":"instock","12":"taxable","13":"shipping-taxable","14":"purchasable","15":"product-type-simple"},"acf":[],"_links":{"self":[{"href":"https:\/\/staging.nbg.eu\/pl\/wp-json\/wp\/v2\/product\/45160","targetHints":{"allow":["GET"]}}],"collection":[{"href":"https:\/\/staging.nbg.eu\/pl\/wp-json\/wp\/v2\/product"}],"about":[{"href":"https:\/\/staging.nbg.eu\/pl\/wp-json\/wp\/v2\/types\/product"}],"wp:featuredmedia":[{"embeddable":true,"href":"https:\/\/staging.nbg.eu\/pl\/wp-json\/wp\/v2\/media\/26127"}],"wp:attachment":[{"href":"https:\/\/staging.nbg.eu\/pl\/wp-json\/wp\/v2\/media?parent=45160"}],"wp:term":[{"taxonomy":"product_brand","embeddable":true,"href":"https:\/\/staging.nbg.eu\/pl\/wp-json\/wp\/v2\/product_brand?post=45160"},{"taxonomy":"product_cat","embeddable":true,"href":"https:\/\/staging.nbg.eu\/pl\/wp-json\/wp\/v2\/product_cat?post=45160"},{"taxonomy":"product_tag","embeddable":true,"href":"https:\/\/staging.nbg.eu\/pl\/wp-json\/wp\/v2\/product_tag?post=45160"}],"curies":[{"name":"wp","href":"https:\/\/api.w.org\/{rel}","templated":true}]}}