{"id":45138,"date":"2024-08-18T09:27:28","date_gmt":"2024-09-10T12:42:30","guid":{"rendered":"https:\/\/staging.nbg.eu\/product\/dillon-precision-daa-223-fast-flow-powder-funnel\/"},"modified":"2024-09-10T12:43:19","modified_gmt":"2024-09-10T12:43:19","slug":"dillon-precision-daa-lejek-do-prochu-fast-flow-223","status":"publish","type":"product","link":"https:\/\/staging.nbg.eu\/pl\/produkt\/dillon-precision-daa-lejek-do-prochu-fast-flow-223\/","title":{"rendered":"Dillon Precision &#8211; Daa lejek do prochu Fast-Flow .223"},"content":{"rendered":"<div class=\"product-description\">\n<h2>Dillon Precision &#8211; Lejek szybkiego przep\u0142ywu DAA .223<\/h2>\n<p>Ulepsz swoje do\u015bwiadczenie w prze\u0142adowywaniu amunicji .223 dzi\u0119ki lejkowi szybkiego przep\u0142ywu DAA .223. Zaprojektowany we wsp\u00f3\u0142pracy z in\u017cynierem system\u00f3w lotniczych Andrew Murrellem, CSEP, ten lejek poprawia sp\u00f3jno\u015b\u0107 przep\u0142ywu prochu i zmniejsza mostkowanie proch\u00f3w w postaci pa\u0142eczek lub p\u0142atk\u00f3w.<\/p>\n<ul>\n<li>Wykonany z stali nierdzewnej SUS303<\/li>\n<li>Elektropolerowane lustrzane wyko\u0144czenie<\/li>\n<li>Doskona\u0142a odporno\u015b\u0107 na rdz\u0119 i trwa\u0142o\u015b\u0107<\/li>\n<li>Unikalny wewn\u0119trzny kszta\u0142t lejka dla lepszego przep\u0142ywu prochu<\/li>\n<li>Kompatybilny z dozownikami prochu Dillon<\/li>\n<\/ul>\n<p>Do\u015bwiadcz r\u00f3\u017cnicy dzi\u0119ki naszemu precyzyjnie zaprojektowanemu lejkowi, charakteryzuj\u0105cemu si\u0119 \u015bcis\u0142ymi tolerancjami i g\u0142adkim jak szk\u0142o wyko\u0144czeniem dla najwy\u017cszej wydajno\u015bci i przep\u0142ywu prochu.<\/p>\n<\/div>\n","protected":false},"excerpt":{"rendered":"<p>Usprawniony lejek do prochu .223 zapewniaj\u0105cy sp\u00f3jne nape\u0142nianie bez zator\u00f3w podczas elaboracji.<\/p>\n","protected":false},"featured_media":26242,"template":"","meta":{"_acf_changed":false},"product_brand":[11278],"product_cat":[12573,12619],"product_tag":[],"class_list":{"0":"post-45138","1":"product","2":"type-product","3":"status-publish","4":"has-post-thumbnail","6":"product_brand-doublealpha","7":"product_cat-akcesoria-do-przeladunku","8":"product_cat-przeladowywanie","10":"first","11":"instock","12":"taxable","13":"shipping-taxable","14":"purchasable","15":"product-type-simple"},"acf":[],"_links":{"self":[{"href":"https:\/\/staging.nbg.eu\/pl\/wp-json\/wp\/v2\/product\/45138","targetHints":{"allow":["GET"]}}],"collection":[{"href":"https:\/\/staging.nbg.eu\/pl\/wp-json\/wp\/v2\/product"}],"about":[{"href":"https:\/\/staging.nbg.eu\/pl\/wp-json\/wp\/v2\/types\/product"}],"wp:featuredmedia":[{"embeddable":true,"href":"https:\/\/staging.nbg.eu\/pl\/wp-json\/wp\/v2\/media\/26242"}],"wp:attachment":[{"href":"https:\/\/staging.nbg.eu\/pl\/wp-json\/wp\/v2\/media?parent=45138"}],"wp:term":[{"taxonomy":"product_brand","embeddable":true,"href":"https:\/\/staging.nbg.eu\/pl\/wp-json\/wp\/v2\/product_brand?post=45138"},{"taxonomy":"product_cat","embeddable":true,"href":"https:\/\/staging.nbg.eu\/pl\/wp-json\/wp\/v2\/product_cat?post=45138"},{"taxonomy":"product_tag","embeddable":true,"href":"https:\/\/staging.nbg.eu\/pl\/wp-json\/wp\/v2\/product_tag?post=45138"}],"curies":[{"name":"wp","href":"https:\/\/api.w.org\/{rel}","templated":true}]}}