{"id":45116,"date":"2024-08-18T09:27:48","date_gmt":"2024-09-10T12:34:38","guid":{"rendered":"https:\/\/staging.nbg.eu\/product\/thigh-pad-for-flex-alpha-x-racer-x-holsters\/"},"modified":"2024-09-10T12:35:26","modified_gmt":"2024-09-10T12:35:26","slug":"podkladka-udowa-do-kabur-flex-alpha-x-racer-x","status":"publish","type":"product","link":"https:\/\/staging.nbg.eu\/pl\/produkt\/podkladka-udowa-do-kabur-flex-alpha-x-racer-x\/","title":{"rendered":"Podk\u0142adka udowa do kabur Flex \/ Alpha-X \/ Racer-X"},"content":{"rendered":"<div class=\"product-description\">\n<h2>Podk\u0142adka udowa DAA do kabur Flex \/ Alpha-X \/ Racer-X<\/h2>\n<p>Ulepsz swoje do\u015bwiadczenie strzeleckie dzi\u0119ki podk\u0142adce udowej DAA, kompatybilnej z kaburami Alpha-X, Racer-X i FLEX. Ta wszechstronna podk\u0142adka oferuje:<\/p>\n<ul>\n<li>\u0141atw\u0105 instalacj\u0119 &#8211; bez \u015brub czy kleju<\/li>\n<li>Pewne mocowanie za pomoc\u0105 zatrzask\u00f3w<\/li>\n<li>Kompaktow\u0105, a jednocze\u015bnie skuteczn\u0105 konstrukcj\u0119<\/li>\n<li>Odpowiednio\u015b\u0107 zar\u00f3wno dla kabur prawo- jak i lewor\u0119cznych<\/li>\n<\/ul>\n<p>Wystarczy wsun\u0105\u0107 podk\u0142adk\u0119 udow\u0105 na mocowanie paskowe kabury, a\u017c zatrzaski wskocz\u0105 na swoje miejsce. Aby zdj\u0105\u0107, nale\u017cy poci\u0105gn\u0105\u0107 zatrzaski do g\u00f3ry i zsun\u0105\u0107 podk\u0142adk\u0119. To doskona\u0142e uzupe\u0142nienie Twojej kabury Double-Alpha, zapewniaj\u0105ce dodatkowy komfort i stabilno\u015b\u0107 dla najlepszych strzelc\u00f3w na ca\u0142ym \u015bwiecie.<\/p>\n<\/div>\n","protected":false},"excerpt":{"rendered":"<p>Ochraniacz na uda do Alpha-X\/Racer-X: Bezpieczny, wygodny, nie wymaga narz\u0119dzi.<\/p>\n","protected":false},"featured_media":26288,"template":"","meta":{"_acf_changed":false},"product_brand":[11278],"product_cat":[12610,12615],"product_tag":[],"class_list":{"0":"post-45116","1":"product","2":"type-product","3":"status-publish","4":"has-post-thumbnail","6":"product_brand-doublealpha","7":"product_cat-akcesoria-do-kabur","8":"product_cat-kabura-sportowa","10":"first","11":"instock","12":"taxable","13":"shipping-taxable","14":"purchasable","15":"product-type-simple"},"acf":[],"_links":{"self":[{"href":"https:\/\/staging.nbg.eu\/pl\/wp-json\/wp\/v2\/product\/45116","targetHints":{"allow":["GET"]}}],"collection":[{"href":"https:\/\/staging.nbg.eu\/pl\/wp-json\/wp\/v2\/product"}],"about":[{"href":"https:\/\/staging.nbg.eu\/pl\/wp-json\/wp\/v2\/types\/product"}],"wp:featuredmedia":[{"embeddable":true,"href":"https:\/\/staging.nbg.eu\/pl\/wp-json\/wp\/v2\/media\/26288"}],"wp:attachment":[{"href":"https:\/\/staging.nbg.eu\/pl\/wp-json\/wp\/v2\/media?parent=45116"}],"wp:term":[{"taxonomy":"product_brand","embeddable":true,"href":"https:\/\/staging.nbg.eu\/pl\/wp-json\/wp\/v2\/product_brand?post=45116"},{"taxonomy":"product_cat","embeddable":true,"href":"https:\/\/staging.nbg.eu\/pl\/wp-json\/wp\/v2\/product_cat?post=45116"},{"taxonomy":"product_tag","embeddable":true,"href":"https:\/\/staging.nbg.eu\/pl\/wp-json\/wp\/v2\/product_tag?post=45116"}],"curies":[{"name":"wp","href":"https:\/\/api.w.org\/{rel}","templated":true}]}}