{"id":45094,"date":"2024-08-18T09:28:23","date_gmt":"2024-08-18T09:28:23","guid":{"rendered":"https:\/\/staging.nbg.eu\/product\/daa-reloading-press-tool-holder\/"},"modified":"2024-09-10T12:29:45","modified_gmt":"2024-09-10T12:29:45","slug":"daa-uchwyt-na-narzedzia-do-prasy-przeladowniczej","status":"publish","type":"product","link":"https:\/\/staging.nbg.eu\/pl\/produkt\/daa-uchwyt-na-narzedzia-do-prasy-przeladowniczej\/","title":{"rendered":"Daa uchwyt na narz\u0119dzia do prasy prze\u0142adowniczej"},"content":{"rendered":"<div class=\"product-description\">\n<h2>Uchwyt na narz\u0119dzia do prasy do elaboracji DAA<\/h2>\n<p>Zorganizuj swoje narz\u0119dzia do elaboracji za pomoc\u0105 tego wygodnego uchwytu! Zaprojektowany do pras Dillon RL1100\/1050\/750\/650, \u0142atwo montuje si\u0119 na kwadratowych lub okr\u0105g\u0142ych rurach o \u015brednicy 1 cala.<\/p>\n<ul>\n<li>Trwa\u0142a konstrukcja z nylonu wzmocnionego w\u0142\u00f3knem szklanym<\/li>\n<li>Gumowa pow\u0142oka lakiernicza dla atrakcyjnego wyko\u0144czenia<\/li>\n<li>Mie\u015bci 7 kluczy imbusowych, klucz do matryc i 3 dodatkowe narz\u0119dzia<\/li>\n<li>Du\u017ca wn\u0119ka do przechowywania drobnych cz\u0119\u015bci<\/li>\n<li>Wbudowany magnes do przytrzymywania metalowych przedmiot\u00f3w<\/li>\n<\/ul>\n<p>Ulepsz swoje stanowisko do elaboracji tym wszechstronnym uchwytem na narz\u0119dzia! (Narz\u0119dzia nie s\u0105 do\u0142\u0105czone)<\/p>\n<\/div>\n","protected":false},"excerpt":{"rendered":"<p>Wszechstronny uchwyt montowany do prasy na narz\u0119dzia i cz\u0119\u015bci do prze\u0142adowywania.<\/p>\n","protected":false},"featured_media":26577,"template":"","meta":{"_acf_changed":false},"product_brand":[11278],"product_cat":[12573,12619],"product_tag":[],"class_list":{"0":"post-45094","1":"product","2":"type-product","3":"status-publish","4":"has-post-thumbnail","6":"product_brand-doublealpha","7":"product_cat-akcesoria-do-przeladunku","8":"product_cat-przeladowywanie","10":"first","11":"outofstock","12":"taxable","13":"shipping-taxable","14":"purchasable","15":"product-type-simple"},"acf":[],"_links":{"self":[{"href":"https:\/\/staging.nbg.eu\/pl\/wp-json\/wp\/v2\/product\/45094","targetHints":{"allow":["GET"]}}],"collection":[{"href":"https:\/\/staging.nbg.eu\/pl\/wp-json\/wp\/v2\/product"}],"about":[{"href":"https:\/\/staging.nbg.eu\/pl\/wp-json\/wp\/v2\/types\/product"}],"wp:featuredmedia":[{"embeddable":true,"href":"https:\/\/staging.nbg.eu\/pl\/wp-json\/wp\/v2\/media\/26577"}],"wp:attachment":[{"href":"https:\/\/staging.nbg.eu\/pl\/wp-json\/wp\/v2\/media?parent=45094"}],"wp:term":[{"taxonomy":"product_brand","embeddable":true,"href":"https:\/\/staging.nbg.eu\/pl\/wp-json\/wp\/v2\/product_brand?post=45094"},{"taxonomy":"product_cat","embeddable":true,"href":"https:\/\/staging.nbg.eu\/pl\/wp-json\/wp\/v2\/product_cat?post=45094"},{"taxonomy":"product_tag","embeddable":true,"href":"https:\/\/staging.nbg.eu\/pl\/wp-json\/wp\/v2\/product_tag?post=45094"}],"curies":[{"name":"wp","href":"https:\/\/api.w.org\/{rel}","templated":true}]}}