{"id":45072,"date":"2024-08-18T09:28:37","date_gmt":"2024-08-18T09:28:37","guid":{"rendered":"https:\/\/staging.nbg.eu\/product\/lynx-belt-steel-mini-punch-tool\/"},"modified":"2024-09-10T12:26:06","modified_gmt":"2024-09-10T12:26:06","slug":"lynx-belt-stalowe-mini-narzedzie-przebijak","status":"publish","type":"product","link":"https:\/\/staging.nbg.eu\/pl\/produkt\/lynx-belt-stalowe-mini-narzedzie-przebijak\/","title":{"rendered":"Lynx Belt: stalowe mini narz\u0119dzie przebijak"},"content":{"rendered":"<p>Narz\u0119dzie Lynx Belt: Stalowy Mini Punch to kompaktowy, wykonany na zam\u00f3wienie stalowy wybijak przeznaczony do szybkiego i \u0142atwego usuwania ko\u0142k\u00f3w walcowych. Idealny do regulacji ogniw paska, to lekkie narz\u0119dzie ma d\u0142ugo\u015b\u0107 70 mm, \u015brednic\u0119 g\u0142\u00f3wki 6 mm i \u015brednic\u0119 trzpienia 2,5 mm. Doskona\u0142e uzupe\u0142nienie zestawu narz\u0119dzi w Twojej torbie na strzelnic\u0119.<\/p>\n","protected":false},"excerpt":{"rendered":"<p>Kompaktowe stalowe narz\u0119dzie do dziurkowania, s\u0142u\u017c\u0105ce do szybkiej i \u0142atwej regulacji ogniw paska.<\/p>\n","protected":false},"featured_media":26715,"template":"","meta":{"_acf_changed":false},"product_brand":[11278],"product_cat":[12593,12590],"product_tag":[],"class_list":{"0":"post-45072","1":"product","2":"type-product","3":"status-publish","4":"has-post-thumbnail","6":"product_brand-doublealpha","7":"product_cat-paski-sportowe","8":"product_cat-sprzet","10":"first","11":"instock","12":"taxable","13":"shipping-taxable","14":"purchasable","15":"product-type-simple"},"acf":[],"_links":{"self":[{"href":"https:\/\/staging.nbg.eu\/pl\/wp-json\/wp\/v2\/product\/45072","targetHints":{"allow":["GET"]}}],"collection":[{"href":"https:\/\/staging.nbg.eu\/pl\/wp-json\/wp\/v2\/product"}],"about":[{"href":"https:\/\/staging.nbg.eu\/pl\/wp-json\/wp\/v2\/types\/product"}],"wp:featuredmedia":[{"embeddable":true,"href":"https:\/\/staging.nbg.eu\/pl\/wp-json\/wp\/v2\/media\/26715"}],"wp:attachment":[{"href":"https:\/\/staging.nbg.eu\/pl\/wp-json\/wp\/v2\/media?parent=45072"}],"wp:term":[{"taxonomy":"product_brand","embeddable":true,"href":"https:\/\/staging.nbg.eu\/pl\/wp-json\/wp\/v2\/product_brand?post=45072"},{"taxonomy":"product_cat","embeddable":true,"href":"https:\/\/staging.nbg.eu\/pl\/wp-json\/wp\/v2\/product_cat?post=45072"},{"taxonomy":"product_tag","embeddable":true,"href":"https:\/\/staging.nbg.eu\/pl\/wp-json\/wp\/v2\/product_tag?post=45072"}],"curies":[{"name":"wp","href":"https:\/\/api.w.org\/{rel}","templated":true}]}}