{"id":45050,"date":"2024-08-18T09:29:43","date_gmt":"2024-08-18T09:29:43","guid":{"rendered":"https:\/\/staging.nbg.eu\/product\/daa-primer-tube-cap-5-pack\/"},"modified":"2024-09-10T12:24:08","modified_gmt":"2024-09-10T12:24:08","slug":"daa-zaslepka-tuby-splonkowej-5-sztuk","status":"publish","type":"product","link":"https:\/\/staging.nbg.eu\/pl\/produkt\/daa-zaslepka-tuby-splonkowej-5-sztuk\/","title":{"rendered":"Daa za\u015blepka tuby sp\u0142onkowej, 5 sztuk"},"content":{"rendered":"<p>\n<strong>Zatyczki do tubek z kapslami DAA, zestaw 5 sztuk<\/strong><br \/>\nNiestandardowe silikonowe zatyczki do tubek z kapslami 8mm. Zapobiegaj\u0105 rozsypywaniu podczas korzystania z urz\u0105dze\u0144 do szybkiego nape\u0142niania. \u0141atwe w u\u017cyciu: nasu\u0144 i po\u0142\u00f3\u017c p\u0142asko. Koniec z ba\u0142aganem przy kapslach!<\/p>\n<ul>\n<li>Pasuje do wi\u0119kszo\u015bci tubek do prze\u0142adowywania<\/li>\n<li>Kompatybilne z DAA Primer-Pro i innymi urz\u0105dzeniami do nape\u0142niania<\/li>\n<li>Kolor: Czerwony<\/li>\n<li>Zestaw 5 sztuk<\/li>\n<\/ul>\n<p>Zabezpiecz swoje kapsle tymi praktycznymi zatyczkami!<\/p>\n","protected":false},"excerpt":{"rendered":"<p>Bezpieczne prob\u00f3wki na startery 8 mm z \u0142atwymi do za\u0142o\u017cenia, nieprzeciekaj\u0105cymi silikonowymi zatyczkami.<\/p>\n","protected":false},"featured_media":26738,"template":"","meta":{"_acf_changed":false},"product_brand":[11278],"product_cat":[12573,12619],"product_tag":[],"class_list":{"0":"post-45050","1":"product","2":"type-product","3":"status-publish","4":"has-post-thumbnail","6":"product_brand-doublealpha","7":"product_cat-akcesoria-do-przeladunku","8":"product_cat-przeladowywanie","10":"first","11":"outofstock","12":"taxable","13":"shipping-taxable","14":"purchasable","15":"product-type-simple"},"acf":[],"_links":{"self":[{"href":"https:\/\/staging.nbg.eu\/pl\/wp-json\/wp\/v2\/product\/45050","targetHints":{"allow":["GET"]}}],"collection":[{"href":"https:\/\/staging.nbg.eu\/pl\/wp-json\/wp\/v2\/product"}],"about":[{"href":"https:\/\/staging.nbg.eu\/pl\/wp-json\/wp\/v2\/types\/product"}],"wp:featuredmedia":[{"embeddable":true,"href":"https:\/\/staging.nbg.eu\/pl\/wp-json\/wp\/v2\/media\/26738"}],"wp:attachment":[{"href":"https:\/\/staging.nbg.eu\/pl\/wp-json\/wp\/v2\/media?parent=45050"}],"wp:term":[{"taxonomy":"product_brand","embeddable":true,"href":"https:\/\/staging.nbg.eu\/pl\/wp-json\/wp\/v2\/product_brand?post=45050"},{"taxonomy":"product_cat","embeddable":true,"href":"https:\/\/staging.nbg.eu\/pl\/wp-json\/wp\/v2\/product_cat?post=45050"},{"taxonomy":"product_tag","embeddable":true,"href":"https:\/\/staging.nbg.eu\/pl\/wp-json\/wp\/v2\/product_tag?post=45050"}],"curies":[{"name":"wp","href":"https:\/\/api.w.org\/{rel}","templated":true}]}}