{"id":45028,"date":"2024-08-18T09:29:56","date_gmt":"2024-09-10T12:18:19","guid":{"rendered":"https:\/\/staging.nbg.eu\/product\/buckle-kit-lynx\/"},"modified":"2024-09-10T12:19:02","modified_gmt":"2024-09-10T12:19:02","slug":"zestaw-klamry-lynx","status":"publish","type":"product","link":"https:\/\/staging.nbg.eu\/pl\/produkt\/zestaw-klamry-lynx\/","title":{"rendered":"Zestaw klamry &#8211; Lynx"},"content":{"rendered":"<div class=\"product-description\">\n<h2>Zestaw Klamry &#8211; Lynx<\/h2>\n<p>Ulepsz sw\u00f3j pasek Lynx za pomoc\u0105 naszego gotowego do u\u017cycia Zestawu Klamry! Ten kompleksowy pakiet zawiera:<\/p>\n<ul>\n<li>W pe\u0142ni zmontowan\u0105 klamr\u0119 Lynx<\/li>\n<li>Ko\u0144c\u00f3wk\u0119 paska Lynx<\/li>\n<li>50 ko\u0142k\u00f3w do monta\u017cu paska<\/li>\n<li>Zapasowy silikonowy o-ring<\/li>\n<li>Specjalnie zaprojektowane stalowe mini narz\u0119dzie do przebijania<\/li>\n<\/ul>\n<p>Wystarczy przymocowa\u0107 wst\u0119pnie zmontowan\u0105 klamr\u0119 do paska Lynx, aby natychmiast go u\u017cy\u0107. Nasz zestaw zapewnia wszystko, czego potrzebujesz do szybkiej i bezproblemowej modernizacji paska.<\/p>\n<\/div>\n","protected":false},"excerpt":{"rendered":"<p>Gotowy do u\u017cycia zestaw klamry Lynx z narz\u0119dziami do \u0142atwego monta\u017cu pasa.<\/p>\n","protected":false},"featured_media":26784,"template":"","meta":{"_acf_changed":false},"product_brand":[11278],"product_cat":[12593,12590],"product_tag":[],"class_list":{"0":"post-45028","1":"product","2":"type-product","3":"status-publish","4":"has-post-thumbnail","6":"product_brand-doublealpha","7":"product_cat-paski-sportowe","8":"product_cat-sprzet","10":"first","11":"instock","12":"taxable","13":"shipping-taxable","14":"purchasable","15":"product-type-simple"},"acf":[],"_links":{"self":[{"href":"https:\/\/staging.nbg.eu\/pl\/wp-json\/wp\/v2\/product\/45028","targetHints":{"allow":["GET"]}}],"collection":[{"href":"https:\/\/staging.nbg.eu\/pl\/wp-json\/wp\/v2\/product"}],"about":[{"href":"https:\/\/staging.nbg.eu\/pl\/wp-json\/wp\/v2\/types\/product"}],"wp:featuredmedia":[{"embeddable":true,"href":"https:\/\/staging.nbg.eu\/pl\/wp-json\/wp\/v2\/media\/26784"}],"wp:attachment":[{"href":"https:\/\/staging.nbg.eu\/pl\/wp-json\/wp\/v2\/media?parent=45028"}],"wp:term":[{"taxonomy":"product_brand","embeddable":true,"href":"https:\/\/staging.nbg.eu\/pl\/wp-json\/wp\/v2\/product_brand?post=45028"},{"taxonomy":"product_cat","embeddable":true,"href":"https:\/\/staging.nbg.eu\/pl\/wp-json\/wp\/v2\/product_cat?post=45028"},{"taxonomy":"product_tag","embeddable":true,"href":"https:\/\/staging.nbg.eu\/pl\/wp-json\/wp\/v2\/product_tag?post=45028"}],"curies":[{"name":"wp","href":"https:\/\/api.w.org\/{rel}","templated":true}]}}