{"id":45006,"date":"2024-08-18T09:30:21","date_gmt":"2024-08-18T09:30:21","guid":{"rendered":"https:\/\/staging.nbg.eu\/product\/lynx-belt-ratchet-buckle\/"},"modified":"2024-09-10T12:03:17","modified_gmt":"2024-09-10T12:03:17","slug":"klamra-automatyczna-paska-lynx","status":"publish","type":"product","link":"https:\/\/staging.nbg.eu\/pl\/produkt\/klamra-automatyczna-paska-lynx\/","title":{"rendered":"Klamra automatyczna paska Lynx"},"content":{"rendered":"<div class=\"product-description\">\n<h2>Klamra Z\u0119batkowa DAA Lynx Belt<\/h2>\n<p>Ulepsz sw\u00f3j sprz\u0119t strzelecki dzi\u0119ki systemowi klamry z\u0119batkowej DAA Lynx Belt. Ta innowacyjna klamra oferuje:<\/p>\n<ul>\n<li>Wi\u0119ksz\u0105 regulacj\u0119 d\u0142ugo\u015bci dla \u0142atwej kompensacji odzie\u017cy<\/li>\n<li>Szybkie luzowanie i zaciskanie mi\u0119dzy etapami<\/li>\n<li>Trwa\u0142\u0105 konstrukcj\u0119 ze stali i aluminium<\/li>\n<li>Gumowy pasek o szeroko\u015bci 23 mm z zakresem regulacji 16 cm<\/li>\n<li>Dwa wst\u0119pnie wywiercone czarne ogniwa ze stalowymi gwintowanymi wk\u0142adkami<\/li>\n<\/ul>\n<p>Zalecane umiejscowienie: z przodu, mi\u0119dzy kabur\u0105 a pierwsz\u0105 kieszeni\u0105. W razie potrzeby pasek mo\u017cna skr\u00f3ci\u0107, a kierunek klamry odwr\u00f3ci\u0107. Popraw swoje do\u015bwiadczenie strzeleckie dzi\u0119ki zwi\u0119kszonemu komfortowi i wygodzie!<\/p>\n<\/div>\n","protected":false},"excerpt":{"rendered":"<p>Klamra zapadkowa umo\u017cliwiaj\u0105ca \u0142atw\u0105 regulacj\u0119 pasa i szybkie doci\u0105ganie.<\/p>\n","protected":false},"featured_media":26876,"template":"","meta":{"_acf_changed":false},"product_brand":[11278],"product_cat":[12593,12590],"product_tag":[],"class_list":{"0":"post-45006","1":"product","2":"type-product","3":"status-publish","4":"has-post-thumbnail","6":"product_brand-doublealpha","7":"product_cat-paski-sportowe","8":"product_cat-sprzet","10":"first","11":"instock","12":"taxable","13":"shipping-taxable","14":"purchasable","15":"product-type-simple"},"acf":[],"_links":{"self":[{"href":"https:\/\/staging.nbg.eu\/pl\/wp-json\/wp\/v2\/product\/45006","targetHints":{"allow":["GET"]}}],"collection":[{"href":"https:\/\/staging.nbg.eu\/pl\/wp-json\/wp\/v2\/product"}],"about":[{"href":"https:\/\/staging.nbg.eu\/pl\/wp-json\/wp\/v2\/types\/product"}],"wp:featuredmedia":[{"embeddable":true,"href":"https:\/\/staging.nbg.eu\/pl\/wp-json\/wp\/v2\/media\/26876"}],"wp:attachment":[{"href":"https:\/\/staging.nbg.eu\/pl\/wp-json\/wp\/v2\/media?parent=45006"}],"wp:term":[{"taxonomy":"product_brand","embeddable":true,"href":"https:\/\/staging.nbg.eu\/pl\/wp-json\/wp\/v2\/product_brand?post=45006"},{"taxonomy":"product_cat","embeddable":true,"href":"https:\/\/staging.nbg.eu\/pl\/wp-json\/wp\/v2\/product_cat?post=45006"},{"taxonomy":"product_tag","embeddable":true,"href":"https:\/\/staging.nbg.eu\/pl\/wp-json\/wp\/v2\/product_tag?post=45006"}],"curies":[{"name":"wp","href":"https:\/\/api.w.org\/{rel}","templated":true}]}}