{"id":44984,"date":"2024-08-18T09:31:04","date_gmt":"2024-08-18T09:31:04","guid":{"rendered":"https:\/\/staging.nbg.eu\/product\/daa-1-die-box-end-wrench\/"},"modified":"2024-09-10T11:56:45","modified_gmt":"2024-09-10T11:56:45","slug":"daa-klucz-oczkowy-1-do-matryc","status":"publish","type":"product","link":"https:\/\/staging.nbg.eu\/pl\/produkt\/daa-klucz-oczkowy-1-do-matryc\/","title":{"rendered":"Daa klucz oczkowy 1&#8243; do matryc"},"content":{"rendered":"<div class=\"product-description\">\n<h2>DAA 1&#8243; Klucz oczkowy do matryc<\/h2>\n<p>Ostateczne rozwi\u0105zanie dla os\u00f3b zajmuj\u0105cych si\u0119 elaboracj\u0105 amunicji, kt\u00f3rzy zmagaj\u0105 si\u0119 z regulacj\u0105 matryc na zat\u0142oczonych g\u0142owicach narz\u0119dziowych. Ten wykonany na zam\u00f3wienie, wycinany laserowo klucz ze stali nierdzewnej charakteryzuje si\u0119:<\/p>\n<ul>\n<li>Cienk\u0105 konstrukcj\u0105 \u015bcianek dla \u0142atwego dost\u0119pu mi\u0119dzy matrycami<\/li>\n<li>Wieloma szcz\u0119kami dla optymalnego pozycjonowania<\/li>\n<li>Trwa\u0142\u0105 konstrukcj\u0105 zapewniaj\u0105c\u0105 do\u017cywotnie u\u017cytkowanie<\/li>\n<li>Precyzyjnie zaprojektowany do nakr\u0119tek 1&#8243;<\/li>\n<\/ul>\n<p>Ulepsz sw\u00f3j zestaw do elaboracji tym niezb\u0119dnym narz\u0119dziem, zaprojektowanym, aby regulacja matryc by\u0142a szybka i bezwysi\u0142kowa. Kompatybilny ze standardowymi nakr\u0119tkami matryc 1&#8243;, zapewniaj\u0105c maksymaln\u0105 wszechstronno\u015b\u0107 i wygod\u0119.<\/p>\n<\/div>\n","protected":false},"excerpt":{"rendered":"<p>Klucz do matryc DAA 1&#8243;: Cienki, mocny, uniwersalny. \u0141atwy dost\u0119p dla os\u00f3b zajmuj\u0105cych si\u0119 prze\u0142adowywaniem.<\/p>\n","protected":false},"featured_media":27014,"template":"","meta":{"_acf_changed":false},"product_brand":[11278],"product_cat":[12573,12619],"product_tag":[],"class_list":{"0":"post-44984","1":"product","2":"type-product","3":"status-publish","4":"has-post-thumbnail","6":"product_brand-doublealpha","7":"product_cat-akcesoria-do-przeladunku","8":"product_cat-przeladowywanie","10":"first","11":"outofstock","12":"taxable","13":"shipping-taxable","14":"purchasable","15":"product-type-simple"},"acf":[],"_links":{"self":[{"href":"https:\/\/staging.nbg.eu\/pl\/wp-json\/wp\/v2\/product\/44984","targetHints":{"allow":["GET"]}}],"collection":[{"href":"https:\/\/staging.nbg.eu\/pl\/wp-json\/wp\/v2\/product"}],"about":[{"href":"https:\/\/staging.nbg.eu\/pl\/wp-json\/wp\/v2\/types\/product"}],"wp:featuredmedia":[{"embeddable":true,"href":"https:\/\/staging.nbg.eu\/pl\/wp-json\/wp\/v2\/media\/27014"}],"wp:attachment":[{"href":"https:\/\/staging.nbg.eu\/pl\/wp-json\/wp\/v2\/media?parent=44984"}],"wp:term":[{"taxonomy":"product_brand","embeddable":true,"href":"https:\/\/staging.nbg.eu\/pl\/wp-json\/wp\/v2\/product_brand?post=44984"},{"taxonomy":"product_cat","embeddable":true,"href":"https:\/\/staging.nbg.eu\/pl\/wp-json\/wp\/v2\/product_cat?post=44984"},{"taxonomy":"product_tag","embeddable":true,"href":"https:\/\/staging.nbg.eu\/pl\/wp-json\/wp\/v2\/product_tag?post=44984"}],"curies":[{"name":"wp","href":"https:\/\/api.w.org\/{rel}","templated":true}]}}