{"id":44962,"date":"2024-08-18T09:31:20","date_gmt":"2024-08-18T09:31:20","guid":{"rendered":"https:\/\/staging.nbg.eu\/product\/dillon-daa-click-adjustable-powder-knob-v2\/"},"modified":"2024-09-10T11:51:12","modified_gmt":"2024-09-10T11:51:12","slug":"dillon-daa-pokretlo-dozownika-prochu-z-regulacja-click-v2","status":"publish","type":"product","link":"https:\/\/staging.nbg.eu\/pl\/produkt\/dillon-daa-pokretlo-dozownika-prochu-z-regulacja-click-v2\/","title":{"rendered":"Dillon &#8211; Daa pokr\u0119t\u0142o dozownika prochu z regulacj\u0105 Click V2"},"content":{"rendered":"<div class=\"product-description\">\n<h2>Dillon &#8211; DAA Regulowana Ga\u0142ka Prochowa V2 z Klikni\u0119ciami<\/h2>\n<p>Ulepsz swoje do\u015bwiadczenie w prze\u0142adowywaniu amunicji dzi\u0119ki Regulowanej Ga\u0142ce Prochowej V2 z Klikni\u0119ciami, ulepszonej ofercie drugiej generacji od DAA. Ta precyzyjnie zaprojektowana ga\u0142ka posiada:<\/p>\n<ul>\n<li>Dwucz\u0119\u015bciow\u0105 aluminiow\u0105 konstrukcj\u0119 dla \u0142atwego monta\u017cu<\/li>\n<li>32mm okr\u0105g\u0142\u0105, obrabian\u0105 ga\u0142k\u0119 aluminiow\u0105 z grawerowaniem laserowym<\/li>\n<li>Rade\u0142kowan\u0105 zewn\u0119trzn\u0105 kraw\u0119d\u017a dla lepszego chwytu i kontroli<\/li>\n<li>S\u0142yszalne klikni\u0119cia dla dok\u0142adnych regulacji co 18 stopni<\/li>\n<li>20 klikni\u0119\u0107 na obr\u00f3t dla precyzyjnej kontroli \u0142adunku prochu<\/li>\n<li>Laserowo grawerowan\u0105 tarcz\u0119 wskazuj\u0105c\u0105 zwi\u0119kszenie\/zmniejszenie \u0142adunku<\/li>\n<li>Kompatybilno\u015b\u0107 z ma\u0142ymi belkami dozuj\u0105cymi Dillon (nie do du\u017cych belek do karabin\u00f3w)<\/li>\n<\/ul>\n<p>Z \u0142atwo\u015bci\u0105 instaluj i reguluj \u0142adunki prochu dzi\u0119ki tej eleganckiej, funkcjonalnej i przyjaznej dla u\u017cytkownika ga\u0142ce. Podnie\u015b poziom swojego stanowiska do prze\u0142adowywania ju\u017c dzi\u015b!<\/p>\n<\/div>\n","protected":false},"excerpt":{"rendered":"<p>Precyzyjna, \u0142atwa w u\u017cyciu regulacja dawki prochu do pras Dillon.<\/p>\n","protected":false},"featured_media":27060,"template":"","meta":{"_acf_changed":false},"product_brand":[11278],"product_cat":[12573,12619],"product_tag":[],"class_list":{"0":"post-44962","1":"product","2":"type-product","3":"status-publish","4":"has-post-thumbnail","6":"product_brand-doublealpha","7":"product_cat-akcesoria-do-przeladunku","8":"product_cat-przeladowywanie","10":"first","11":"outofstock","12":"taxable","13":"shipping-taxable","14":"purchasable","15":"product-type-simple"},"acf":[],"_links":{"self":[{"href":"https:\/\/staging.nbg.eu\/pl\/wp-json\/wp\/v2\/product\/44962","targetHints":{"allow":["GET"]}}],"collection":[{"href":"https:\/\/staging.nbg.eu\/pl\/wp-json\/wp\/v2\/product"}],"about":[{"href":"https:\/\/staging.nbg.eu\/pl\/wp-json\/wp\/v2\/types\/product"}],"wp:featuredmedia":[{"embeddable":true,"href":"https:\/\/staging.nbg.eu\/pl\/wp-json\/wp\/v2\/media\/27060"}],"wp:attachment":[{"href":"https:\/\/staging.nbg.eu\/pl\/wp-json\/wp\/v2\/media?parent=44962"}],"wp:term":[{"taxonomy":"product_brand","embeddable":true,"href":"https:\/\/staging.nbg.eu\/pl\/wp-json\/wp\/v2\/product_brand?post=44962"},{"taxonomy":"product_cat","embeddable":true,"href":"https:\/\/staging.nbg.eu\/pl\/wp-json\/wp\/v2\/product_cat?post=44962"},{"taxonomy":"product_tag","embeddable":true,"href":"https:\/\/staging.nbg.eu\/pl\/wp-json\/wp\/v2\/product_tag?post=44962"}],"curies":[{"name":"wp","href":"https:\/\/api.w.org\/{rel}","templated":true}]}}