{"id":44940,"date":"2024-08-18T09:31:43","date_gmt":"2024-08-18T09:31:43","guid":{"rendered":"https:\/\/staging.nbg.eu\/product\/daa-reloading-hex-key-set\/"},"modified":"2024-09-10T11:35:58","modified_gmt":"2024-09-10T11:35:58","slug":"zestaw-kluczy-imbusowych-daa-reloading","status":"publish","type":"product","link":"https:\/\/staging.nbg.eu\/pl\/produkt\/zestaw-kluczy-imbusowych-daa-reloading\/","title":{"rendered":"Zestaw kluczy imbusowych Daa Reloading"},"content":{"rendered":"<p>Ulepsz swoje do\u015bwiadczenie w prze\u0142adowywaniu dzi\u0119ki zestawowi kluczy imbusowych DAA Reloading Hex Key Set. Ten 7-cz\u0119\u015bciowy zestaw d\u0142ugich kluczy imbusowych z ko\u0144c\u00f3wk\u0105 kulist\u0105 charakteryzuje si\u0119:<\/p>\n<ul>\n<li>Najwy\u017cszej jako\u015bci konstrukcj\u0105<\/li>\n<li>Jaskrawoczerwonymi, pokrytymi winylem ramionami dla lepszej widoczno\u015bci<\/li>\n<li>Idealny do pras Dillon i innych producent\u00f3w ameryka\u0144skich<\/li>\n<li>Rozmiary: 5\/64&#8243;, 3\/32&#8243;, 1\/8&#8243;, 9\/64&#8243;, 5\/32&#8243;, 3\/16&#8243;, 1\/4&#8243;<\/li>\n<\/ul>\n<p>Idealny kompan dla uchwytu na narz\u0119dzia DAA Reloading-Press Tool Holder.<\/p>\n","protected":false},"excerpt":{"rendered":"<p>7-cz\u0119\u015bciowy zestaw kluczy imbusowych z ko\u0144c\u00f3wk\u0105 kulist\u0105 do ameryka\u0144skich pras do prze\u0142adowywania amunicji. Czerwony winyl.<\/p>\n","protected":false},"featured_media":27152,"template":"","meta":{"_acf_changed":false},"product_brand":[11278],"product_cat":[12573,12619],"product_tag":[],"class_list":{"0":"post-44940","1":"product","2":"type-product","3":"status-publish","4":"has-post-thumbnail","6":"product_brand-doublealpha","7":"product_cat-akcesoria-do-przeladunku","8":"product_cat-przeladowywanie","10":"first","11":"outofstock","12":"taxable","13":"shipping-taxable","14":"purchasable","15":"product-type-simple"},"acf":[],"_links":{"self":[{"href":"https:\/\/staging.nbg.eu\/pl\/wp-json\/wp\/v2\/product\/44940","targetHints":{"allow":["GET"]}}],"collection":[{"href":"https:\/\/staging.nbg.eu\/pl\/wp-json\/wp\/v2\/product"}],"about":[{"href":"https:\/\/staging.nbg.eu\/pl\/wp-json\/wp\/v2\/types\/product"}],"wp:featuredmedia":[{"embeddable":true,"href":"https:\/\/staging.nbg.eu\/pl\/wp-json\/wp\/v2\/media\/27152"}],"wp:attachment":[{"href":"https:\/\/staging.nbg.eu\/pl\/wp-json\/wp\/v2\/media?parent=44940"}],"wp:term":[{"taxonomy":"product_brand","embeddable":true,"href":"https:\/\/staging.nbg.eu\/pl\/wp-json\/wp\/v2\/product_brand?post=44940"},{"taxonomy":"product_cat","embeddable":true,"href":"https:\/\/staging.nbg.eu\/pl\/wp-json\/wp\/v2\/product_cat?post=44940"},{"taxonomy":"product_tag","embeddable":true,"href":"https:\/\/staging.nbg.eu\/pl\/wp-json\/wp\/v2\/product_tag?post=44940"}],"curies":[{"name":"wp","href":"https:\/\/api.w.org\/{rel}","templated":true}]}}