{"id":44874,"date":"2024-08-18T09:33:23","date_gmt":"2024-08-18T09:33:23","guid":{"rendered":"https:\/\/staging.nbg.eu\/product\/daa-toolhead-led-lighting-pcb-dillon-1050-1100\/"},"modified":"2024-09-10T11:21:42","modified_gmt":"2024-09-10T11:21:42","slug":"plytka-pcb-oswietlenia-led-glowicy-daa-dillon-10501100","status":"publish","type":"product","link":"https:\/\/staging.nbg.eu\/pl\/produkt\/plytka-pcb-oswietlenia-led-glowicy-daa-dillon-10501100\/","title":{"rendered":"P\u0142ytka PCB O\u015bwietlenia LED G\u0142owicy Daa &#8211; Dillon 1050\/1100"},"content":{"rendered":"<h2>O\u015bwietlenie LED do g\u0142owicy narz\u0119dziowej DAA &#8211; Dillon 1050\/1100<\/h2>\n<p>Ulepsz swoje do\u015bwiadczenie w prze\u0142adowywaniu amunicji dzi\u0119ki o\u015bwietleniu LED do g\u0142owicy narz\u0119dziowej DAA dla Dillon 1050\/1100. Ta wysokiej jako\u015bci aluminiowa p\u0142ytka PCB oferuje:<\/p>\n<ul>\n<li>8 jasnych diod LED zapewniaj\u0105cych idealne o\u015bwietlenie p\u0142ytki z \u0142uskami<\/li>\n<li>Bia\u0142y kolor dla zwi\u0119kszonego odbicia \u015bwiat\u0142a<\/li>\n<li>Fabrycznie zamontowana dwustronna ta\u015bma klej\u0105ca dla \u0142atwej instalacji<\/li>\n<li>Kompatybilno\u015b\u0107 z jednostk\u0105 steruj\u0105c\u0105 DAA (sprzedawana oddzielnie)<\/li>\n<li>Funkcja \u015bciemniania dla dostosowania o\u015bwietlenia<\/li>\n<\/ul>\n<p>Zmniejsz zm\u0119czenie oczu i zminimalizuj b\u0142\u0119dy podczas prze\u0142adowywania. Smuk\u0142a konstrukcja umo\u017cliwia ekonomiczne ustawienie wielu g\u0142owic narz\u0119dziowych. Kompatybilne z g\u0142owic\u0105 narz\u0119dziow\u0105 Dillon CP2000 (stacja 4 musi pozosta\u0107 wolna). Zmodernizuj swoj\u0105 stacj\u0119 do prze\u0142adowywania ju\u017c dzi\u015b!<\/p>\n","protected":false},"excerpt":{"rendered":"<p>Jasne o\u015bwietlenie LED do prze\u0142adowarki Dillon 1050\/1100, poprawia widoczno\u015b\u0107.<\/p>\n","protected":false},"featured_media":27244,"template":"","meta":{"_acf_changed":false},"product_brand":[11278],"product_cat":[12573,12619],"product_tag":[],"class_list":{"0":"post-44874","1":"product","2":"type-product","3":"status-publish","4":"has-post-thumbnail","6":"product_brand-doublealpha","7":"product_cat-akcesoria-do-przeladunku","8":"product_cat-przeladowywanie","10":"first","11":"outofstock","12":"taxable","13":"shipping-taxable","14":"purchasable","15":"product-type-simple"},"acf":[],"_links":{"self":[{"href":"https:\/\/staging.nbg.eu\/pl\/wp-json\/wp\/v2\/product\/44874","targetHints":{"allow":["GET"]}}],"collection":[{"href":"https:\/\/staging.nbg.eu\/pl\/wp-json\/wp\/v2\/product"}],"about":[{"href":"https:\/\/staging.nbg.eu\/pl\/wp-json\/wp\/v2\/types\/product"}],"wp:featuredmedia":[{"embeddable":true,"href":"https:\/\/staging.nbg.eu\/pl\/wp-json\/wp\/v2\/media\/27244"}],"wp:attachment":[{"href":"https:\/\/staging.nbg.eu\/pl\/wp-json\/wp\/v2\/media?parent=44874"}],"wp:term":[{"taxonomy":"product_brand","embeddable":true,"href":"https:\/\/staging.nbg.eu\/pl\/wp-json\/wp\/v2\/product_brand?post=44874"},{"taxonomy":"product_cat","embeddable":true,"href":"https:\/\/staging.nbg.eu\/pl\/wp-json\/wp\/v2\/product_cat?post=44874"},{"taxonomy":"product_tag","embeddable":true,"href":"https:\/\/staging.nbg.eu\/pl\/wp-json\/wp\/v2\/product_tag?post=44874"}],"curies":[{"name":"wp","href":"https:\/\/api.w.org\/{rel}","templated":true}]}}