{"id":44808,"date":"2024-08-18T09:35:16","date_gmt":"2024-08-18T09:35:16","guid":{"rendered":"https:\/\/staging.nbg.eu\/product\/daa-4-pack-magnetic-collars-for-primer-tube\/"},"modified":"2024-09-10T11:06:02","modified_gmt":"2024-09-10T11:06:02","slug":"daa-magnetyczne-pierscienie-do-rurki-splonek-4-pak","status":"publish","type":"product","link":"https:\/\/staging.nbg.eu\/pl\/produkt\/daa-magnetyczne-pierscienie-do-rurki-splonek-4-pak\/","title":{"rendered":"Daa Magnetyczne Pier\u015bcienie do Rurki Sp\u0142onek 4-pak"},"content":{"rendered":"<div class=\"product-description\">\n<h2>DAA 4-pak ko\u0142nierzy magnetycznych do rurki na sp\u0142onki<\/h2>\n<p>Zwi\u0119ksz efektywno\u015b\u0107 swojego prze\u0142adowywania dzi\u0119ki 4-pakowi ko\u0142nierzy magnetycznych DAA, zaprojektowanych specjalnie do u\u017cycia z rurkami zbieraj\u0105cymi Dillon i sorterem sp\u0142onek PRIMER-PRO.<\/p>\n<ul>\n<li>Zestaw zawiera 4 polimerowe ko\u0142nierze z zabezpieczonymi magnesami i \u015brubami ustalaj\u0105cymi<\/li>\n<li>Kompatybilne z rurkami na sp\u0142onki Dillon<\/li>\n<li>Idealne do wst\u0119pnego nape\u0142niania wielu rurek przed sesj\u0105 prze\u0142adowywania<\/li>\n<li>Eliminuje potrzeb\u0119 cz\u0119stego powrotu do urz\u0105dzenia PRIMER-PRO<\/li>\n<li>Doskona\u0142e uzupe\u0142nienie do PRIMER-PRO, kt\u00f3ry jest dostarczany z jednym ko\u0142nierzem magnetycznym<\/li>\n<\/ul>\n<p><strong>Uwaga:<\/strong> Rurki na sp\u0142onki NIE s\u0105 do\u0142\u0105czone.<\/p>\n<p>Zoptymalizuj sw\u00f3j proces prze\u0142adowywania i oszcz\u0119dzaj czas dzi\u0119ki tym dodatkowym ko\u0142nierzom magnetycznym, kt\u00f3re pozwalaj\u0105 na przygotowanie wielu rurek na sp\u0142onki z wyprzedzeniem.<\/p>\n<\/div>\n","protected":false},"excerpt":{"rendered":"<p>4 magnetyczne ko\u0142nierze do tulejek na sp\u0142onki Dillon. Do u\u017cytku z PRIMER-PRO.<\/p>\n","protected":false},"featured_media":27359,"template":"","meta":{"_acf_changed":false},"product_brand":[11278],"product_cat":[12573,12619],"product_tag":[],"class_list":{"0":"post-44808","1":"product","2":"type-product","3":"status-publish","4":"has-post-thumbnail","6":"product_brand-doublealpha","7":"product_cat-akcesoria-do-przeladunku","8":"product_cat-przeladowywanie","10":"first","11":"outofstock","12":"taxable","13":"shipping-taxable","14":"purchasable","15":"product-type-simple"},"acf":[],"_links":{"self":[{"href":"https:\/\/staging.nbg.eu\/pl\/wp-json\/wp\/v2\/product\/44808","targetHints":{"allow":["GET"]}}],"collection":[{"href":"https:\/\/staging.nbg.eu\/pl\/wp-json\/wp\/v2\/product"}],"about":[{"href":"https:\/\/staging.nbg.eu\/pl\/wp-json\/wp\/v2\/types\/product"}],"wp:featuredmedia":[{"embeddable":true,"href":"https:\/\/staging.nbg.eu\/pl\/wp-json\/wp\/v2\/media\/27359"}],"wp:attachment":[{"href":"https:\/\/staging.nbg.eu\/pl\/wp-json\/wp\/v2\/media?parent=44808"}],"wp:term":[{"taxonomy":"product_brand","embeddable":true,"href":"https:\/\/staging.nbg.eu\/pl\/wp-json\/wp\/v2\/product_brand?post=44808"},{"taxonomy":"product_cat","embeddable":true,"href":"https:\/\/staging.nbg.eu\/pl\/wp-json\/wp\/v2\/product_cat?post=44808"},{"taxonomy":"product_tag","embeddable":true,"href":"https:\/\/staging.nbg.eu\/pl\/wp-json\/wp\/v2\/product_tag?post=44808"}],"curies":[{"name":"wp","href":"https:\/\/api.w.org\/{rel}","templated":true}]}}