{"id":44786,"date":"2024-08-18T09:35:34","date_gmt":"2024-08-18T09:35:34","guid":{"rendered":"https:\/\/staging.nbg.eu\/product\/mr-bulletfeeder-pro-dropper-assembly-9-38s\/"},"modified":"2024-09-10T10:59:15","modified_gmt":"2024-09-10T10:59:15","slug":"zespol-podajnika-mr-bulletfeeder-pro-938s","status":"publish","type":"product","link":"https:\/\/staging.nbg.eu\/pl\/produkt\/zespol-podajnika-mr-bulletfeeder-pro-938s\/","title":{"rendered":"Zesp\u00f3\u0142 Podajnika Mr. Bulletfeeder Pro 9\/38S"},"content":{"rendered":"<p>Ulepsz sw\u00f3j zestaw do prze\u0142adowywania za pomoc\u0105 <strong>Zespo\u0142u podajnika Mr. Bulletfeeder Pro 9\/38S<\/strong>. Ten udoskonalony komponent charakteryzuje si\u0119:<\/p>\n<ul>\n<li>Ulepszon\u0105 wydajno\u015bci\u0105 opart\u0105 na grawitacji<\/li>\n<li>Podw\u00f3jnej d\u0142ugo\u015bci sekcj\u0105 mosi\u0119\u017cn\u0105 dla zwi\u0119kszonej wagi i niezawodno\u015bci<\/li>\n<li>Ca\u0142kowicie stalow\u0105 sekcj\u0105 matrycy dla zwi\u0119kszonej trwa\u0142o\u015bci<\/li>\n<li>Zapobiega zaci\u0119ciom spowodowanym napi\u0119ciem spr\u0119\u017cyny podaj\u0105cej lub tarciem<\/li>\n<li>Zaprojektowany dla os\u00f3b prze\u0142adowuj\u0105cych du\u017ce ilo\u015bci amunicji<\/li>\n<\/ul>\n<p>Do\u015bwiadcz konsekwentnego i efektywnego podawania pocisk\u00f3w dzi\u0119ki temu profesjonalnemu zespo\u0142owi podajnika.<\/p>\n","protected":false},"excerpt":{"rendered":"<p>Ulepszony, ci\u0119\u017cszy podajnik zapewniaj\u0105cy niezawodne podawanie naboj\u00f3w. Stalowe cz\u0119\u015bci gwarantuj\u0105ce trwa\u0142o\u015b\u0107.<\/p>\n","protected":false},"featured_media":27382,"template":"","meta":{"_acf_changed":false},"product_brand":[11278],"product_cat":[12573,12619],"product_tag":[],"class_list":{"0":"post-44786","1":"product","2":"type-product","3":"status-publish","4":"has-post-thumbnail","6":"product_brand-doublealpha","7":"product_cat-akcesoria-do-przeladunku","8":"product_cat-przeladowywanie","10":"first","11":"outofstock","12":"taxable","13":"shipping-taxable","14":"purchasable","15":"product-type-simple"},"acf":[],"_links":{"self":[{"href":"https:\/\/staging.nbg.eu\/pl\/wp-json\/wp\/v2\/product\/44786","targetHints":{"allow":["GET"]}}],"collection":[{"href":"https:\/\/staging.nbg.eu\/pl\/wp-json\/wp\/v2\/product"}],"about":[{"href":"https:\/\/staging.nbg.eu\/pl\/wp-json\/wp\/v2\/types\/product"}],"wp:featuredmedia":[{"embeddable":true,"href":"https:\/\/staging.nbg.eu\/pl\/wp-json\/wp\/v2\/media\/27382"}],"wp:attachment":[{"href":"https:\/\/staging.nbg.eu\/pl\/wp-json\/wp\/v2\/media?parent=44786"}],"wp:term":[{"taxonomy":"product_brand","embeddable":true,"href":"https:\/\/staging.nbg.eu\/pl\/wp-json\/wp\/v2\/product_brand?post=44786"},{"taxonomy":"product_cat","embeddable":true,"href":"https:\/\/staging.nbg.eu\/pl\/wp-json\/wp\/v2\/product_cat?post=44786"},{"taxonomy":"product_tag","embeddable":true,"href":"https:\/\/staging.nbg.eu\/pl\/wp-json\/wp\/v2\/product_tag?post=44786"}],"curies":[{"name":"wp","href":"https:\/\/api.w.org\/{rel}","templated":true}]}}