{"id":44716,"date":"2024-08-18T09:36:21","date_gmt":"2024-08-18T09:36:21","guid":{"rendered":"https:\/\/staging.nbg.eu\/product\/ced-deluxe-quick-patch-tape-gun\/"},"modified":"2024-09-10T09:16:17","modified_gmt":"2024-09-10T09:16:17","slug":"tasmociag-ced-deluxe-quick-patch","status":"publish","type":"product","link":"https:\/\/staging.nbg.eu\/pl\/produkt\/tasmociag-ced-deluxe-quick-patch\/","title":{"rendered":"Ta\u015bmoci\u0105g Ced Deluxe Quick Patch"},"content":{"rendered":"<p>Przedstawiamy pistolet do naklejania \u0142atek CED Deluxe Quick Patch: Ostateczne rozwi\u0105zanie do zaklejania otwor\u00f3w w tarczach!<\/p>\n<ul>\n<li>Szybszy i \u0142atwiejszy ni\u017c r\u0119czne zaklejanie<\/li>\n<li>Kompatybilny z wi\u0119kszo\u015bci\u0105 pe\u0142nowymiarowych \u0142atek<\/li>\n<li>Prosta obs\u0142uga: \u015bci\u015bnij i zwolnij<\/li>\n<li>\u0141atwy w celowaniu, u\u017cyciu i prze\u0142adowaniu<\/li>\n<li>Zwi\u0119ksza efektywno\u015b\u0107 i oszcz\u0119dza czas<\/li>\n<li>Przyjemny i bezwysi\u0142kowy w u\u017cyciu<\/li>\n<\/ul>\n<p>Ulepsz swoje treningi strzeleckie dzi\u0119ki pistoletowi CED Deluxe &#8211; kompleksowemu narz\u0119dziu do szybkiego i efektywnego zaklejania!<\/p>\n","protected":false},"excerpt":{"rendered":"<p>Wydajne narz\u0119dzie do naprawiania tarcz strzelniczych. \u0141atwe w u\u017cyciu, \u0142adowaniu i celowaniu. \u015awietna zabawa!<\/p>\n","protected":false},"featured_media":27520,"template":"","meta":{"_acf_changed":false},"product_brand":[11278],"product_cat":[12588,12621,12596],"product_tag":[],"class_list":{"0":"post-44716","1":"product","2":"type-product","3":"status-publish","4":"has-post-thumbnail","6":"product_brand-doublealpha","7":"product_cat-laty-i-patchguny","8":"product_cat-tarcze","9":"product_cat-tarcze-papierowe","11":"first","12":"instock","13":"taxable","14":"shipping-taxable","15":"purchasable","16":"product-type-simple"},"acf":[],"_links":{"self":[{"href":"https:\/\/staging.nbg.eu\/pl\/wp-json\/wp\/v2\/product\/44716","targetHints":{"allow":["GET"]}}],"collection":[{"href":"https:\/\/staging.nbg.eu\/pl\/wp-json\/wp\/v2\/product"}],"about":[{"href":"https:\/\/staging.nbg.eu\/pl\/wp-json\/wp\/v2\/types\/product"}],"wp:featuredmedia":[{"embeddable":true,"href":"https:\/\/staging.nbg.eu\/pl\/wp-json\/wp\/v2\/media\/27520"}],"wp:attachment":[{"href":"https:\/\/staging.nbg.eu\/pl\/wp-json\/wp\/v2\/media?parent=44716"}],"wp:term":[{"taxonomy":"product_brand","embeddable":true,"href":"https:\/\/staging.nbg.eu\/pl\/wp-json\/wp\/v2\/product_brand?post=44716"},{"taxonomy":"product_cat","embeddable":true,"href":"https:\/\/staging.nbg.eu\/pl\/wp-json\/wp\/v2\/product_cat?post=44716"},{"taxonomy":"product_tag","embeddable":true,"href":"https:\/\/staging.nbg.eu\/pl\/wp-json\/wp\/v2\/product_tag?post=44716"}],"curies":[{"name":"wp","href":"https:\/\/api.w.org\/{rel}","templated":true}]}}