{"id":44694,"date":"2024-08-18T09:36:41","date_gmt":"2024-08-18T09:36:41","guid":{"rendered":"https:\/\/staging.nbg.eu\/product\/mr-bulletfeeder-pro-9-38s\/"},"modified":"2024-09-10T09:12:29","modified_gmt":"2024-09-10T09:12:29","slug":"mrbulletfeeder-pro-938s","status":"publish","type":"product","link":"https:\/\/staging.nbg.eu\/pl\/produkt\/mrbulletfeeder-pro-938s\/","title":{"rendered":"Mr.Bulletfeeder Pro 9\/38S"},"content":{"rendered":"<div class=\"product-description\">\n<h2>Mr.Bulletfeeder Pro 9\/38S<\/h2>\n<p>Podnie\u015b poziom swojego prze\u0142adowywania dzi\u0119ki Mr.Bulletfeeder Pro 9\/38S, ostatecznemu rozwi\u0105zaniu do produkcji amunicji o du\u017cej obj\u0119to\u015bci. Ten zaawansowany podajnik pocisk\u00f3w mo\u017ce pochwali\u0107 si\u0119:<\/p>\n<ul>\n<li>Ogromna pojemno\u015b\u0107: Mie\u015bci ponad 1000 pocisk\u00f3w 9mm 124 gr<\/li>\n<li>Imponuj\u0105ca wydajno\u015b\u0107: Do 7200 pocisk\u00f3w na godzin\u0119<\/li>\n<li>Solidna konstrukcja: Stalowa matryca podaj\u0105ca dla zwi\u0119kszonej trwa\u0142o\u015bci<\/li>\n<li>Regulowany stojak: Aluminiowy, teleskopowy i regulowany na wysoko\u015b\u0107 dla optymalnego ustawienia<\/li>\n<li>Ulepszona niezawodno\u015b\u0107: Ci\u0119\u017csze komponenty zapewniaj\u0105 sta\u0142\u0105 wydajno\u015b\u0107<\/li>\n<\/ul>\n<p>Idealny dla komercyjnych prze\u0142adowywaczy i strzelc\u00f3w o du\u017cej obj\u0119to\u015bci, Mr.Bulletfeeder Pro 9\/38S usprawnia proces produkcji amunicji, oszcz\u0119dzaj\u0105c czas i wysi\u0142ek.<\/p>\n<\/div>\n","protected":false},"excerpt":{"rendered":"<p>Mr.Bulletfeeder Pro 9\/38S: Podajnik pocisk\u00f3w o du\u017cej pojemno\u015bci dla powa\u017cnych u\u017cytkownik\u00f3w prasy do elaboracji amunicji.<\/p>\n","protected":false},"featured_media":27543,"template":"","meta":{"_acf_changed":false},"product_brand":[11278],"product_cat":[12591,12619],"product_tag":[],"class_list":{"0":"post-44694","1":"product","2":"type-product","3":"status-publish","4":"has-post-thumbnail","6":"product_brand-doublealpha","7":"product_cat-maszyny-do-przeladunku","8":"product_cat-przeladowywanie","10":"first","11":"outofstock","12":"taxable","13":"shipping-taxable","14":"purchasable","15":"product-type-simple"},"acf":[],"_links":{"self":[{"href":"https:\/\/staging.nbg.eu\/pl\/wp-json\/wp\/v2\/product\/44694","targetHints":{"allow":["GET"]}}],"collection":[{"href":"https:\/\/staging.nbg.eu\/pl\/wp-json\/wp\/v2\/product"}],"about":[{"href":"https:\/\/staging.nbg.eu\/pl\/wp-json\/wp\/v2\/types\/product"}],"wp:featuredmedia":[{"embeddable":true,"href":"https:\/\/staging.nbg.eu\/pl\/wp-json\/wp\/v2\/media\/27543"}],"wp:attachment":[{"href":"https:\/\/staging.nbg.eu\/pl\/wp-json\/wp\/v2\/media?parent=44694"}],"wp:term":[{"taxonomy":"product_brand","embeddable":true,"href":"https:\/\/staging.nbg.eu\/pl\/wp-json\/wp\/v2\/product_brand?post=44694"},{"taxonomy":"product_cat","embeddable":true,"href":"https:\/\/staging.nbg.eu\/pl\/wp-json\/wp\/v2\/product_cat?post=44694"},{"taxonomy":"product_tag","embeddable":true,"href":"https:\/\/staging.nbg.eu\/pl\/wp-json\/wp\/v2\/product_tag?post=44694"}],"curies":[{"name":"wp","href":"https:\/\/api.w.org\/{rel}","templated":true}]}}