{"id":44672,"date":"2024-08-18T09:37:01","date_gmt":"2024-08-18T09:37:01","guid":{"rendered":"https:\/\/staging.nbg.eu\/product\/daa-carry-it-all-cia-backpack\/"},"modified":"2024-09-10T09:08:54","modified_gmt":"2024-09-10T09:08:54","slug":"plecak-daa-carry-it-all-cia","status":"publish","type":"product","link":"https:\/\/staging.nbg.eu\/pl\/produkt\/plecak-daa-carry-it-all-cia\/","title":{"rendered":"Plecak Daa Carry It All (Cia)"},"content":{"rendered":"<h2>Plecak DAA Carry It All (CIA)<\/h2>\n<p>Najlepszy towarzysz na strzelnicy dla oddanych strzelc\u00f3w IPSC, plecak Double-Alpha CIA zosta\u0142 zaprojektowany, aby spe\u0142ni\u0107 i przewy\u017cszy\u0107 Twoje oczekiwania.<\/p>\n<h2>G\u0142\u00f3wne cechy:<\/h2>\n<ul>\n<li>Wytrzyma\u0142y materia\u0142 D600 Cordura o w\u0142a\u015bciwo\u015bciach wodoodpornych<\/li>\n<li>Dno wy\u0142o\u017cone Hypalonem dla dodatkowej ochrony<\/li>\n<li>Wn\u0119trze wy\u0142o\u017cone rzepem do personalizacji przechowywania<\/li>\n<li>Wyjmowana centralna przegroda<\/li>\n<li>Przestronna g\u00f3rna przednia kiesze\u0144 na ochronniki s\u0142uchu<\/li>\n<li>Zewn\u0119trzny panel na rzep do personalizacji<\/li>\n<li>Paski MOLLE do dodatkowych mocowa\u0144<\/li>\n<li>Wygodne, odpinane szelki<\/li>\n<li>Ergonomiczny design dla optymalnego rozk\u0142adu ci\u0119\u017caru<\/li>\n<\/ul>\n<h2>Specyfikacja:<\/h2>\n<ul>\n<li>Wymiary: 42S x 27G x 56W cm<\/li>\n<li>Pojemno\u015b\u0107: Ok. 37L<\/li>\n<li>Waga: 2,8 kg<\/li>\n<li>Kolor: Czarny<\/li>\n<\/ul>\n<p>Do\u015bwiadcz idealnego po\u0142\u0105czenia trwa\u0142o\u015bci, funkcjonalno\u015bci i komfortu z plecakiem DAA CIA \u2013 Twoim niezb\u0119dnym wyposa\u017ceniem na lata niezawodnej s\u0142u\u017cby na strzelnicy.<\/p>\n","protected":false},"excerpt":{"rendered":"<p>Plecak DAA CIA: Wytrzyma\u0142a, uniwersalna torba strzelecka dla strzelc\u00f3w IPSC.<\/p>\n","protected":false},"featured_media":27773,"template":"","meta":{"_acf_changed":false},"product_brand":[11278],"product_cat":[12590,12636],"product_tag":[],"class_list":{"0":"post-44672","1":"product","2":"type-product","3":"status-publish","4":"has-post-thumbnail","6":"product_brand-doublealpha","7":"product_cat-sprzet","8":"product_cat-torby-strzeleckie","10":"first","11":"outofstock","12":"taxable","13":"shipping-taxable","14":"purchasable","15":"product-type-simple"},"acf":[],"_links":{"self":[{"href":"https:\/\/staging.nbg.eu\/pl\/wp-json\/wp\/v2\/product\/44672","targetHints":{"allow":["GET"]}}],"collection":[{"href":"https:\/\/staging.nbg.eu\/pl\/wp-json\/wp\/v2\/product"}],"about":[{"href":"https:\/\/staging.nbg.eu\/pl\/wp-json\/wp\/v2\/types\/product"}],"wp:featuredmedia":[{"embeddable":true,"href":"https:\/\/staging.nbg.eu\/pl\/wp-json\/wp\/v2\/media\/27773"}],"wp:attachment":[{"href":"https:\/\/staging.nbg.eu\/pl\/wp-json\/wp\/v2\/media?parent=44672"}],"wp:term":[{"taxonomy":"product_brand","embeddable":true,"href":"https:\/\/staging.nbg.eu\/pl\/wp-json\/wp\/v2\/product_brand?post=44672"},{"taxonomy":"product_cat","embeddable":true,"href":"https:\/\/staging.nbg.eu\/pl\/wp-json\/wp\/v2\/product_cat?post=44672"},{"taxonomy":"product_tag","embeddable":true,"href":"https:\/\/staging.nbg.eu\/pl\/wp-json\/wp\/v2\/product_tag?post=44672"}],"curies":[{"name":"wp","href":"https:\/\/api.w.org\/{rel}","templated":true}]}}