{"id":44650,"date":"2024-08-18T09:37:34","date_gmt":"2024-09-10T09:03:09","guid":{"rendered":"https:\/\/staging.nbg.eu\/product\/flex-holster-spare-slide-lock-teeth-set\/"},"modified":"2024-09-10T09:03:58","modified_gmt":"2024-09-10T09:03:58","slug":"kabura-flex-zapasowy-zestaw-zebow-blokady-zamka","status":"publish","type":"product","link":"https:\/\/staging.nbg.eu\/pl\/produkt\/kabura-flex-zapasowy-zestaw-zebow-blokady-zamka\/","title":{"rendered":"Kabura Flex &#8211; Zapasowy Zestaw Z\u0119b\u00f3w Blokady Zamka"},"content":{"rendered":"<div class=\"product-description\">\n<h2>Kabura Flex &#8211; Zestaw zapasowych z\u0119b\u00f3w blokady przesuwnej<\/h2>\n<p>Ulepsz swoj\u0105 kabur\u0119 Flex za pomoc\u0105 tego zestawu wymiennych czerwonych z\u0119b\u00f3w blokady przesuwnej. Kompatybilny zar\u00f3wno z wk\u0142adkami typu A, jak i typu B, zestaw zawiera:<\/p>\n<ul>\n<li>Czerwone z\u0119by blokady przesuwnej<\/li>\n<li>Elementy monta\u017cowe (\u015bruby i nakr\u0119tki)<\/li>\n<\/ul>\n<p>\u0141atwo ulepszysz lub wymienisz istniej\u0105ce z\u0119by, aby uzyska\u0107 optymaln\u0105 wydajno\u015b\u0107 i pewne dopasowanie.<\/p>\n<\/div>\n","protected":false},"excerpt":{"rendered":"<p>Zapasowe czerwone z\u0119by blokuj\u0105ce z zamkiem przesuwnym do kabury Flex, wraz z osprz\u0119tem.<\/p>\n","protected":false},"featured_media":30506,"template":"","meta":{"_acf_changed":false},"product_brand":[11278],"product_cat":[12610,12577,12615],"product_tag":[],"class_list":{"0":"post-44650","1":"product","2":"type-product","3":"status-publish","4":"has-post-thumbnail","6":"product_brand-doublealpha","7":"product_cat-akcesoria-do-kabur","8":"product_cat-kabura","9":"product_cat-kabura-sportowa","11":"first","12":"instock","13":"taxable","14":"shipping-taxable","15":"purchasable","16":"product-type-simple"},"acf":[],"_links":{"self":[{"href":"https:\/\/staging.nbg.eu\/pl\/wp-json\/wp\/v2\/product\/44650","targetHints":{"allow":["GET"]}}],"collection":[{"href":"https:\/\/staging.nbg.eu\/pl\/wp-json\/wp\/v2\/product"}],"about":[{"href":"https:\/\/staging.nbg.eu\/pl\/wp-json\/wp\/v2\/types\/product"}],"wp:featuredmedia":[{"embeddable":true,"href":"https:\/\/staging.nbg.eu\/pl\/wp-json\/wp\/v2\/media\/30506"}],"wp:attachment":[{"href":"https:\/\/staging.nbg.eu\/pl\/wp-json\/wp\/v2\/media?parent=44650"}],"wp:term":[{"taxonomy":"product_brand","embeddable":true,"href":"https:\/\/staging.nbg.eu\/pl\/wp-json\/wp\/v2\/product_brand?post=44650"},{"taxonomy":"product_cat","embeddable":true,"href":"https:\/\/staging.nbg.eu\/pl\/wp-json\/wp\/v2\/product_cat?post=44650"},{"taxonomy":"product_tag","embeddable":true,"href":"https:\/\/staging.nbg.eu\/pl\/wp-json\/wp\/v2\/product_tag?post=44650"}],"curies":[{"name":"wp","href":"https:\/\/api.w.org\/{rel}","templated":true}]}}