{"id":44628,"date":"2024-08-18T09:37:54","date_gmt":"2024-08-18T09:37:54","guid":{"rendered":"https:\/\/staging.nbg.eu\/product\/daa-primer-pickup-tubes-5-pack-small\/"},"modified":"2024-09-10T08:59:02","modified_gmt":"2024-09-10T08:59:02","slug":"rurki-do-zbierania-splonek-daa-5-pak-male","status":"publish","type":"product","link":"https:\/\/staging.nbg.eu\/pl\/produkt\/rurki-do-zbierania-splonek-daa-5-pak-male\/","title":{"rendered":"Rurki do Zbierania Sp\u0142onek Daa, 5-pak, Ma\u0142e"},"content":{"rendered":"<div class=\"product-description\">\n<h2>Rurki do zbierania sp\u0142onek DAA, zestaw 5 sztuk, ma\u0142e<\/h2>\n<p>Podnie\u015b jako\u015b\u0107 swojego do\u015bwiadczenia w prze\u0142adowywaniu amunicji dzi\u0119ki rurkom do zbierania sp\u0142onek DAA. Wykonane z wysokiej jako\u015bci aluminium przy u\u017cyciu niestandardowych narz\u0119dzi do wyt\u0142aczania, oferuj\u0105 niezr\u00f3wnan\u0105 dok\u0142adno\u015b\u0107 i wyko\u0144czenie. Czerwone anodowane wyko\u0144czenie dla ma\u0142ych sp\u0142onek zapewnia \u0142atw\u0105 identyfikacj\u0119 i dodaje elegancki wygl\u0105d.<\/p>\n<ul>\n<li>Ergonomiczny koniec do zbierania z szerszym obszarem podparcia palc\u00f3w zapobiega zm\u0119czeniu d\u0142oni<\/li>\n<li>Przeprojektowana ko\u0144c\u00f3wka z podw\u00f3jnymi z\u0119bami dla pewnego chwytu sp\u0142onki<\/li>\n<li>Przezroczyste ko\u0144c\u00f3wki dla \u0142atwej widoczno\u015bci sp\u0142onek<\/li>\n<li>Mocno dopasowane ko\u0144ce zapobiegaj\u0105 przypadkowemu od\u0142\u0105czeniu<\/li>\n<li>Konsekwentne wewn\u0119trzne i zewn\u0119trzne fazowanie dla optymalnego podawania<\/li>\n<\/ul>\n<p>Do\u015bwiadcz komfortu i efektywno\u015bci rurek do zbierania sp\u0142onek DAA w procesie prze\u0142adowywania. Ulepsz sw\u00f3j zestaw ju\u017c dzi\u015b!<\/p>\n<\/div>\n","protected":false},"excerpt":{"rendered":"<p>Rurki do pobierania primer\u00f3w DAA: zestaw 5 sztuk, ma\u0142e, czerwone anodyzowane aluminium, ergonomiczna konstrukcja.<\/p>\n","protected":false},"featured_media":28049,"template":"","meta":{"_acf_changed":false},"product_brand":[11278],"product_cat":[12573,12619],"product_tag":[],"class_list":{"0":"post-44628","1":"product","2":"type-product","3":"status-publish","4":"has-post-thumbnail","6":"product_brand-doublealpha","7":"product_cat-akcesoria-do-przeladunku","8":"product_cat-przeladowywanie","10":"first","11":"outofstock","12":"taxable","13":"shipping-taxable","14":"purchasable","15":"product-type-simple"},"acf":[],"_links":{"self":[{"href":"https:\/\/staging.nbg.eu\/pl\/wp-json\/wp\/v2\/product\/44628","targetHints":{"allow":["GET"]}}],"collection":[{"href":"https:\/\/staging.nbg.eu\/pl\/wp-json\/wp\/v2\/product"}],"about":[{"href":"https:\/\/staging.nbg.eu\/pl\/wp-json\/wp\/v2\/types\/product"}],"wp:featuredmedia":[{"embeddable":true,"href":"https:\/\/staging.nbg.eu\/pl\/wp-json\/wp\/v2\/media\/28049"}],"wp:attachment":[{"href":"https:\/\/staging.nbg.eu\/pl\/wp-json\/wp\/v2\/media?parent=44628"}],"wp:term":[{"taxonomy":"product_brand","embeddable":true,"href":"https:\/\/staging.nbg.eu\/pl\/wp-json\/wp\/v2\/product_brand?post=44628"},{"taxonomy":"product_cat","embeddable":true,"href":"https:\/\/staging.nbg.eu\/pl\/wp-json\/wp\/v2\/product_cat?post=44628"},{"taxonomy":"product_tag","embeddable":true,"href":"https:\/\/staging.nbg.eu\/pl\/wp-json\/wp\/v2\/product_tag?post=44628"}],"curies":[{"name":"wp","href":"https:\/\/api.w.org\/{rel}","templated":true}]}}