{"id":44550,"date":"2024-08-18T09:38:53","date_gmt":"2024-08-18T09:38:53","guid":{"rendered":"https:\/\/staging.nbg.eu\/product\/alpha-xi-pouch-without-inlay\/"},"modified":"2024-09-10T08:39:53","modified_gmt":"2024-09-10T08:39:53","slug":"ladownica-alpha-xi-bez-wkladki","status":"publish","type":"product","link":"https:\/\/staging.nbg.eu\/pl\/produkt\/ladownica-alpha-xi-bez-wkladki\/","title":{"rendered":"\u0141adownica Alpha-Xi bez Wk\u0142adki"},"content":{"rendered":"<h2>\u0141adownica Alpha-Xi bez wk\u0142adki &#8211; Wyko\u0144czenie<\/h2>\n<p>Przedstawiamy \u0142adownic\u0119 na magazynki Alpha-Xi, rewolucyjny projekt w dziedzinie sprz\u0119tu taktycznego. Ta \u0142adownica posiada:<\/p>\n<ul>\n<li>Zwi\u0119kszon\u0105 trwa\u0142o\u015b\u0107 dzi\u0119ki mocowaniu na \u015brub\u0119 z szerok\u0105 g\u0142\u00f3wk\u0105<\/li>\n<li>8 wszechstronnych punkt\u00f3w po\u0142\u0105czenia dla optymalnego pozycjonowania<\/li>\n<li>Trzy opcje wysoko\u015bci dla strzelc\u00f3w prawo- i lewor\u0119cznych<\/li>\n<li>Dwie opcje wysoko\u015bci dla monta\u017cu z nabojami na zewn\u0105trz<\/li>\n<li>Po\u0142\u0105czenie na zasadzie wpustu dla niezachwianej stabilno\u015bci<\/li>\n<\/ul>\n<p>Udoskonalone po\u0142\u0105czenie kulowe Alpha-Xi zapewnia niezr\u00f3wnan\u0105 wytrzyma\u0142o\u015b\u0107, nawet w intensywnych warunkach. Niezale\u017cnie od tego, czy przyjmujesz pozycj\u0119 le\u017c\u0105c\u0105, czy pokonujesz przeszkody, ta \u0142adownica sprosta wyzwaniu. Do\u015bwiadcz nowego poziomu przenoszenia magazynk\u00f3w z \u0142adownic\u0105 Alpha-Xi &#8211; trwa\u0142o\u015b\u0107 i elastyczno\u015b\u0107 na nowo zdefiniowane.<\/p>\n<p><strong>Uwaga:<\/strong> Ta wersja nie zawiera wk\u0142adki.<\/p>\n","protected":false},"excerpt":{"rendered":"<p>Wytrzyma\u0142a \u0142adownica na magazynki z zaawansowanym mocowaniem do paska na przegubie kulowym.<\/p>\n","protected":false},"featured_media":28279,"template":"","meta":{"_acf_changed":false},"product_brand":[11278],"product_cat":[12577,12615,12566,12581,12590],"product_tag":[],"class_list":{"0":"post-44550","1":"product","2":"type-product","3":"status-publish","4":"has-post-thumbnail","6":"product_brand-doublealpha","7":"product_cat-kabura","8":"product_cat-kabura-sportowa","9":"product_cat-ladownice-na-magazynki","10":"product_cat-sakwy","11":"product_cat-sprzet","13":"first","14":"instock","15":"taxable","16":"shipping-taxable","17":"purchasable","18":"product-type-simple"},"acf":[],"_links":{"self":[{"href":"https:\/\/staging.nbg.eu\/pl\/wp-json\/wp\/v2\/product\/44550","targetHints":{"allow":["GET"]}}],"collection":[{"href":"https:\/\/staging.nbg.eu\/pl\/wp-json\/wp\/v2\/product"}],"about":[{"href":"https:\/\/staging.nbg.eu\/pl\/wp-json\/wp\/v2\/types\/product"}],"wp:featuredmedia":[{"embeddable":true,"href":"https:\/\/staging.nbg.eu\/pl\/wp-json\/wp\/v2\/media\/28279"}],"wp:attachment":[{"href":"https:\/\/staging.nbg.eu\/pl\/wp-json\/wp\/v2\/media?parent=44550"}],"wp:term":[{"taxonomy":"product_brand","embeddable":true,"href":"https:\/\/staging.nbg.eu\/pl\/wp-json\/wp\/v2\/product_brand?post=44550"},{"taxonomy":"product_cat","embeddable":true,"href":"https:\/\/staging.nbg.eu\/pl\/wp-json\/wp\/v2\/product_cat?post=44550"},{"taxonomy":"product_tag","embeddable":true,"href":"https:\/\/staging.nbg.eu\/pl\/wp-json\/wp\/v2\/product_tag?post=44550"}],"curies":[{"name":"wp","href":"https:\/\/api.w.org\/{rel}","templated":true}]}}