{"id":44505,"date":"2024-08-18T09:39:25","date_gmt":"2024-08-18T09:39:25","guid":{"rendered":"https:\/\/staging.nbg.eu\/product\/corn-cob-media-4kg\/"},"modified":"2024-09-10T08:26:30","modified_gmt":"2024-09-10T08:26:30","slug":"granulat-z-kolb-kukurydzy-4kg","status":"publish","type":"product","link":"https:\/\/staging.nbg.eu\/pl\/produkt\/granulat-z-kolb-kukurydzy-4kg\/","title":{"rendered":"Granulat z Kolb Kukurydzy 4Kg"},"content":{"rendered":"<h2>\u015acierniwo z Kolb Kukurydzy 4Kg<\/h2>\n<p>Podnie\u015b poziom czyszczenia \u0142usek z naszym wysokiej jako\u015bci \u015bcierniwem z kolb kukurydzy o wadze 4kg. Ten najwy\u017cszej jako\u015bci produkt zosta\u0142 zaprojektowany, aby:<\/p>\n<ul>\n<li>Usuwa\u0107 piasek, brud i pozosta\u0142o\u015bci prochu z \u0142usek<\/li>\n<li>Nadawa\u0107 \u0142uskom pi\u0119kny po\u0142ysk<\/li>\n<li>Czy\u015bci\u0107 nawet najmniejsze zakamarki kraw\u0119dzi \u0142usek i kieszeni sp\u0142onek<\/li>\n<\/ul>\n<p>Idealne do u\u017cytku w ma\u0142ych i \u015brednich polerkarkich b\u0119bnowych i wibracyjnych, nasze drobnoziarniste \u015bcierniwo zapewnia dok\u0142adne czyszczenie \u0142usek. Ilo\u015b\u0107 4kg pozwala na wielokrotne u\u017cycie, zapewniaj\u0105c doskona\u0142y stosunek jako\u015bci do ceny.<\/p>\n<p>Cho\u0107 to \u015bcierniwo mo\u017cna u\u017cywa\u0107 wielokrotnie, zalecamy okresow\u0105 wymian\u0119, aby utrzyma\u0107 optymalne efekty czyszczenia. Zainwestuj w nasze \u015acierniwo z Kolb Kukurydzy ju\u017c dzi\u015b i do\u015bwiadcz r\u00f3\u017cnicy w procesie elaboracji!<\/p>\n","protected":false},"excerpt":{"rendered":"<p>4 kg kukurydziana \u015bruta: Czy\u015bci i poleruje mosi\u0119\u017cne \u0142uski, wielokrotnego u\u017cytku.<\/p>\n","protected":false},"featured_media":28578,"template":"","meta":{"_acf_changed":false},"product_brand":[],"product_cat":[12619,12617],"product_tag":[],"class_list":{"0":"post-44505","1":"product","2":"type-product","3":"status-publish","4":"has-post-thumbnail","6":"product_cat-przeladowywanie","7":"product_cat-przygotowanie-lusek","9":"first","10":"outofstock","11":"taxable","12":"shipping-taxable","13":"purchasable","14":"product-type-simple"},"acf":[],"_links":{"self":[{"href":"https:\/\/staging.nbg.eu\/pl\/wp-json\/wp\/v2\/product\/44505","targetHints":{"allow":["GET"]}}],"collection":[{"href":"https:\/\/staging.nbg.eu\/pl\/wp-json\/wp\/v2\/product"}],"about":[{"href":"https:\/\/staging.nbg.eu\/pl\/wp-json\/wp\/v2\/types\/product"}],"wp:featuredmedia":[{"embeddable":true,"href":"https:\/\/staging.nbg.eu\/pl\/wp-json\/wp\/v2\/media\/28578"}],"wp:attachment":[{"href":"https:\/\/staging.nbg.eu\/pl\/wp-json\/wp\/v2\/media?parent=44505"}],"wp:term":[{"taxonomy":"product_brand","embeddable":true,"href":"https:\/\/staging.nbg.eu\/pl\/wp-json\/wp\/v2\/product_brand?post=44505"},{"taxonomy":"product_cat","embeddable":true,"href":"https:\/\/staging.nbg.eu\/pl\/wp-json\/wp\/v2\/product_cat?post=44505"},{"taxonomy":"product_tag","embeddable":true,"href":"https:\/\/staging.nbg.eu\/pl\/wp-json\/wp\/v2\/product_tag?post=44505"}],"curies":[{"name":"wp","href":"https:\/\/api.w.org\/{rel}","templated":true}]}}