{"id":44483,"date":"2024-08-18T09:39:38","date_gmt":"2024-08-18T09:39:38","guid":{"rendered":"https:\/\/staging.nbg.eu\/product\/sordin-silicone-gel-replacement-ear-pads\/"},"modified":"2024-09-10T08:15:46","modified_gmt":"2024-09-10T08:15:46","slug":"silikonowe-zelowe-wymienne-nauszniki-sordin","status":"publish","type":"product","link":"https:\/\/staging.nbg.eu\/pl\/produkt\/silikonowe-zelowe-wymienne-nauszniki-sordin\/","title":{"rendered":"Silikonowe \u017belowe Wymienne Nauszniki Sordin"},"content":{"rendered":"<div class=\"product-description\">\n<h2>Silikonowo-\u017celowe wymienne poduszki do s\u0142uchawek Sordin<\/h2>\n<p>Ulepsz swoje ochronniki s\u0142uchu Sordin dzi\u0119ki naszemu zestawowi wymiennych poduszek silikonowo-\u017celowych, zawieraj\u0105cemu:<\/p>\n<ul>\n<li>2 silikonowo-\u017celowe poduszki na uszy<\/li>\n<li>2 podk\u0142adki izolacyjne<\/li>\n<\/ul>\n<p>Do\u015bwiadcz doskona\u0142ego komfortu i ochrony przed ha\u0142asem dzi\u0119ki tym innowacyjnym \u017celowym poduszkom, kt\u00f3re dopasowuj\u0105 si\u0119 do kontur\u00f3w Twojej g\u0142owy. Idealne do u\u017cytku z okularami strzeleckimi, dostosowuj\u0105 si\u0119 do zausznik\u00f3w, zapewniaj\u0105c lepsz\u0105 ochron\u0119 i komfort.<\/p>\n<p>Kompatybilne ze wszystkimi modelami Sordin: Supreme Pro, Pro-X i Pro+3. \u0141atwe w instalacji, nie wymagaj\u0105 \u017cadnych modyfikacji.<\/p>\n<p>Popraw higien\u0119 i wydajno\u015b\u0107, regularnie wymieniaj\u0105c poduszki na uszy. Wypr\u00f3buj te \u017celowe poduszki, aby naprawd\u0119 doceni\u0107 r\u00f3\u017cnic\u0119 w komforcie i izolacji d\u017awi\u0119ku.<\/p>\n<\/div>\n","protected":false},"excerpt":{"rendered":"<p>Silikonowe \u017celowe nauszniki do s\u0142uchawek Sordin. Zwi\u0119kszony komfort i lepsza ochrona przed ha\u0142asem.<\/p>\n","protected":false},"featured_media":28601,"template":"","meta":{"_acf_changed":false},"product_brand":[],"product_cat":[12585,12590],"product_tag":[],"class_list":{"0":"post-44483","1":"product","2":"type-product","3":"status-publish","4":"has-post-thumbnail","6":"product_cat-ochrona-sluchu","7":"product_cat-sprzet","9":"first","10":"outofstock","11":"taxable","12":"shipping-taxable","13":"purchasable","14":"product-type-simple"},"acf":[],"_links":{"self":[{"href":"https:\/\/staging.nbg.eu\/pl\/wp-json\/wp\/v2\/product\/44483","targetHints":{"allow":["GET"]}}],"collection":[{"href":"https:\/\/staging.nbg.eu\/pl\/wp-json\/wp\/v2\/product"}],"about":[{"href":"https:\/\/staging.nbg.eu\/pl\/wp-json\/wp\/v2\/types\/product"}],"wp:featuredmedia":[{"embeddable":true,"href":"https:\/\/staging.nbg.eu\/pl\/wp-json\/wp\/v2\/media\/28601"}],"wp:attachment":[{"href":"https:\/\/staging.nbg.eu\/pl\/wp-json\/wp\/v2\/media?parent=44483"}],"wp:term":[{"taxonomy":"product_brand","embeddable":true,"href":"https:\/\/staging.nbg.eu\/pl\/wp-json\/wp\/v2\/product_brand?post=44483"},{"taxonomy":"product_cat","embeddable":true,"href":"https:\/\/staging.nbg.eu\/pl\/wp-json\/wp\/v2\/product_cat?post=44483"},{"taxonomy":"product_tag","embeddable":true,"href":"https:\/\/staging.nbg.eu\/pl\/wp-json\/wp\/v2\/product_tag?post=44483"}],"curies":[{"name":"wp","href":"https:\/\/api.w.org\/{rel}","templated":true}]}}