{"id":44227,"date":"2024-08-18T19:27:11","date_gmt":"2024-09-10T07:41:50","guid":{"rendered":"https:\/\/staging.nbg.eu\/product\/flex-holster-lh-rh-aluminum-assembly\/"},"modified":"2024-09-10T07:42:42","modified_gmt":"2024-09-10T07:42:42","slug":"zestaw-aluminiowy-kabura-flex-lhrh","status":"publish","type":"product","link":"https:\/\/staging.nbg.eu\/pl\/produkt\/zestaw-aluminiowy-kabura-flex-lhrh\/","title":{"rendered":"Zestaw Aluminiowy Kabura Flex Lh\/Rh"},"content":{"rendered":"<h2>Kabura Flex Lewa\/Prawa Konstrukcja Aluminiowa<\/h2>\n<p>Kabura Flex to wysokiej klasy kabura konkurencyjna, zaprojektowana do pas\u00f3w o szeroko\u015bci 1,5&#8243;, idealnie kompatybilna z pasami DAA LYNX i Premium. G\u0142\u00f3wne cechy to:<\/p>\n<ul>\n<li>W pe\u0142ni frezowana konstrukcja aluminiowa CNC dla niezr\u00f3wnanej sztywno\u015bci i trwa\u0142o\u015bci<\/li>\n<li>Od\u0142\u0105czany uchwyt do pasa dla \u0142atwego transportu i przechowywania<\/li>\n<li>Innowacyjny system regulacji nachylenia dla spersonalizowanego komfortu<\/li>\n<li>Do\u0142\u0105czona podk\u0142adka udowa dla zwi\u0119kszonej stabilno\u015bci<\/li>\n<\/ul>\n<p>Unikalne opcje nachylenia pozwalaj\u0105 na ustawienie kabury pionowo lub pod r\u00f3\u017cnymi k\u0105tami, zapewniaj\u0105c optymalny komfort niezale\u017cnie od typu sylwetki czy pozycji pasa. Do\u015bwiadcz najwy\u017cszego poziomu personalizacji i wydajno\u015bci z kabur\u0105 Flex.<\/p>\n","protected":false},"excerpt":{"rendered":"<p>Wytrzyma\u0142a kabura z aluminium CNC z regulowanym nachyleniem i od\u0142\u0105czanym wieszakiem.<\/p>\n","protected":false},"featured_media":28877,"template":"","meta":{"_acf_changed":false},"product_brand":[11278],"product_cat":[12610,12577,12615,12590],"product_tag":[],"class_list":{"0":"post-44227","1":"product","2":"type-product","3":"status-publish","4":"has-post-thumbnail","6":"product_brand-doublealpha","7":"product_cat-akcesoria-do-kabur","8":"product_cat-kabura","9":"product_cat-kabura-sportowa","10":"product_cat-sprzet","12":"first","13":"instock","14":"taxable","15":"shipping-taxable","16":"purchasable","17":"product-type-variable","18":"wvs-archive-product-wrapper"},"acf":[],"_links":{"self":[{"href":"https:\/\/staging.nbg.eu\/pl\/wp-json\/wp\/v2\/product\/44227","targetHints":{"allow":["GET"]}}],"collection":[{"href":"https:\/\/staging.nbg.eu\/pl\/wp-json\/wp\/v2\/product"}],"about":[{"href":"https:\/\/staging.nbg.eu\/pl\/wp-json\/wp\/v2\/types\/product"}],"wp:featuredmedia":[{"embeddable":true,"href":"https:\/\/staging.nbg.eu\/pl\/wp-json\/wp\/v2\/media\/28877"}],"wp:attachment":[{"href":"https:\/\/staging.nbg.eu\/pl\/wp-json\/wp\/v2\/media?parent=44227"}],"wp:term":[{"taxonomy":"product_brand","embeddable":true,"href":"https:\/\/staging.nbg.eu\/pl\/wp-json\/wp\/v2\/product_brand?post=44227"},{"taxonomy":"product_cat","embeddable":true,"href":"https:\/\/staging.nbg.eu\/pl\/wp-json\/wp\/v2\/product_cat?post=44227"},{"taxonomy":"product_tag","embeddable":true,"href":"https:\/\/staging.nbg.eu\/pl\/wp-json\/wp\/v2\/product_tag?post=44227"}],"curies":[{"name":"wp","href":"https:\/\/api.w.org\/{rel}","templated":true}]}}