{"id":44101,"date":"2024-03-14T09:38:02","date_gmt":"2024-03-14T09:38:02","guid":{"rendered":"https:\/\/staging.nbg.eu\/product\/produkt-6\/"},"modified":"2024-09-13T10:02:09","modified_gmt":"2024-09-13T10:02:09","slug":"bore-tech-patyczki-bawelniane-100-sztuk","status":"publish","type":"product","link":"https:\/\/staging.nbg.eu\/pl\/produkt\/bore-tech-patyczki-bawelniane-100-sztuk\/","title":{"rendered":"Bore Tech Patyczki Bawe\u0142niane &#8211; 100 Sztuk"},"content":{"rendered":"<p>Patyczki bawe\u0142niane Bore Tech: Do czyszczenia punktowego i precyzyjnego nak\u0142adania rozpuszczalnika. Cechy:<\/p>\n<ul>\n<li>Bawe\u0142niana ko\u0144c\u00f3wka o niskiej pylno\u015bci<\/li>\n<li>15 cm elastyczny bambusowy uchwyt<\/li>\n<li>Do cz\u0119\u015bci AR, zespo\u0142\u00f3w spustowych i trudno dost\u0119pnych miejsc<\/li>\n<li>Do nak\u0142adania smaru i czyszczenia ma\u0142ych zag\u0142\u0119bie\u0144<\/li>\n<\/ul>\n<p>Opakowanie 100 sztuk do konserwacji broni palnej.<\/p>\n","protected":false},"excerpt":{"rendered":"<p>Precyzyjne waciki czyszcz\u0105ce do broni palnej. Bambusowy uchwyt o d\u0142ugo\u015bci 15 cm, ko\u0144c\u00f3wka o niskim stopniu pylenia.<\/p>\n","protected":false},"featured_media":44102,"template":"","meta":{"_acf_changed":false},"product_brand":[11165],"product_cat":[12604,12631],"product_tag":[],"class_list":{"0":"post-44101","1":"product","2":"type-product","3":"status-publish","4":"has-post-thumbnail","6":"product_brand-boretech","7":"product_cat-czyszczenie-broni","8":"product_cat-szczotki","10":"first","11":"instock","12":"taxable","13":"shipping-taxable","14":"purchasable","15":"product-type-simple"},"acf":[],"_links":{"self":[{"href":"https:\/\/staging.nbg.eu\/pl\/wp-json\/wp\/v2\/product\/44101","targetHints":{"allow":["GET"]}}],"collection":[{"href":"https:\/\/staging.nbg.eu\/pl\/wp-json\/wp\/v2\/product"}],"about":[{"href":"https:\/\/staging.nbg.eu\/pl\/wp-json\/wp\/v2\/types\/product"}],"wp:featuredmedia":[{"embeddable":true,"href":"https:\/\/staging.nbg.eu\/pl\/wp-json\/wp\/v2\/media\/44102"}],"wp:attachment":[{"href":"https:\/\/staging.nbg.eu\/pl\/wp-json\/wp\/v2\/media?parent=44101"}],"wp:term":[{"taxonomy":"product_brand","embeddable":true,"href":"https:\/\/staging.nbg.eu\/pl\/wp-json\/wp\/v2\/product_brand?post=44101"},{"taxonomy":"product_cat","embeddable":true,"href":"https:\/\/staging.nbg.eu\/pl\/wp-json\/wp\/v2\/product_cat?post=44101"},{"taxonomy":"product_tag","embeddable":true,"href":"https:\/\/staging.nbg.eu\/pl\/wp-json\/wp\/v2\/product_tag?post=44101"}],"curies":[{"name":"wp","href":"https:\/\/api.w.org\/{rel}","templated":true}]}}