{"id":44005,"date":"2024-08-18T19:33:17","date_gmt":"2024-09-09T15:47:39","guid":{"rendered":"https:\/\/staging.nbg.eu\/product\/lynx-belt-single-link\/"},"modified":"2025-01-24T12:50:23","modified_gmt":"2025-01-24T12:50:23","slug":"lynx-belt-pojedyncze-ogniwo","status":"publish","type":"product","link":"https:\/\/staging.nbg.eu\/pl\/produkt\/lynx-belt-pojedyncze-ogniwo\/","title":{"rendered":"Lynx Belt Pojedyncze Ogniwo"},"content":{"rendered":"<div class=\"product-description\">\n<h2>Pojedyncze ogniwo pasa Lynx<\/h2>\n<p>Dostosuj sw\u00f3j pas Lynx za pomoc\u0105 pojedynczych ogniw, tworz\u0105c w\u0142asny schemat kolor\u00f3w:<\/p>\n<ul>\n<li>Do wyboru 5 kolor\u00f3w<\/li>\n<li>Mo\u017cliwo\u015b\u0107 dopasowania pasa do flagi narodowej, klubu strzeleckiego lub munduru<\/li>\n<li>Mo\u017cliwo\u015b\u0107 zakupu pojedynczych ogniw w dowolnym kolorze i ilo\u015bci<\/li>\n<\/ul>\n<h3>Wymiary:<\/h3>\n<ul>\n<li>D\u0142ugo\u015b\u0107: 33mm (od trzpienia do trzpienia)<\/li>\n<li>Wysoko\u015b\u0107: 38,7mm<\/li>\n<li>Grubo\u015b\u0107: 8,8mm (na podk\u0142adce Velcro), 7mm (bez podk\u0142adki)<\/li>\n<\/ul>\n<p>Pas Lynx z pojedynczymi ogniwami pozwala na personalizacj\u0119.<\/p>\n<\/div>\n","protected":false},"excerpt":{"rendered":"<p>Personalizowane ogniwa paska: 5 kolor\u00f3w, mieszaj i dopasowuj, tworz\u0105c unikalne wzory.<\/p>\n","protected":false},"featured_media":29153,"template":"","meta":{"_acf_changed":false},"product_brand":[11278],"product_cat":[12593,12590],"product_tag":[],"class_list":{"0":"post-44005","1":"product","2":"type-product","3":"status-publish","4":"has-post-thumbnail","6":"product_brand-doublealpha","7":"product_cat-paski-sportowe","8":"product_cat-sprzet","10":"first","11":"instock","12":"taxable","13":"shipping-taxable","14":"purchasable","15":"product-type-variable","16":"wvs-archive-product-wrapper"},"acf":[],"_links":{"self":[{"href":"https:\/\/staging.nbg.eu\/pl\/wp-json\/wp\/v2\/product\/44005","targetHints":{"allow":["GET"]}}],"collection":[{"href":"https:\/\/staging.nbg.eu\/pl\/wp-json\/wp\/v2\/product"}],"about":[{"href":"https:\/\/staging.nbg.eu\/pl\/wp-json\/wp\/v2\/types\/product"}],"wp:featuredmedia":[{"embeddable":true,"href":"https:\/\/staging.nbg.eu\/pl\/wp-json\/wp\/v2\/media\/29153"}],"wp:attachment":[{"href":"https:\/\/staging.nbg.eu\/pl\/wp-json\/wp\/v2\/media?parent=44005"}],"wp:term":[{"taxonomy":"product_brand","embeddable":true,"href":"https:\/\/staging.nbg.eu\/pl\/wp-json\/wp\/v2\/product_brand?post=44005"},{"taxonomy":"product_cat","embeddable":true,"href":"https:\/\/staging.nbg.eu\/pl\/wp-json\/wp\/v2\/product_cat?post=44005"},{"taxonomy":"product_tag","embeddable":true,"href":"https:\/\/staging.nbg.eu\/pl\/wp-json\/wp\/v2\/product_tag?post=44005"}],"curies":[{"name":"wp","href":"https:\/\/api.w.org\/{rel}","templated":true}]}}