{"id":414773,"date":"2025-05-14T22:52:38","date_gmt":"2025-05-14T19:52:38","guid":{"rendered":"https:\/\/staging.nbg.eu\/product\/grip-kmr-s-dotmatrix-ergo-black\/"},"modified":"2025-07-03T13:18:34","modified_gmt":"2025-07-03T10:18:34","slug":"chwyt-kmr-s-dotmatrix-ergo-czarny","status":"publish","type":"product","link":"https:\/\/staging.nbg.eu\/pl\/produkt\/chwyt-kmr-s-dotmatrix-ergo-czarny\/","title":{"rendered":"Chwyt KMR S DOTMATRIX ERGO CZARNY"},"content":{"rendered":"<div class=\"product-description\">\n<h2>Chwyt KMR S DOTMATRIX ERGO CZARNY<\/h2>\n<p>Chwyty wykonane z duraluminium z wzorem w kropki dla lepszego trzymania. Kompatybilne z KMR S-01 LANCE (OR), KMR S-02 (do 2023 roku) oraz wybranymi modelami CZ, w tym Shadow 1, Shadow 2 i SP-01.<\/p>\n<p>Numer referencyjny: 0611-03001-0101<\/p>\n<p>Marka: KMR Precision Arms<\/p>\n<\/div>\n","protected":false},"excerpt":{"rendered":"<p>Ergonomiczne uchwyty z duraluminium z wzorem pi\u0142ki golfowej zapewniaj\u0105ce pewny chwyt. Pasuje do pistolet\u00f3w KMR i CZ.<\/p>\n","protected":false},"featured_media":359502,"template":"","meta":{"_acf_changed":false},"product_brand":[11510],"product_cat":[12624,12575],"product_tag":[],"class_list":{"0":"post-414773","1":"product","2":"type-product","3":"status-publish","4":"has-post-thumbnail","6":"product_brand-kmr-precision","7":"product_cat-czesci-do-pistoletu","8":"product_cat-czesci-kmr","10":"first","11":"instock","12":"taxable","13":"shipping-taxable","14":"purchasable","15":"product-type-simple"},"acf":[],"_links":{"self":[{"href":"https:\/\/staging.nbg.eu\/pl\/wp-json\/wp\/v2\/product\/414773","targetHints":{"allow":["GET"]}}],"collection":[{"href":"https:\/\/staging.nbg.eu\/pl\/wp-json\/wp\/v2\/product"}],"about":[{"href":"https:\/\/staging.nbg.eu\/pl\/wp-json\/wp\/v2\/types\/product"}],"wp:featuredmedia":[{"embeddable":true,"href":"https:\/\/staging.nbg.eu\/pl\/wp-json\/wp\/v2\/media\/359502"}],"wp:attachment":[{"href":"https:\/\/staging.nbg.eu\/pl\/wp-json\/wp\/v2\/media?parent=414773"}],"wp:term":[{"taxonomy":"product_brand","embeddable":true,"href":"https:\/\/staging.nbg.eu\/pl\/wp-json\/wp\/v2\/product_brand?post=414773"},{"taxonomy":"product_cat","embeddable":true,"href":"https:\/\/staging.nbg.eu\/pl\/wp-json\/wp\/v2\/product_cat?post=414773"},{"taxonomy":"product_tag","embeddable":true,"href":"https:\/\/staging.nbg.eu\/pl\/wp-json\/wp\/v2\/product_tag?post=414773"}],"curies":[{"name":"wp","href":"https:\/\/api.w.org\/{rel}","templated":true}]}}