{"id":414634,"date":"2025-07-03T12:34:16","date_gmt":"2025-07-03T09:34:16","guid":{"rendered":"https:\/\/staging.nbg.eu\/product\/grips-kmr-w-dotmatrix-black\/"},"modified":"2025-07-03T12:36:26","modified_gmt":"2025-07-03T09:36:26","slug":"chwyty-kmr-w-dotmatrix-czarne","status":"publish","type":"product","link":"https:\/\/staging.nbg.eu\/pl\/produkt\/chwyty-kmr-w-dotmatrix-czarne\/","title":{"rendered":"CHWYTY KMR W DOTMATRIX CZARNE"},"content":{"rendered":"<div class=\"product-description\">\n<h2>CHWYTY KMR W DOTMATRIX CZARNE<\/h2>\n<p>Chwyty z duraluminium do pistoletu KMR. Wz\u00f3r w kropki zapewnia tekstur\u0119 dla pewnego trzymania. Do modernizacji istniej\u0105cych pistolet\u00f3w lub budowy broni sportowej. Cechy:<\/p>\n<ul>\n<li>Rozmiar d\u0142ugi<\/li>\n<li>Anodowane duraluminium<\/li>\n<li>Bez prowadnicy magazynka<\/li>\n<li>Zawiera \u015bruby torx<\/li>\n<li>Logo KMR<\/li>\n<\/ul>\n<p>Kompatybilne z modelami KMR W-02 CUDA (do 2023), UMBRA i UMBRA (OR).<\/p>\n<\/div>\n","protected":false},"excerpt":{"rendered":"<p>Wytrzyma\u0142e chwyty z duraluminium o fakturze pi\u0142ki golfowej do pistolet\u00f3w KMR.<\/p>\n","protected":false},"featured_media":359341,"template":"","meta":{"_acf_changed":false},"product_brand":[11510],"product_cat":[12624,12575],"product_tag":[],"class_list":{"0":"post-414634","1":"product","2":"type-product","3":"status-publish","4":"has-post-thumbnail","6":"product_brand-kmr-precision","7":"product_cat-czesci-do-pistoletu","8":"product_cat-czesci-kmr","10":"first","11":"instock","12":"taxable","13":"shipping-taxable","14":"purchasable","15":"product-type-simple"},"acf":[],"_links":{"self":[{"href":"https:\/\/staging.nbg.eu\/pl\/wp-json\/wp\/v2\/product\/414634","targetHints":{"allow":["GET"]}}],"collection":[{"href":"https:\/\/staging.nbg.eu\/pl\/wp-json\/wp\/v2\/product"}],"about":[{"href":"https:\/\/staging.nbg.eu\/pl\/wp-json\/wp\/v2\/types\/product"}],"wp:featuredmedia":[{"embeddable":true,"href":"https:\/\/staging.nbg.eu\/pl\/wp-json\/wp\/v2\/media\/359341"}],"wp:attachment":[{"href":"https:\/\/staging.nbg.eu\/pl\/wp-json\/wp\/v2\/media?parent=414634"}],"wp:term":[{"taxonomy":"product_brand","embeddable":true,"href":"https:\/\/staging.nbg.eu\/pl\/wp-json\/wp\/v2\/product_brand?post=414634"},{"taxonomy":"product_cat","embeddable":true,"href":"https:\/\/staging.nbg.eu\/pl\/wp-json\/wp\/v2\/product_cat?post=414634"},{"taxonomy":"product_tag","embeddable":true,"href":"https:\/\/staging.nbg.eu\/pl\/wp-json\/wp\/v2\/product_tag?post=414634"}],"curies":[{"name":"wp","href":"https:\/\/api.w.org\/{rel}","templated":true}]}}