{"id":414519,"date":"2025-07-03T12:09:04","date_gmt":"2025-07-03T09:09:04","guid":{"rendered":"https:\/\/staging.nbg.eu\/product\/grips-kmr-w-dotmatrix-ergo-black\/"},"modified":"2025-07-03T12:11:14","modified_gmt":"2025-07-03T09:11:14","slug":"chwyty-kmr-w-dotmatrix-ergo-czarne","status":"publish","type":"product","link":"https:\/\/staging.nbg.eu\/pl\/produkt\/chwyty-kmr-w-dotmatrix-ergo-czarne\/","title":{"rendered":"CHWYTY KMR W DOTMATRIX ERGO CZARNE"},"content":{"rendered":"<div class=\"product-description\">\n<h2>CHWYTY KMR W DOTMATRIX ERGO CZARNE<\/h2>\n<p>Chwyty z duraluminium do pistoletu KMR z wzorem w kropki dla lepszego trzymania. Pasuj\u0105 do modernizacji lub budowy broni do zawod\u00f3w. Zapewniaj\u0105 pewne trzymanie. Kompatybilne z modelami KMR W-02 CUDA (do 2023), UMBRA i UMBRA (OR).<\/p>\n<p><strong>Numer referencyjny:<\/strong> 0611-03305-0101<\/p>\n<p><strong>Marka:<\/strong> KMR Precision Arms<\/p>\n<\/div>\n","protected":false},"excerpt":{"rendered":"<p>Wytrzyma\u0142e chwyty z wzorem pi\u0142ki golfowej do pistolet\u00f3w KMR.<\/p>\n","protected":false},"featured_media":359364,"template":"","meta":{"_acf_changed":false},"product_brand":[11510],"product_cat":[12624,12575],"product_tag":[],"class_list":{"0":"post-414519","1":"product","2":"type-product","3":"status-publish","4":"has-post-thumbnail","6":"product_brand-kmr-precision","7":"product_cat-czesci-do-pistoletu","8":"product_cat-czesci-kmr","10":"first","11":"instock","12":"taxable","13":"shipping-taxable","14":"purchasable","15":"product-type-simple"},"acf":[],"_links":{"self":[{"href":"https:\/\/staging.nbg.eu\/pl\/wp-json\/wp\/v2\/product\/414519","targetHints":{"allow":["GET"]}}],"collection":[{"href":"https:\/\/staging.nbg.eu\/pl\/wp-json\/wp\/v2\/product"}],"about":[{"href":"https:\/\/staging.nbg.eu\/pl\/wp-json\/wp\/v2\/types\/product"}],"wp:featuredmedia":[{"embeddable":true,"href":"https:\/\/staging.nbg.eu\/pl\/wp-json\/wp\/v2\/media\/359364"}],"wp:attachment":[{"href":"https:\/\/staging.nbg.eu\/pl\/wp-json\/wp\/v2\/media?parent=414519"}],"wp:term":[{"taxonomy":"product_brand","embeddable":true,"href":"https:\/\/staging.nbg.eu\/pl\/wp-json\/wp\/v2\/product_brand?post=414519"},{"taxonomy":"product_cat","embeddable":true,"href":"https:\/\/staging.nbg.eu\/pl\/wp-json\/wp\/v2\/product_cat?post=414519"},{"taxonomy":"product_tag","embeddable":true,"href":"https:\/\/staging.nbg.eu\/pl\/wp-json\/wp\/v2\/product_tag?post=414519"}],"curies":[{"name":"wp","href":"https:\/\/api.w.org\/{rel}","templated":true}]}}