{"id":41252,"date":"2024-08-26T13:29:45","date_gmt":"2024-09-09T14:57:34","guid":{"rendered":"https:\/\/staging.nbg.eu\/product\/vanward-hunter-pro\/"},"modified":"2024-09-09T14:59:26","modified_gmt":"2024-09-09T14:59:26","slug":"vanward-hunter-pro","status":"publish","type":"product","link":"https:\/\/staging.nbg.eu\/pl\/produkt\/vanward-hunter-pro\/","title":{"rendered":"Vanward Hunter PRO"},"content":{"rendered":"<div class=\"product-description\">\n<h2>Vanward Hunter PRO<\/h2>\n<p>Do\u015bwiadcz najwy\u017cszej wydajno\u015bci poni\u017cej 300 gram\u00f3w z t\u0142umikiem Vanward Hunter PRO. Wyposa\u017cony w zoptymalizowane rozmieszczenie przegr\u00f3d dla lepszego wyr\u00f3wnania ci\u015bnienia oraz wytrzyma\u0142\u0105 sze\u015bciok\u0105tn\u0105 konstrukcj\u0119 zewn\u0119trzn\u0105, ten t\u0142umik oferuje zwi\u0119kszone bezpiecze\u0144stwo, wytrzyma\u0142o\u015b\u0107 i efektywno\u015b\u0107 ch\u0142odzenia.<\/p>\n<h2>G\u0142\u00f3wne cechy:<\/h2>\n<ul>\n<li>Drukowany w 3D z jednego kawa\u0142ka tytanu klasy 5 dla maksymalnego bezpiecze\u0144stwa i wydajno\u015bci<\/li>\n<li>Wyj\u0105tkowo trwa\u0142y i odporny na korozj\u0119<\/li>\n<li>Wymienne wk\u0142adki gwintowe ze stali nierdzewnej<\/li>\n<li>Pier\u015bcie\u0144 POM dla optymalnego prze\u015bwitu lufy<\/li>\n<li>Dost\u0119pny w wielu rodzajach gwint\u00f3w: 1\/2*28&#8243;, 5\/8&#215;24&#8243; M14x1, M14x1.5, M15x1, M16x1, M18x1<\/li>\n<\/ul>\n<h2>Specyfikacja:<\/h2>\n<ul>\n<li>\u015arednica: 48mm<\/li>\n<li>D\u0142ugo\u015b\u0107: 220mm<\/li>\n<li>Waga: 295 gram\u00f3w*<\/li>\n<\/ul>\n<p>Innowacyjna konstrukcja i najwy\u017cszej jako\u015bci materia\u0142y sprawiaj\u0105, \u017ce Vanward Hunter PRO jest idealnym wyborem dla wymagaj\u0105cych my\u015bliwych i entuzjast\u00f3w strzelectwa, kt\u00f3rzy oczekuj\u0105 najlepszej technologii t\u0142umik\u00f3w.<\/p>\n<\/div>\n","protected":false},"excerpt":{"rendered":"<p>Ultralekki tytanowy t\u0142umik o zoptymalizowanej wydajno\u015bci.<\/p>\n","protected":false},"featured_media":102161,"template":"","meta":{"_acf_changed":false},"product_brand":[11937],"product_cat":[12623,12558,12576],"product_tag":[],"class_list":{"0":"post-41252","1":"product","2":"type-product","3":"status-publish","4":"has-post-thumbnail","6":"product_brand-vanward","7":"product_cat-karabin","8":"product_cat-tlumiki","9":"product_cat-tlumiki-karabinowe","11":"first","12":"instock","13":"taxable","14":"shipping-taxable","15":"purchasable","16":"product-type-variable","17":"wvs-archive-product-wrapper"},"acf":[],"_links":{"self":[{"href":"https:\/\/staging.nbg.eu\/pl\/wp-json\/wp\/v2\/product\/41252","targetHints":{"allow":["GET"]}}],"collection":[{"href":"https:\/\/staging.nbg.eu\/pl\/wp-json\/wp\/v2\/product"}],"about":[{"href":"https:\/\/staging.nbg.eu\/pl\/wp-json\/wp\/v2\/types\/product"}],"wp:featuredmedia":[{"embeddable":true,"href":"https:\/\/staging.nbg.eu\/pl\/wp-json\/wp\/v2\/media\/102161"}],"wp:attachment":[{"href":"https:\/\/staging.nbg.eu\/pl\/wp-json\/wp\/v2\/media?parent=41252"}],"wp:term":[{"taxonomy":"product_brand","embeddable":true,"href":"https:\/\/staging.nbg.eu\/pl\/wp-json\/wp\/v2\/product_brand?post=41252"},{"taxonomy":"product_cat","embeddable":true,"href":"https:\/\/staging.nbg.eu\/pl\/wp-json\/wp\/v2\/product_cat?post=41252"},{"taxonomy":"product_tag","embeddable":true,"href":"https:\/\/staging.nbg.eu\/pl\/wp-json\/wp\/v2\/product_tag?post=41252"}],"curies":[{"name":"wp","href":"https:\/\/api.w.org\/{rel}","templated":true}]}}