{"id":411667,"date":"2025-07-01T17:25:27","date_gmt":"2025-07-01T14:25:27","guid":{"rendered":"https:\/\/staging.nbg.eu\/product\/grips-kmr-w-dotmatrix-ergo-silver\/"},"modified":"2025-07-01T17:27:37","modified_gmt":"2025-07-01T14:27:37","slug":"chwyty-kmr-w-dotmatrix-ergo-srebrne","status":"publish","type":"product","link":"https:\/\/staging.nbg.eu\/pl\/produkt\/chwyty-kmr-w-dotmatrix-ergo-srebrne\/","title":{"rendered":"CHWYTY KMR W DOTMATRIX ERGO SREBRNE"},"content":{"rendered":"<div class=\"product-description\">\n<h2>CHWYTY KMR W DOTMATRIX ERGO SREBRNE<\/h2>\n<p>Chwyty z duraluminium do pistoletu KMR. Wz\u00f3r w kropki zapewnia pewny chwyt. Odpowiednie do modernizacji lub budowy broni sportowej.<\/p>\n<ul>\n<li>Numer referencyjny: 0611-03305-0101<\/li>\n<li>Marka: KMR Precision Arms<\/li>\n<li>Kompatybilne z modelami: KMR W-02 CUDA, UMBRA i UMBRA (OR)<\/li>\n<\/ul>\n<\/div>\n","protected":false},"excerpt":{"rendered":"<p>Ergonomiczne chwyty z duraluminium z wzorem pi\u0142ki golfowej do pistolet\u00f3w KMR. Pewny chwyt w ka\u017cdej sytuacji.<\/p>\n","protected":false},"featured_media":359433,"template":"","meta":{"_acf_changed":false},"product_brand":[11510],"product_cat":[12624,12575],"product_tag":[],"class_list":{"0":"post-411667","1":"product","2":"type-product","3":"status-publish","4":"has-post-thumbnail","6":"product_brand-kmr-precision","7":"product_cat-czesci-do-pistoletu","8":"product_cat-czesci-kmr","10":"first","11":"instock","12":"taxable","13":"shipping-taxable","14":"purchasable","15":"product-type-simple"},"acf":[],"_links":{"self":[{"href":"https:\/\/staging.nbg.eu\/pl\/wp-json\/wp\/v2\/product\/411667","targetHints":{"allow":["GET"]}}],"collection":[{"href":"https:\/\/staging.nbg.eu\/pl\/wp-json\/wp\/v2\/product"}],"about":[{"href":"https:\/\/staging.nbg.eu\/pl\/wp-json\/wp\/v2\/types\/product"}],"wp:featuredmedia":[{"embeddable":true,"href":"https:\/\/staging.nbg.eu\/pl\/wp-json\/wp\/v2\/media\/359433"}],"wp:attachment":[{"href":"https:\/\/staging.nbg.eu\/pl\/wp-json\/wp\/v2\/media?parent=411667"}],"wp:term":[{"taxonomy":"product_brand","embeddable":true,"href":"https:\/\/staging.nbg.eu\/pl\/wp-json\/wp\/v2\/product_brand?post=411667"},{"taxonomy":"product_cat","embeddable":true,"href":"https:\/\/staging.nbg.eu\/pl\/wp-json\/wp\/v2\/product_cat?post=411667"},{"taxonomy":"product_tag","embeddable":true,"href":"https:\/\/staging.nbg.eu\/pl\/wp-json\/wp\/v2\/product_tag?post=411667"}],"curies":[{"name":"wp","href":"https:\/\/api.w.org\/{rel}","templated":true}]}}