{"id":411557,"date":"2025-07-01T17:18:16","date_gmt":"2025-07-01T14:18:16","guid":{"rendered":"https:\/\/staging.nbg.eu\/product\/grips-kmr-w-dotmatrix-silver\/"},"modified":"2025-07-01T17:20:23","modified_gmt":"2025-07-01T14:20:23","slug":"chwyty-kmr-w-dotmatrix-srebrne","status":"publish","type":"product","link":"https:\/\/staging.nbg.eu\/pl\/produkt\/chwyty-kmr-w-dotmatrix-srebrne\/","title":{"rendered":"CHWYTY KMR W DOTMATRIX SREBRNE"},"content":{"rendered":"<div class=\"product-description\">\n<h2>CHWYTY KMR W DOTMATRIX SREBRNE<\/h2>\n<p>Chwyty z duraluminium do pistoletu KMR. Tekstura w kszta\u0142cie pi\u0142ki golfowej zapewnia pewny chwyt. Kompatybilne z modelami KMR W-02 CUDA (do 2023), UMBRA i UMBRA (OR).<\/p>\n<ul>\n<li>Numer referencyjny: 0611-03301-0102<\/li>\n<li>Marka: KMR Precision Arms<\/li>\n<li>Materia\u0142: Duraluminium<\/li>\n<\/ul>\n<\/div>\n","protected":false},"excerpt":{"rendered":"<p>Teksturowane chwyty z duraluminium do pistolet\u00f3w KMR. Wz\u00f3r pi\u0142ki golfowej zapewnia pewny chwyt w ka\u017cdej sytuacji.<\/p>\n","protected":false},"featured_media":359456,"template":"","meta":{"_acf_changed":false},"product_brand":[11510],"product_cat":[12624,12575],"product_tag":[],"class_list":{"0":"post-411557","1":"product","2":"type-product","3":"status-publish","4":"has-post-thumbnail","6":"product_brand-kmr-precision","7":"product_cat-czesci-do-pistoletu","8":"product_cat-czesci-kmr","10":"first","11":"instock","12":"taxable","13":"shipping-taxable","14":"purchasable","15":"product-type-simple"},"acf":[],"_links":{"self":[{"href":"https:\/\/staging.nbg.eu\/pl\/wp-json\/wp\/v2\/product\/411557","targetHints":{"allow":["GET"]}}],"collection":[{"href":"https:\/\/staging.nbg.eu\/pl\/wp-json\/wp\/v2\/product"}],"about":[{"href":"https:\/\/staging.nbg.eu\/pl\/wp-json\/wp\/v2\/types\/product"}],"wp:featuredmedia":[{"embeddable":true,"href":"https:\/\/staging.nbg.eu\/pl\/wp-json\/wp\/v2\/media\/359456"}],"wp:attachment":[{"href":"https:\/\/staging.nbg.eu\/pl\/wp-json\/wp\/v2\/media?parent=411557"}],"wp:term":[{"taxonomy":"product_brand","embeddable":true,"href":"https:\/\/staging.nbg.eu\/pl\/wp-json\/wp\/v2\/product_brand?post=411557"},{"taxonomy":"product_cat","embeddable":true,"href":"https:\/\/staging.nbg.eu\/pl\/wp-json\/wp\/v2\/product_cat?post=411557"},{"taxonomy":"product_tag","embeddable":true,"href":"https:\/\/staging.nbg.eu\/pl\/wp-json\/wp\/v2\/product_tag?post=411557"}],"curies":[{"name":"wp","href":"https:\/\/api.w.org\/{rel}","templated":true}]}}