{"id":411449,"date":"2025-07-01T17:10:26","date_gmt":"2025-07-01T14:10:26","guid":{"rendered":"https:\/\/staging.nbg.eu\/product\/grips-kmr-w-modular-sandpaper-black\/"},"modified":"2025-07-01T17:12:35","modified_gmt":"2025-07-01T14:12:35","slug":"chwyty-kmr-w-modular-sandpaper-czarne","status":"publish","type":"product","link":"https:\/\/staging.nbg.eu\/pl\/produkt\/chwyty-kmr-w-modular-sandpaper-czarne\/","title":{"rendered":"CHWYTY KMR W MODULAR SANDPAPER CZARNE"},"content":{"rendered":"<h2>CHWYT KMR W MODU\u0141OWY PAPIER \u015aCIERNY CZARNY<\/h2>\n<p>Chwyt KMR W Modu\u0142owy Papier \u015acierny Czarny to d\u0142ugi chwyt z anodowanego duraluminium. Nie posiada prowadnicy magazynka. Ma logo KMR i modu\u0142ow\u0105 konstrukcj\u0119. Instalacja za pomoc\u0105 do\u0142\u0105czonych \u015brub torx.<\/p>\n<ul>\n<li>Rozmiar: D\u0142ugi<\/li>\n<li>Materia\u0142: Anodowane duraluminium<\/li>\n<li>U\u017cycie: Bez prowadnicy magazynka<\/li>\n<li>Zawiera: \u015aruby torx<\/li>\n<li>Logo: KMR<\/li>\n<\/ul>\n<p><strong>Numer referencyjny:<\/strong> 0611-03304-0101<\/p>\n","protected":false},"excerpt":{"rendered":"<p>D\u0142ugi, wytrzyma\u0142y, anodowany chwyt z duraluminium.<\/p>\n","protected":false},"featured_media":359277,"template":"","meta":{"_acf_changed":false},"product_brand":[11510],"product_cat":[12624,12575],"product_tag":[],"class_list":{"0":"post-411449","1":"product","2":"type-product","3":"status-publish","4":"has-post-thumbnail","6":"product_brand-kmr-precision","7":"product_cat-czesci-do-pistoletu","8":"product_cat-czesci-kmr","10":"first","11":"instock","12":"taxable","13":"shipping-taxable","14":"purchasable","15":"product-type-simple"},"acf":[],"_links":{"self":[{"href":"https:\/\/staging.nbg.eu\/pl\/wp-json\/wp\/v2\/product\/411449","targetHints":{"allow":["GET"]}}],"collection":[{"href":"https:\/\/staging.nbg.eu\/pl\/wp-json\/wp\/v2\/product"}],"about":[{"href":"https:\/\/staging.nbg.eu\/pl\/wp-json\/wp\/v2\/types\/product"}],"wp:featuredmedia":[{"embeddable":true,"href":"https:\/\/staging.nbg.eu\/pl\/wp-json\/wp\/v2\/media\/359277"}],"wp:attachment":[{"href":"https:\/\/staging.nbg.eu\/pl\/wp-json\/wp\/v2\/media?parent=411449"}],"wp:term":[{"taxonomy":"product_brand","embeddable":true,"href":"https:\/\/staging.nbg.eu\/pl\/wp-json\/wp\/v2\/product_brand?post=411449"},{"taxonomy":"product_cat","embeddable":true,"href":"https:\/\/staging.nbg.eu\/pl\/wp-json\/wp\/v2\/product_cat?post=411449"},{"taxonomy":"product_tag","embeddable":true,"href":"https:\/\/staging.nbg.eu\/pl\/wp-json\/wp\/v2\/product_tag?post=411449"}],"curies":[{"name":"wp","href":"https:\/\/api.w.org\/{rel}","templated":true}]}}