{"id":411340,"date":"2025-07-01T17:01:19","date_gmt":"2025-07-01T14:01:19","guid":{"rendered":"https:\/\/staging.nbg.eu\/product\/grips-kmr-w-modular-sandpaper-titan\/"},"modified":"2025-07-01T17:03:27","modified_gmt":"2025-07-01T14:03:27","slug":"chwyty-kmr-w-modular-sandpaper-titan","status":"publish","type":"product","link":"https:\/\/staging.nbg.eu\/pl\/produkt\/chwyty-kmr-w-modular-sandpaper-titan\/","title":{"rendered":"CHWYTY KMR W MODULAR SANDPAPER TITAN"},"content":{"rendered":"<h2>CHWYT KMR W MODU\u0141OWY PAPIER \u015aCIERNY TITAN<\/h2>\n<p>CHWYT KMR W MODU\u0141OWY PAPIER \u015aCIERNY TITAN to d\u0142ugi chwyt do broni palnej wykonany z anodyzowanego duraluminium. Zaprojektowany do u\u017cytku bez prowadnicy magazynka, oferuje mo\u017cliwo\u015b\u0107 dostosowania chwytu. Opakowanie zawiera \u015bruby torx do monta\u017cu. Chwyt posiada logo KMR.<\/p>\n<p><strong>Numer referencyjny:<\/strong> 0611-03304-0101<\/p>\n","protected":false},"excerpt":{"rendered":"<p>D\u0142ugi, wytrzyma\u0142y chwyt KMR. Anodowane duraluminium.<\/p>\n","protected":false},"featured_media":359301,"template":"","meta":{"_acf_changed":false},"product_brand":[11510],"product_cat":[12624,12575],"product_tag":[],"class_list":{"0":"post-411340","1":"product","2":"type-product","3":"status-publish","4":"has-post-thumbnail","6":"product_brand-kmr-precision","7":"product_cat-czesci-do-pistoletu","8":"product_cat-czesci-kmr","10":"first","11":"instock","12":"taxable","13":"shipping-taxable","14":"purchasable","15":"product-type-simple"},"acf":[],"_links":{"self":[{"href":"https:\/\/staging.nbg.eu\/pl\/wp-json\/wp\/v2\/product\/411340","targetHints":{"allow":["GET"]}}],"collection":[{"href":"https:\/\/staging.nbg.eu\/pl\/wp-json\/wp\/v2\/product"}],"about":[{"href":"https:\/\/staging.nbg.eu\/pl\/wp-json\/wp\/v2\/types\/product"}],"wp:featuredmedia":[{"embeddable":true,"href":"https:\/\/staging.nbg.eu\/pl\/wp-json\/wp\/v2\/media\/359301"}],"wp:attachment":[{"href":"https:\/\/staging.nbg.eu\/pl\/wp-json\/wp\/v2\/media?parent=411340"}],"wp:term":[{"taxonomy":"product_brand","embeddable":true,"href":"https:\/\/staging.nbg.eu\/pl\/wp-json\/wp\/v2\/product_brand?post=411340"},{"taxonomy":"product_cat","embeddable":true,"href":"https:\/\/staging.nbg.eu\/pl\/wp-json\/wp\/v2\/product_cat?post=411340"},{"taxonomy":"product_tag","embeddable":true,"href":"https:\/\/staging.nbg.eu\/pl\/wp-json\/wp\/v2\/product_tag?post=411340"}],"curies":[{"name":"wp","href":"https:\/\/api.w.org\/{rel}","templated":true}]}}