{"id":410757,"date":"2025-07-01T16:31:07","date_gmt":"2025-07-01T13:31:07","guid":{"rendered":"https:\/\/staging.nbg.eu\/product\/surefire-csm-09-push-button-switch\/"},"modified":"2025-07-01T16:33:20","modified_gmt":"2025-07-01T13:33:20","slug":"przelacznik-surefire-csm-09-push-button","status":"publish","type":"product","link":"https:\/\/staging.nbg.eu\/pl\/produkt\/przelacznik-surefire-csm-09-push-button\/","title":{"rendered":"Przelacznik Surefire CSM-09 Push Button"},"content":{"rendered":"<div class=\"product-description\">\n<h2>Prze\u0142\u0105cznik przyciskowy Surefire CSM-09<\/h2>\n<h2>Zdalne sterowanie. Oszcz\u0119dno\u015b\u0107 miejsca.<\/h2>\n<p>Prze\u0142\u0105cznik przyciskowy CSM-09 s\u0142u\u017cy do zdalnej aktywacji latarki SureFire WeaponLight, maksymalizuj\u0105c przestrze\u0144 na szynie broni. Ten kompaktowy prze\u0142\u0105cznik oferuje funkcje chwilowego i sta\u0142ego w\u0142\u0105czania za pomoc\u0105 jednego sterowania.<\/p>\n<h3>G\u0142\u00f3wne cechy:<\/h3>\n<ul>\n<li>Zdalna aktywacja latarek SureFire WeaponLights z gniazdami prze\u0142\u0105cznik\u00f3w<\/li>\n<li>Kompaktowa konstrukcja efektywnie wykorzystuj\u0105ca przestrze\u0144 na szynie<\/li>\n<li>\u0141atwe mocowanie do szyn M-LOK<\/li>\n<li>Wodoodporna konstrukcja do pracy w ka\u017cdych warunkach<\/li>\n<li>9-calowy kabel odpowiedni do wi\u0119kszo\u015bci zastosowa\u0144 karabinowych<\/li>\n<\/ul>\n<h3>Kompatybilno\u015b\u0107:<\/h3>\n<p>CSM-09 jest kompatybilny z wieloma latarkami SureFire WeaponLights, w tym:<\/p>\n<ul>\n<li>Millennium Universal<\/li>\n<li>Classic Universal<\/li>\n<li>Scout Light (z gniazdkiem w nakr\u0119tce)<\/li>\n<li>X300<\/li>\n<li>X400 (z zespo\u0142em nakr\u0119tki XT)<\/li>\n<\/ul>\n<h3>Obs\u0142uga:<\/h3>\n<p>Aktywacja latarki WeaponLight:<\/p>\n<ul>\n<li>Lekkie naci\u015bni\u0119cie dla chwilowego w\u0142\u0105czenia<\/li>\n<li>Klikni\u0119cie dla sta\u0142ego w\u0142\u0105czenia<\/li>\n<\/ul>\n<p>CSM-09 Push Button Switch zapewnia gotowo\u015b\u0107 latarki WeaponLight do u\u017cycia. Jest trwa\u0142y i precyzyjny do zastosowa\u0144 taktycznych.<\/p>\n<\/div>\n","protected":false},"excerpt":{"rendered":"<p>Kompaktowy prze\u0142\u0105cznik zdalny M-LOK do latarek taktycznych SureFire. Tryb chwilowy i sta\u0142y.<\/p>\n","protected":false},"featured_media":399897,"template":"","meta":{"_acf_changed":false},"product_brand":[11876],"product_cat":[12638,12614],"product_tag":[],"class_list":{"0":"post-410757","1":"product","2":"type-product","3":"status-publish","4":"has-post-thumbnail","6":"product_brand-surefire","7":"product_cat-akcesoria-do-latarek","8":"product_cat-latarki","10":"first","11":"instock","12":"taxable","13":"shipping-taxable","14":"purchasable","15":"product-type-simple"},"acf":[],"_links":{"self":[{"href":"https:\/\/staging.nbg.eu\/pl\/wp-json\/wp\/v2\/product\/410757","targetHints":{"allow":["GET"]}}],"collection":[{"href":"https:\/\/staging.nbg.eu\/pl\/wp-json\/wp\/v2\/product"}],"about":[{"href":"https:\/\/staging.nbg.eu\/pl\/wp-json\/wp\/v2\/types\/product"}],"wp:featuredmedia":[{"embeddable":true,"href":"https:\/\/staging.nbg.eu\/pl\/wp-json\/wp\/v2\/media\/399897"}],"wp:attachment":[{"href":"https:\/\/staging.nbg.eu\/pl\/wp-json\/wp\/v2\/media?parent=410757"}],"wp:term":[{"taxonomy":"product_brand","embeddable":true,"href":"https:\/\/staging.nbg.eu\/pl\/wp-json\/wp\/v2\/product_brand?post=410757"},{"taxonomy":"product_cat","embeddable":true,"href":"https:\/\/staging.nbg.eu\/pl\/wp-json\/wp\/v2\/product_cat?post=410757"},{"taxonomy":"product_tag","embeddable":true,"href":"https:\/\/staging.nbg.eu\/pl\/wp-json\/wp\/v2\/product_tag?post=410757"}],"curies":[{"name":"wp","href":"https:\/\/api.w.org\/{rel}","templated":true}]}}