{"id":409681,"date":"2025-07-01T13:41:08","date_gmt":"2025-07-01T10:41:08","guid":{"rendered":"https:\/\/staging.nbg.eu\/product\/surefire-m340v-tn-pro-scout-light-pro\/"},"modified":"2025-07-01T13:43:24","modified_gmt":"2025-07-01T10:43:24","slug":"latarka-surefire-m340v-tn-pro-scout-light-pro","status":"publish","type":"product","link":"https:\/\/staging.nbg.eu\/pl\/produkt\/latarka-surefire-m340v-tn-pro-scout-light-pro\/","title":{"rendered":"Latarka Surefire M340V-TN-PRO Scout Light Pro"},"content":{"rendered":"<h2>Surefire M340V-TN-PRO Scout Light Pro<\/h2>\n<h2>Latarka taktyczna<\/h2>\n<p>Mini Infrared Scout Light\u00ae Pro to latarka taktyczna 3V, zaprojektowana do u\u017cytku w r\u00f3\u017cnych warunkach o\u015bwietleniowych. Oferuje ona:<\/p>\n<ul>\n<li>250 lumen\u00f3w bia\u0142ego \u015bwiat\u0142a<\/li>\n<li>100 mW niewidzialnego o\u015bwietlenia podczerwonego dla urz\u0105dze\u0144 noktowizyjnych<\/li>\n<li>Brak potrzeby stosowania filtr\u00f3w IR lub zapasowych \u017car\u00f3wek<\/li>\n<li>Nowy uchwyt niskoprofilowy SureFire (LPM) dla zwi\u0119kszonej wszechstronno\u015bci<\/li>\n<li>\u0141atwe prze\u0142\u0105czanie mi\u0119dzy trybami: bia\u0142e \u015bwiat\u0142o, wy\u0142\u0105czony i podczerwie\u0144<\/li>\n<li>Soczewka TIR dla skupionej wi\u0105zki do zastosowa\u0144 na bliskich i \u015brednich dystansach<\/li>\n<\/ul>\n<h3>Wytrzyma\u0142a konstrukcja<\/h3>\n<p>M340V-TN-PRO charakteryzuje si\u0119:<\/p>\n<ul>\n<li>Korpusem z wytrzyma\u0142ego aluminium lotniczego<\/li>\n<li>Anodowaniem zgodnym z norm\u0105 wojskow\u0105 dla zwi\u0119kszonej wytrzyma\u0142o\u015bci i odporno\u015bci na korozj\u0119<\/li>\n<li>Bardzo trwa\u0142ymi diodami LED IR i bia\u0142ymi<\/li>\n<li>Klas\u0105 wodoodporno\u015bci IPX7<\/li>\n<\/ul>\n<h3>G\u0142\u00f3wne specyfikacje<\/h3>\n<ul>\n<li>Moc: 250 lumen\u00f3w (bia\u0142e) \/ 100 mW (IR)<\/li>\n<li>Czas pracy: 1,5 godziny (bia\u0142e) \/ 6,0 godzin (IR)<\/li>\n<li>Maksymalna intensywno\u015b\u0107 wi\u0105zki: 9300 kandeli<\/li>\n<li>Zasi\u0119g wi\u0105zki: 190 metr\u00f3w<\/li>\n<li>D\u0142ugo\u015b\u0107: 4,1 cala (10,4 cm)<\/li>\n<li>Waga: 3,4 uncji (96,4 g) z bateri\u0105<\/li>\n<li>Zasilanie: Jedna bateria litowa 123A (w zestawie)<\/li>\n<\/ul>\n<p>Surefire M340V-TN-PRO Scout Light Pro to wszechstronna latarka taktyczna do u\u017cytku w warunkach s\u0142abego o\u015bwietlenia.<\/p>\n","protected":false},"excerpt":{"rendered":"<p>Wszechstronne taktyczne \u015bwiat\u0142o o mocy 250 lumen\u00f3w w \u015bwietle bia\u0142ym\/100mW w podczerwieni, wytrzyma\u0142a konstrukcja, montowane na szynie.<\/p>\n","protected":false},"featured_media":400323,"template":"","meta":{"_acf_changed":false},"product_brand":[11876],"product_cat":[12614,12574],"product_tag":[],"class_list":{"0":"post-409681","1":"product","2":"type-product","3":"status-publish","4":"has-post-thumbnail","6":"product_brand-surefire","7":"product_cat-latarki","8":"product_cat-latarki-karabinowe","10":"first","11":"instock","12":"taxable","13":"shipping-taxable","14":"purchasable","15":"product-type-simple"},"acf":[],"_links":{"self":[{"href":"https:\/\/staging.nbg.eu\/pl\/wp-json\/wp\/v2\/product\/409681","targetHints":{"allow":["GET"]}}],"collection":[{"href":"https:\/\/staging.nbg.eu\/pl\/wp-json\/wp\/v2\/product"}],"about":[{"href":"https:\/\/staging.nbg.eu\/pl\/wp-json\/wp\/v2\/types\/product"}],"wp:featuredmedia":[{"embeddable":true,"href":"https:\/\/staging.nbg.eu\/pl\/wp-json\/wp\/v2\/media\/400323"}],"wp:attachment":[{"href":"https:\/\/staging.nbg.eu\/pl\/wp-json\/wp\/v2\/media?parent=409681"}],"wp:term":[{"taxonomy":"product_brand","embeddable":true,"href":"https:\/\/staging.nbg.eu\/pl\/wp-json\/wp\/v2\/product_brand?post=409681"},{"taxonomy":"product_cat","embeddable":true,"href":"https:\/\/staging.nbg.eu\/pl\/wp-json\/wp\/v2\/product_cat?post=409681"},{"taxonomy":"product_tag","embeddable":true,"href":"https:\/\/staging.nbg.eu\/pl\/wp-json\/wp\/v2\/product_tag?post=409681"}],"curies":[{"name":"wp","href":"https:\/\/api.w.org\/{rel}","templated":true}]}}