{"id":408118,"date":"2025-07-01T12:02:04","date_gmt":"2025-07-01T09:02:04","guid":{"rendered":"https:\/\/staging.nbg.eu\/product\/surefire-m640df-bk-pro-scout-light-pro-black\/"},"modified":"2025-07-01T12:04:50","modified_gmt":"2025-07-01T09:04:50","slug":"latarka-surefire-m640df-bk-pro-scout-light-pro-czarna","status":"publish","type":"product","link":"https:\/\/staging.nbg.eu\/pl\/produkt\/latarka-surefire-m640df-bk-pro-scout-light-pro-czarna\/","title":{"rendered":"Latarka Surefire M640DF-BK-PRO Scout Light Pro, Czarna"},"content":{"rendered":"<div class=\"product-description\">\n<h2>Surefire M640DF-BK-PRO Scout Light Pro, Czarny<\/h2>\n<p>Latarka taktyczna Dual Fuel Scout Light\u00ae Pro to urz\u0105dzenie o\u015bwietleniowe \u0142\u0105cz\u0105ce sprawdzone elementy z now\u0105 technologi\u0105. Zaprojektowana do u\u017cytku w sytuacjach taktycznych, w dzie\u0144 i w nocy.<\/p>\n<h2>G\u0142\u00f3wne cechy:<\/h2>\n<ul>\n<li>Emituje do 1500 lumen\u00f3w bia\u0142ego \u015bwiat\u0142a<\/li>\n<li>Dual Fuel: U\u017cywa akumulatora SF18650B lub dw\u00f3ch baterii litowych 123A<\/li>\n<li>Niskoprofilowy monta\u017c (LPM) dla optymalnego pozycjonowania<\/li>\n<li>Hybrydowy wz\u00f3r wi\u0105zki do identyfikacji na du\u017c\u0105 odleg\u0142o\u015b\u0107 i \u015bwiadomo\u015bci sytuacyjnej<\/li>\n<li>Wytrzyma\u0142a dioda LED o wysokiej wydajno\u015bci<\/li>\n<li>Konstrukcja z anodowanego aluminium o specyfikacji wojskowej<\/li>\n<\/ul>\n<h2>Wszechstronno\u015b\u0107 i wydajno\u015b\u0107:<\/h2>\n<p>M640DF-BK-PRO posiada nowy niskoprofilowy monta\u017c (LPM), umo\u017cliwiaj\u0105cy elastyczne pozycjonowanie. Kompatybilny z systemami szyn MIL-STD-1913 i M-LOK. Dioda LED emituje 1500 lumen\u00f3w z bateri\u0105 SF18650B lub 1200 lumen\u00f3w z bateriami 123A, zapewniaj\u0105c r\u00f3wnowag\u0119 mi\u0119dzy zasi\u0119giem a o\u015bwietleniem otoczenia przez soczewk\u0119 TIR.<\/p>\n<h2>Konstrukcja do trudnych warunk\u00f3w:<\/h2>\n<p>Wykonana z lekkiego aluminium lotniczego z anodowanym wyko\u0144czeniem. Uszczelki O-ring zapewniaj\u0105 wodoodporno\u015b\u0107 IPX7. Hartowane szk\u0142o i wytrzyma\u0142a konstrukcja zapewniaj\u0105 odporno\u015b\u0107 na uszkodzenia.<\/p>\n<h2>Specyfikacje techniczne:<\/h2>\n<ul>\n<li>D\u0142ugo\u015b\u0107: 14,1 cm<\/li>\n<li>Waga z bateriami: 156 g<\/li>\n<li>\u015arednica g\u0142owicy: 2,9 cm<\/li>\n<li>Moc: Wysoka &#8211; 1500 lumen\u00f3w (SF18650B) \/ 1200 lumen\u00f3w (123A)<\/li>\n<li>Czas pracy: 1,5 godziny (SF18650B) \/ 1,25 godziny (123A)<\/li>\n<\/ul>\n<\/div>\n","protected":false},"excerpt":{"rendered":"<p>Pot\u0119\u017cna latarka taktyczna o mocy 1500 lumen\u00f3w z uniwersalnym mocowaniem do u\u017cytku na bliskich i dalekich dystansach.<\/p>\n","protected":false},"featured_media":400346,"template":"","meta":{"_acf_changed":false},"product_brand":[11876],"product_cat":[12614,12574],"product_tag":[],"class_list":{"0":"post-408118","1":"product","2":"type-product","3":"status-publish","4":"has-post-thumbnail","6":"product_brand-surefire","7":"product_cat-latarki","8":"product_cat-latarki-karabinowe","10":"first","11":"instock","12":"taxable","13":"shipping-taxable","14":"purchasable","15":"product-type-variable","16":"wvs-archive-product-wrapper"},"acf":[],"_links":{"self":[{"href":"https:\/\/staging.nbg.eu\/pl\/wp-json\/wp\/v2\/product\/408118","targetHints":{"allow":["GET"]}}],"collection":[{"href":"https:\/\/staging.nbg.eu\/pl\/wp-json\/wp\/v2\/product"}],"about":[{"href":"https:\/\/staging.nbg.eu\/pl\/wp-json\/wp\/v2\/types\/product"}],"wp:featuredmedia":[{"embeddable":true,"href":"https:\/\/staging.nbg.eu\/pl\/wp-json\/wp\/v2\/media\/400346"}],"wp:attachment":[{"href":"https:\/\/staging.nbg.eu\/pl\/wp-json\/wp\/v2\/media?parent=408118"}],"wp:term":[{"taxonomy":"product_brand","embeddable":true,"href":"https:\/\/staging.nbg.eu\/pl\/wp-json\/wp\/v2\/product_brand?post=408118"},{"taxonomy":"product_cat","embeddable":true,"href":"https:\/\/staging.nbg.eu\/pl\/wp-json\/wp\/v2\/product_cat?post=408118"},{"taxonomy":"product_tag","embeddable":true,"href":"https:\/\/staging.nbg.eu\/pl\/wp-json\/wp\/v2\/product_tag?post=408118"}],"curies":[{"name":"wp","href":"https:\/\/api.w.org\/{rel}","templated":true}]}}