{"id":405869,"date":"2025-06-30T21:20:05","date_gmt":"2025-06-30T18:20:05","guid":{"rendered":"https:\/\/staging.nbg.eu\/product\/surefire-scout-infrared-light-m640v-pro-tan\/"},"modified":"2025-06-30T21:21:40","modified_gmt":"2025-06-30T18:21:40","slug":"latarka-podczerwieni-surefire-scout-m640v-pro-tan","status":"publish","type":"product","link":"https:\/\/staging.nbg.eu\/pl\/produkt\/latarka-podczerwieni-surefire-scout-m640v-pro-tan\/","title":{"rendered":"Latarka podczerwieni Surefire Scout &#8211; M640V PRO &#8211; Tan"},"content":{"rendered":"<h2>SureFire Scout \u015awiat\u0142o Podczerwone &#8211; M640V PRO &#8211; Kolor Piaskowy<\/h2>\n<p>M640V PRO Scout \u015awiat\u0142o Podczerwone oferuje nast\u0119puj\u0105ce funkcje:<\/p>\n<ul>\n<li>350 lumen\u00f3w bia\u0142ego \u015bwiat\u0142a i 120 mW mocy wyj\u015bciowej w podczerwieni<\/li>\n<li>Nowy niskoprofilowy monta\u017c do optymalnego pozycjonowania na szynach MIL-STD-1913 lub M-LOK<\/li>\n<li>Soczewka TIR do dalekiego zasi\u0119gu wi\u0105zki z odpowiednim \u015bwiat\u0142em otaczaj\u0105cym<\/li>\n<li>Prze\u0142\u0105czanie mi\u0119dzy trybami bia\u0142ym i podczerwonym<\/li>\n<li>Konstrukcja z aluminium lotniczego z anodowanym wyko\u0144czeniem zgodnym z Mil-Spec<\/li>\n<li>Wodoodporno\u015b\u0107 IPX7<\/li>\n<li>Przycisk w\u0142\u0105cznika na ko\u0144cu do \u0142atwej aktywacji<\/li>\n<\/ul>\n<p>Czas pracy 2,5 godziny na wysokim ustawieniu i zasi\u0119g wi\u0105zki 214 metr\u00f3w. M640V PRO jest przeznaczony do operacji \u015brednio- i d\u0142ugodystansowych.<\/p>\n","protected":false},"excerpt":{"rendered":"<p>Wszechstronny reflektor broni IR\/bia\u0142y o mocy 350 lumen\u00f3w i wydajno\u015bci IR 120 mW.<\/p>\n","protected":false},"featured_media":353027,"template":"","meta":{"_acf_changed":false},"product_brand":[11876],"product_cat":[12614,12582,12574],"product_tag":[],"class_list":{"0":"post-405869","1":"product","2":"type-product","3":"status-publish","4":"has-post-thumbnail","6":"product_brand-surefire","7":"product_cat-latarki","8":"product_cat-latarki-edc","9":"product_cat-latarki-karabinowe","11":"first","12":"instock","13":"taxable","14":"shipping-taxable","15":"purchasable","16":"product-type-simple"},"acf":[],"_links":{"self":[{"href":"https:\/\/staging.nbg.eu\/pl\/wp-json\/wp\/v2\/product\/405869","targetHints":{"allow":["GET"]}}],"collection":[{"href":"https:\/\/staging.nbg.eu\/pl\/wp-json\/wp\/v2\/product"}],"about":[{"href":"https:\/\/staging.nbg.eu\/pl\/wp-json\/wp\/v2\/types\/product"}],"wp:featuredmedia":[{"embeddable":true,"href":"https:\/\/staging.nbg.eu\/pl\/wp-json\/wp\/v2\/media\/353027"}],"wp:attachment":[{"href":"https:\/\/staging.nbg.eu\/pl\/wp-json\/wp\/v2\/media?parent=405869"}],"wp:term":[{"taxonomy":"product_brand","embeddable":true,"href":"https:\/\/staging.nbg.eu\/pl\/wp-json\/wp\/v2\/product_brand?post=405869"},{"taxonomy":"product_cat","embeddable":true,"href":"https:\/\/staging.nbg.eu\/pl\/wp-json\/wp\/v2\/product_cat?post=405869"},{"taxonomy":"product_tag","embeddable":true,"href":"https:\/\/staging.nbg.eu\/pl\/wp-json\/wp\/v2\/product_tag?post=405869"}],"curies":[{"name":"wp","href":"https:\/\/api.w.org\/{rel}","templated":true}]}}