{"id":405761,"date":"2025-06-30T21:14:52","date_gmt":"2025-06-30T18:14:52","guid":{"rendered":"https:\/\/staging.nbg.eu\/product\/surefire-plr-b-edc-flashlight-stiletto-pro\/"},"modified":"2025-06-30T21:16:25","modified_gmt":"2025-06-30T18:16:25","slug":"latarka-surefire-plr-b-edc-stiletto-pro","status":"publish","type":"product","link":"https:\/\/staging.nbg.eu\/pl\/produkt\/latarka-surefire-plr-b-edc-stiletto-pro\/","title":{"rendered":"Latarka Surefire PLR-B EDC &#8211; Stiletto Pro"},"content":{"rendered":"<h2>Latarka EDC Surefire PLR-B &#8211; Stiletto Pro<\/h2>\n<p>Stiletto Pro to kompaktowa latarka do codziennego noszenia. Dostarcza 1000 lumen\u00f3w bia\u0142ego \u015bwiat\u0142a LED, wykorzystuj\u0105c reflektor MaxVision Beam\u00ae firmy SureFire.<\/p>\n<ul>\n<li>Trzy programowalne ustawienia: 1000 lumen\u00f3w (wysoki), 300 lumen\u00f3w (\u015bredni) i 25 lumen\u00f3w (niski)<\/li>\n<li>Smuk\u0142a obudowa z aluminium lotniczego<\/li>\n<li>Wyko\u0144czenie anodowane zgodne z Mil-Spec, wodoodporno\u015b\u0107 IPX7<\/li>\n<li>Prze\u0142\u0105cznik taktyczny z opcjonalnym trybem stroboskopowym<\/li>\n<li>Wbudowana bateria litowo-polimerowa \u0142adowana przez USB-C<\/li>\n<li>Wska\u017anik LED poziomu na\u0142adowania baterii<\/li>\n<li>Odwracalny klips ze stali spr\u0119\u017cynowej z pow\u0142ok\u0105 Melonite\u00ae<\/li>\n<\/ul>\n<p>Stiletto Pro ma d\u0142ugo\u015b\u0107 11,4 cm i wa\u017cy 113 gram\u00f3w. Mie\u015bci si\u0119 w kieszeni i zapewnia profesjonalne o\u015bwietlenie.<\/p>\n","protected":false},"excerpt":{"rendered":"<p>Kompaktowa, mocna latarka EDC o mocy 1000 lumen\u00f3w z technologi\u0105 MaxVision Beam\u00ae.<\/p>\n","protected":false},"featured_media":352671,"template":"","meta":{"_acf_changed":false},"product_brand":[11876],"product_cat":[12613,12614,12582],"product_tag":[],"class_list":{"0":"post-405761","1":"product","2":"type-product","3":"status-publish","4":"has-post-thumbnail","6":"product_brand-surefire","7":"product_cat-edc","8":"product_cat-latarki","9":"product_cat-latarki-edc","11":"first","12":"instock","13":"taxable","14":"shipping-taxable","15":"purchasable","16":"product-type-simple"},"acf":[],"_links":{"self":[{"href":"https:\/\/staging.nbg.eu\/pl\/wp-json\/wp\/v2\/product\/405761","targetHints":{"allow":["GET"]}}],"collection":[{"href":"https:\/\/staging.nbg.eu\/pl\/wp-json\/wp\/v2\/product"}],"about":[{"href":"https:\/\/staging.nbg.eu\/pl\/wp-json\/wp\/v2\/types\/product"}],"wp:featuredmedia":[{"embeddable":true,"href":"https:\/\/staging.nbg.eu\/pl\/wp-json\/wp\/v2\/media\/352671"}],"wp:attachment":[{"href":"https:\/\/staging.nbg.eu\/pl\/wp-json\/wp\/v2\/media?parent=405761"}],"wp:term":[{"taxonomy":"product_brand","embeddable":true,"href":"https:\/\/staging.nbg.eu\/pl\/wp-json\/wp\/v2\/product_brand?post=405761"},{"taxonomy":"product_cat","embeddable":true,"href":"https:\/\/staging.nbg.eu\/pl\/wp-json\/wp\/v2\/product_cat?post=405761"},{"taxonomy":"product_tag","embeddable":true,"href":"https:\/\/staging.nbg.eu\/pl\/wp-json\/wp\/v2\/product_tag?post=405761"}],"curies":[{"name":"wp","href":"https:\/\/api.w.org\/{rel}","templated":true}]}}