{"id":405602,"date":"2025-05-05T23:43:01","date_gmt":"2025-05-05T20:43:01","guid":{"rendered":"https:\/\/staging.nbg.eu\/product\/surefire-plr-c-edc-flashlight-stiletto-pro-ii\/"},"modified":"2025-06-30T20:03:56","modified_gmt":"2025-06-30T17:03:56","slug":"latarka-surefire-plr-c-edc-stiletto-pro-ii","status":"publish","type":"product","link":"https:\/\/staging.nbg.eu\/pl\/produkt\/latarka-surefire-plr-c-edc-stiletto-pro-ii\/","title":{"rendered":"Latarka Surefire PLR-C EDC &#8211; Stiletto Pro II"},"content":{"rendered":"<h2>Latarka EDC Surefire PLR-C &#8211; Stiletto Pro II<\/h2>\n<p>Stiletto Pro II to latarka do codziennego noszenia. To urz\u0105dzenie \u0142\u0105czy smuk\u0142y profil z wydajno\u015bci\u0105, dostarczaj\u0105c do 1500 lumen\u00f3w \u015bwiat\u0142a o zasi\u0119gu 375 metr\u00f3w.<\/p>\n<ul>\n<li>Podw\u00f3jna optyka zapewnia 35 000 kandeli do o\u015bwietlania na du\u017ce odleg\u0142o\u015bci<\/li>\n<li>Trzy programowalne ustawienia: Wysokie (1500 lumen\u00f3w), \u015arednie (500 lumen\u00f3w) i Niskie (25 lumen\u00f3w)<\/li>\n<li>Korpus z aluminium lotniczego zapewnia trwa\u0142o\u015b\u0107<\/li>\n<li>Prze\u0142\u0105cznik ogonowy z opcjonalnym stroboskopem o wysokiej cz\u0119stotliwo\u015bci<\/li>\n<li>Wbudowany akumulator litowo-polimerowy \u0142adowany przez USB-C<\/li>\n<li>Wska\u017anik LED poziomu na\u0142adowania baterii<\/li>\n<li>Odwracalny klips kieszonkowy ze stali spr\u0119\u017cynowej z pow\u0142ok\u0105 Melonite<\/li>\n<li>Wodoodporno\u015b\u0107 IPX7 do 1 metra przez 30 minut<\/li>\n<\/ul>\n<p>Stiletto Pro II jest przeznaczony do nawigacji w ciemnych miejscach i do u\u017cytku na zewn\u0105trz. Jego konstrukcja i wydajno\u015b\u0107 sprawiaj\u0105, \u017ce jest odpowiedni dla s\u0142u\u017cb porz\u0105dkowych, personelu wojskowego i codziennych u\u017cytkownik\u00f3w.<\/p>\n","protected":false},"excerpt":{"rendered":"<p>Smuk\u0142a, mocna latarka EDC o mocy 1500 lumen\u00f3w i dalekosi\u0119\u017cnej wi\u0105zce \u015bwiat\u0142a.<\/p>\n","protected":false},"featured_media":352347,"template":"","meta":{"_acf_changed":false},"product_brand":[11876],"product_cat":[12613,12614,12582],"product_tag":[],"class_list":{"0":"post-405602","1":"product","2":"type-product","3":"status-publish","4":"has-post-thumbnail","6":"product_brand-surefire","7":"product_cat-edc","8":"product_cat-latarki","9":"product_cat-latarki-edc","11":"first","12":"outofstock","13":"taxable","14":"shipping-taxable","15":"purchasable","16":"product-type-simple"},"acf":[],"_links":{"self":[{"href":"https:\/\/staging.nbg.eu\/pl\/wp-json\/wp\/v2\/product\/405602","targetHints":{"allow":["GET"]}}],"collection":[{"href":"https:\/\/staging.nbg.eu\/pl\/wp-json\/wp\/v2\/product"}],"about":[{"href":"https:\/\/staging.nbg.eu\/pl\/wp-json\/wp\/v2\/types\/product"}],"wp:featuredmedia":[{"embeddable":true,"href":"https:\/\/staging.nbg.eu\/pl\/wp-json\/wp\/v2\/media\/352347"}],"wp:attachment":[{"href":"https:\/\/staging.nbg.eu\/pl\/wp-json\/wp\/v2\/media?parent=405602"}],"wp:term":[{"taxonomy":"product_brand","embeddable":true,"href":"https:\/\/staging.nbg.eu\/pl\/wp-json\/wp\/v2\/product_brand?post=405602"},{"taxonomy":"product_cat","embeddable":true,"href":"https:\/\/staging.nbg.eu\/pl\/wp-json\/wp\/v2\/product_cat?post=405602"},{"taxonomy":"product_tag","embeddable":true,"href":"https:\/\/staging.nbg.eu\/pl\/wp-json\/wp\/v2\/product_tag?post=405602"}],"curies":[{"name":"wp","href":"https:\/\/api.w.org\/{rel}","templated":true}]}}