{"id":404807,"date":"2025-06-30T12:06:33","date_gmt":"2025-06-30T09:06:33","guid":{"rendered":"https:\/\/staging.nbg.eu\/product\/ammunition-sb-cal-357-mag-fmj-10-25g\/"},"modified":"2025-06-30T12:07:59","modified_gmt":"2025-06-30T09:07:59","slug":"amunicja-sb-kal-357-mag-fmj-1025g","status":"publish","type":"product","link":"https:\/\/staging.nbg.eu\/pl\/produkt\/amunicja-sb-kal-357-mag-fmj-1025g\/","title":{"rendered":"AMUNICJA S&#038;B kal. 357 Mag FMJ 10.25g"},"content":{"rendered":"<div class=\"product-description\">\n<h2>S&amp;B FMJ .357 Magnum 10,25g<\/h2>\n<p>Nab\u00f3j Sellier &amp; Bellot Full Metal Jacket .357 Magnum. Ta amunicja jest przeznaczona dla u\u017cytkownik\u00f3w rewolwer\u00f3w.<\/p>\n<h3>G\u0142\u00f3wne cechy:<\/h3>\n<ul>\n<li>Kaliber: .357 Magnum<\/li>\n<li>Waga pocisku: 158gr\/10,25g Full Metal Jacket (FMJ)<\/li>\n<li>Pr\u0119dko\u015b\u0107 wylotowa: 385 m\/s<\/li>\n<li>Wsp\u00f3\u0142czynnik balistyczny: 0,184<\/li>\n<li>Wsp\u00f3\u0142czynnik mocy: 199,6<\/li>\n<li>Wielko\u015b\u0107 opakowania: 50 sztuk<\/li>\n<\/ul>\n<p>Wyprodukowane przez Sellier &amp; Bellot, producenta amunicji od 1825 roku. Ten nab\u00f3j jest przeznaczony do treningu, zawod\u00f3w i innych aktywno\u015bci strzeleckich.<\/p>\n<p>Ta amunicja jest u\u017cywana przez cywil\u00f3w i personel wojskowy na ca\u0142ym \u015bwiecie. Nab\u00f3j .357 Magnum S&amp;B jest przeznaczony do r\u00f3\u017cnych zastosowa\u0144 strzeleckich.<\/p>\n<\/div>\n","protected":false},"excerpt":{"rendered":"<p>S&amp;B .357 Mag FMJ 10,25g: Mocna, precyzyjna amunicja rewolwerowa do trening\u00f3w<\/p>\n","protected":false},"featured_media":359132,"template":"","meta":{"_acf_changed":false},"product_brand":[],"product_cat":[12598,12608],"product_tag":[],"class_list":{"0":"post-404807","1":"product","2":"type-product","3":"status-publish","4":"has-post-thumbnail","6":"product_cat-amunicja","7":"product_cat-licencjonowany","9":"first","10":"instock","11":"taxable","12":"shipping-taxable","13":"purchasable","14":"product-type-simple"},"acf":[],"_links":{"self":[{"href":"https:\/\/staging.nbg.eu\/pl\/wp-json\/wp\/v2\/product\/404807","targetHints":{"allow":["GET"]}}],"collection":[{"href":"https:\/\/staging.nbg.eu\/pl\/wp-json\/wp\/v2\/product"}],"about":[{"href":"https:\/\/staging.nbg.eu\/pl\/wp-json\/wp\/v2\/types\/product"}],"wp:featuredmedia":[{"embeddable":true,"href":"https:\/\/staging.nbg.eu\/pl\/wp-json\/wp\/v2\/media\/359132"}],"wp:attachment":[{"href":"https:\/\/staging.nbg.eu\/pl\/wp-json\/wp\/v2\/media?parent=404807"}],"wp:term":[{"taxonomy":"product_brand","embeddable":true,"href":"https:\/\/staging.nbg.eu\/pl\/wp-json\/wp\/v2\/product_brand?post=404807"},{"taxonomy":"product_cat","embeddable":true,"href":"https:\/\/staging.nbg.eu\/pl\/wp-json\/wp\/v2\/product_cat?post=404807"},{"taxonomy":"product_tag","embeddable":true,"href":"https:\/\/staging.nbg.eu\/pl\/wp-json\/wp\/v2\/product_tag?post=404807"}],"curies":[{"name":"wp","href":"https:\/\/api.w.org\/{rel}","templated":true}]}}