{"id":39655,"date":"2024-08-26T13:35:02","date_gmt":"2024-09-09T14:49:29","guid":{"rendered":"https:\/\/staging.nbg.eu\/product\/vanward-felt\/"},"modified":"2024-09-09T14:50:51","modified_gmt":"2024-09-09T14:50:51","slug":"vanward-felt","status":"publish","type":"product","link":"https:\/\/staging.nbg.eu\/pl\/produkt\/vanward-felt\/","title":{"rendered":"Vanward Felt"},"content":{"rendered":"<div class=\"product-description\">\n<h2>T\u0142umik Vanward Felt<\/h2>\n<p>Do\u015bwiadcz kolejnej ewolucji w technologii t\u0142umik\u00f3w z Vanward Felt, opracowanym na bazie drukowanych 3D t\u0142umik\u00f3w TE-Titan.<\/p>\n<h2>Kluczowe cechy:<\/h2>\n<ul>\n<li>Zoptymalizowane rozmieszczenie przegr\u00f3d dla lepszego wyr\u00f3wnania ci\u015bnienia<\/li>\n<li>Sze\u015bciok\u0105tny kszta\u0142t zewn\u0119trzny dla zwi\u0119kszonej wytrzyma\u0142o\u015bci i efektywnego ch\u0142odzenia<\/li>\n<li>Niezwykle lekki &#8211; tylko 171 gram\u00f3w*<\/li>\n<li>Drukowany 3D z jednego kawa\u0142ka tytanu klasy 5<\/li>\n<li>Gwintowana sekcja ze stali nierdzewnej<\/li>\n<li>Odporny na wod\u0119, roztwory soli i gazy prochowe<\/li>\n<li>Minimalna przyczepno\u015b\u0107 osad\u00f3w prochowych<\/li>\n<\/ul>\n<h2>Specyfikacja:<\/h2>\n<ul>\n<li>Dost\u0119pne kalibry: .223, .264, .30<\/li>\n<li>Rodzaje gwint\u00f3w: M18x1, M15x1, M14x1, 1\/2*28<\/li>\n<li>Wymiary: \u00d842mm x 130mm d\u0142ugo\u015bci<\/li>\n<\/ul>\n<p>Zaprojektowany przy udziale najlepszych strzelc\u00f3w terenowych, Vanward Felt oferuje niezr\u00f3wnane bezpiecze\u0144stwo, wytrzyma\u0142o\u015b\u0107 i wydajno\u015b\u0107. Zintegrowane \u017ceberka ch\u0142odz\u0105ce i lekka konstrukcja czyni\u0105 go idealnym do zastosowa\u0144 w strzelaniu terenowym.<\/p>\n<p><em>*Waga dla gwintu typu M14x1<\/em><\/p>\n<\/div>\n","protected":false},"excerpt":{"rendered":"<p>Lekki t\u0142umik z tytanu, wydrukowany w technologii 3D, o zoptymalizowanej konstrukcji.<\/p>\n","protected":false},"featured_media":32230,"template":"","meta":{"_acf_changed":false},"product_brand":[11937],"product_cat":[12623,12558,12576],"product_tag":[],"class_list":{"0":"post-39655","1":"product","2":"type-product","3":"status-publish","4":"has-post-thumbnail","6":"product_brand-vanward","7":"product_cat-karabin","8":"product_cat-tlumiki","9":"product_cat-tlumiki-karabinowe","11":"first","12":"instock","13":"taxable","14":"shipping-taxable","15":"purchasable","16":"product-type-variable","17":"wvs-archive-product-wrapper"},"acf":[],"_links":{"self":[{"href":"https:\/\/staging.nbg.eu\/pl\/wp-json\/wp\/v2\/product\/39655","targetHints":{"allow":["GET"]}}],"collection":[{"href":"https:\/\/staging.nbg.eu\/pl\/wp-json\/wp\/v2\/product"}],"about":[{"href":"https:\/\/staging.nbg.eu\/pl\/wp-json\/wp\/v2\/types\/product"}],"wp:featuredmedia":[{"embeddable":true,"href":"https:\/\/staging.nbg.eu\/pl\/wp-json\/wp\/v2\/media\/32230"}],"wp:attachment":[{"href":"https:\/\/staging.nbg.eu\/pl\/wp-json\/wp\/v2\/media?parent=39655"}],"wp:term":[{"taxonomy":"product_brand","embeddable":true,"href":"https:\/\/staging.nbg.eu\/pl\/wp-json\/wp\/v2\/product_brand?post=39655"},{"taxonomy":"product_cat","embeddable":true,"href":"https:\/\/staging.nbg.eu\/pl\/wp-json\/wp\/v2\/product_cat?post=39655"},{"taxonomy":"product_tag","embeddable":true,"href":"https:\/\/staging.nbg.eu\/pl\/wp-json\/wp\/v2\/product_tag?post=39655"}],"curies":[{"name":"wp","href":"https:\/\/api.w.org\/{rel}","templated":true}]}}