{"id":37593,"date":"2024-09-02T16:31:14","date_gmt":"2024-09-02T16:31:14","guid":{"rendered":"https:\/\/staging.nbg.eu\/product\/bcm-mcmr-sm-quick-detachable-sling-mount-m-lok-compatible\/"},"modified":"2024-09-09T14:22:08","modified_gmt":"2024-09-09T14:22:08","slug":"bcm-mcmr-sm-szybkozlaczny-montaz-pasa-kompatybilny-z-m-lok","status":"publish","type":"product","link":"https:\/\/staging.nbg.eu\/pl\/produkt\/bcm-mcmr-sm-szybkozlaczny-montaz-pasa-kompatybilny-z-m-lok\/","title":{"rendered":"BCM\u00ae MCMR-SM Szybkoz\u0142\u0105czny Monta\u017c Pasa (Kompatybilny z M-LOK\u00ae)"},"content":{"rendered":"<div class=\"product-description\">\n<h2>BCM\u00ae MCMR-SM Szybko Od\u0142\u0105czalny Uchwyt na Pas No\u015bny (Kompatybilny z M-LOK\u00ae*)<\/h2>\n<p>Zwi\u0119ksz wszechstronno\u015b\u0107 swojej broni palnej dzi\u0119ki szybko od\u0142\u0105czalnemu uchwytowi na pas no\u015bny BCM\u00ae MCMR-SM. To niskoprofilowe akcesorium zosta\u0142o zaprojektowane z my\u015bl\u0105 o zwi\u0119kszonej mobilno\u015bci i zmniejszonym ryzyku zaczepiania, co czyni je niezb\u0119dnym dodatkiem do Twojego zestawu kompatybilnego z M-LOK\u00ae.<\/p>\n<ul>\n<li>Kompatybilny z M-LOK\u00ae dla \u0142atwej instalacji<\/li>\n<li>Przystosowany do standardowych, szybko od\u0142\u0105czalnych obrotnic pasa no\u015bnego z przyciskiem (nie do\u0142\u0105czone)<\/li>\n<li>8-pozycyjny (360\u00b0) nieobrotowy interfejs blokuj\u0105cy dla optymalnego umieszczenia pasa<\/li>\n<li>Trwa\u0142a, w ca\u0142o\u015bci stalowa konstrukcja zapewnia d\u0142ugotrwa\u0142\u0105 wydajno\u015b\u0107<\/li>\n<\/ul>\n<p>Do\u015bwiadcz zwi\u0119kszonej manewrowo\u015bci i szybkiego mocowania pasa dzi\u0119ki temu wytrzyma\u0142emu, niskoprofilowemu uchwytowi. Uwaga: Szybko od\u0142\u0105czalna obrotnica pasa sprzedawana oddzielnie.<\/p>\n<\/div>\n","protected":false},"excerpt":{"rendered":"<p>Mocowanie pasa BCM\u00ae MCMR-SM QD: Niskoprofilowe, kompatybilne z systemem M-LOK.<\/p>\n","protected":false},"featured_media":37057,"template":"","meta":{"_acf_changed":false},"product_brand":[11074],"product_cat":[12586,12623,12572],"product_tag":[],"class_list":{"0":"post-37593","1":"product","2":"type-product","3":"status-publish","4":"has-post-thumbnail","6":"product_brand-bcm","7":"product_cat-chusty","8":"product_cat-karabin","9":"product_cat-tuning-karabinowy","11":"first","12":"instock","13":"taxable","14":"shipping-taxable","15":"purchasable","16":"product-type-simple"},"acf":[],"_links":{"self":[{"href":"https:\/\/staging.nbg.eu\/pl\/wp-json\/wp\/v2\/product\/37593","targetHints":{"allow":["GET"]}}],"collection":[{"href":"https:\/\/staging.nbg.eu\/pl\/wp-json\/wp\/v2\/product"}],"about":[{"href":"https:\/\/staging.nbg.eu\/pl\/wp-json\/wp\/v2\/types\/product"}],"wp:featuredmedia":[{"embeddable":true,"href":"https:\/\/staging.nbg.eu\/pl\/wp-json\/wp\/v2\/media\/37057"}],"wp:attachment":[{"href":"https:\/\/staging.nbg.eu\/pl\/wp-json\/wp\/v2\/media?parent=37593"}],"wp:term":[{"taxonomy":"product_brand","embeddable":true,"href":"https:\/\/staging.nbg.eu\/pl\/wp-json\/wp\/v2\/product_brand?post=37593"},{"taxonomy":"product_cat","embeddable":true,"href":"https:\/\/staging.nbg.eu\/pl\/wp-json\/wp\/v2\/product_cat?post=37593"},{"taxonomy":"product_tag","embeddable":true,"href":"https:\/\/staging.nbg.eu\/pl\/wp-json\/wp\/v2\/product_tag?post=37593"}],"curies":[{"name":"wp","href":"https:\/\/api.w.org\/{rel}","templated":true}]}}